{"id":9653,"date":"2025-02-01T09:07:16","date_gmt":"2025-02-01T09:07:16","guid":{"rendered":"https:\/\/gamers-zone.de\/?post_type=product&#038;p=9653"},"modified":"2025-12-05T16:24:53","modified_gmt":"2025-12-05T16:24:53","slug":"s-t-a-l-k-e-r-2-heart-of-chornobyl-digital-pc","status":"publish","type":"product","link":"https:\/\/gamers-zone.de\/en\/product\/s-t-a-l-k-e-r-2-heart-of-chornobyl-digital-pc\/","title":{"rendered":"S.T.A.L.K.E.R. 2: Heart of Chornobyl digital (PC)"},"content":{"rendered":"<h5><span style=\"font-size: 14px;\"><strong>Produktbeschreibung f\u00fcr &#8222;S.T.A.L.K.E.R. 2: Heart of Chornobyl&#8220;\u00a0 DAY ONE digital Edition zum download \u00fcber STEAM Plattform (PC)<\/strong><\/span><\/h5>\n<h5><span style=\"font-size: 14px;\">STEAM ACCOUNT zum spielen ben\u00f6tigt, eine Anleitung findest du hier:<\/span> <a href=\"https:\/\/gamers-zone.de\/en\/elementor-7381\/\">Lizenz Aktivierung \u2044 GAMERS-ZONE<\/a><\/h5>\n<h5><span style=\"font-size: 14px;\"><strong>Hersteller<\/strong>: GSC Game World<\/span><br \/>\n<span style=\"font-size: 14px;\"><strong>Publisher<\/strong>: GSC Game World<\/span><\/h5>\n<h5><span style=\"font-size: 14px;\">Erleben Sie mit <strong>&#8222;S.T.A.L.K.E.R. 2: Heart of Chornobyl&#8220;<\/strong> die n\u00e4chste Generation des preisgekr\u00f6nten PC-Spiel-Franchise. Diese Steelbook Edition f\u00fcr den PC bietet nicht nur das fesselnde Basisspiel, sondern auch eine exklusive Sammlerh\u00fclle f\u00fcr Liebhaber.<\/span><\/h5>\n<h5><span style=\"font-size: 14px;\"><strong>Ein episches Abenteuer in der Sperrzone<\/strong><\/span><\/h5>\n<h5><span style=\"font-size: 14px;\">Tauchen Sie ein in die radioaktiv verstrahlte Sperrzone von Tschernobyl, die nach einer zweiten Explosion im Jahr 2006 noch gef\u00e4hrlicher und mysteri\u00f6ser geworden ist. Als einsamer S.T.A.L.K.E.R. erkunden Sie eine nahtlose offene Welt von 64 km\u00b2, die mit atemberaubender Fotorealistik und einer postapokalyptischen Atmosph\u00e4re beeindruckt. Ihre Entscheidungen beeinflussen den Verlauf einer nicht-linearen Geschichte mit mehreren m\u00f6glichen Enden.<\/span><\/h5>\n<h5><span style=\"font-size: 14px;\"><strong>Fesselndes Gameplay und Survival-Elemente<\/strong><\/span><\/h5>\n<ul>\n<li>\n<h5><span style=\"font-size: 14px;\"><strong>Einzigartiges Gameplay<\/strong>: Eine Mischung aus FPS, Horror und Immersive Sim.<\/span><\/h5>\n<\/li>\n<li>\n<h5><span style=\"font-size: 14px;\"><strong>Vielzahl von Feinden<\/strong>: Treffen Sie auf verschiedene Fraktionen und mutierte Kreaturen mit unterschiedlichen Verhaltensmustern.<\/span><\/h5>\n<\/li>\n<li>\n<h5><span style=\"font-size: 14px;\"><strong>Waffenvielfalt<\/strong>: W\u00e4hlen Sie aus \u00fcber 30 Waffentypen und zahlreichen Modifikationen, um hunderte t\u00f6dliche Kombinationen zu erstellen.<\/span><\/h5>\n<\/li>\n<li>\n<h5><span style=\"font-size: 14px;\"><strong>\u00dcberlebensmechaniken<\/strong>: Achten Sie auf Hunger, Schlaf, Blutungen und Strahlung, die das Gameplay bereichern.<\/span><\/h5>\n<\/li>\n<\/ul>\n<h5><span style=\"font-size: 14px;\"><strong>Grafische und technische Highlights<\/strong><\/span><\/h5>\n<h5><span style=\"font-size: 14px;\">Dank modernster Fotogrammetrie- und Scanning-Technologien setzt das Spiel neue Ma\u00dfst\u00e4be in der Grafik. Ein dynamischer Tag-Nacht-Zyklus und wechselnde Wetterbedingungen verst\u00e4rken das immersive Erlebnis. Das fortschrittliche KI-System &#8222;A-life 2.0&#8220; l\u00e4sst die Spielwelt lebendig wirken und sorgt f\u00fcr unvorhersehbare Ereignisse.<\/span><\/h5>\n<h5><span style=\"font-size: 14px;\"><strong>Sprachoptionen und Lokalisierung<\/strong><\/span><\/h5>\n<ul>\n<li>\n<h5><span style=\"font-size: 14px;\"><strong>Textsprache<\/strong>: Deutsch, Englisch, Franz\u00f6sisch, Spanisch, Spanisch lateinamerikanisch, Italienisch, Russisch, Portugiesisch brasilianisch.<\/span><\/h5>\n<\/li>\n<li>\n<h5><span style=\"font-size: 14px;\"><strong>Audiosprache<\/strong>:\u00a0 Englisch sowie Ukrainisch<\/span><\/h5>\n<\/li>\n<\/ul>\n<h5><span style=\"font-size: 14px;\">Die hochwertige Synchronisation und vollst\u00e4ndige Lokalisierung machen das Spiel f\u00fcr Spieler weltweit zug\u00e4nglich.<\/span><\/h5>\n<h5><span style=\"font-size: 14px;\"><strong>Fazit<\/strong><\/span><\/h5>\n<h5><span style=\"font-size: 14px;\"><strong>&#8222;S.T.A.L.K.E.R. 2: Heart of Chornobyl&#8220;<\/strong> bietet ein intensives und atmosph\u00e4risches Spielerlebnis, das Fans von Survival-Horror und Open-World-Spielen begeistern wird. Mit seiner tiefgr\u00fcndigen Story, beeindruckenden Grafik ist dieses Spiel eine Bereicherung f\u00fcr jede Spielesammlung.<\/span><\/h5>\n<h5><span style=\"font-size: 14px;\"><strong>Hinweis<\/strong>: Dieses Spiel ist aufgrund von Gewalt und d\u00fcsteren Themen f\u00fcr Spieler ab 18 Jahren geeignet (USK 18).<\/span><\/h5>\n<h5><span style=\"font-size: 14px;\"><strong>Hinweis<\/strong>: Dieses Produkt ist ein Import aus der EU. Trotz des Imports enth\u00e4lt das Spiel selbst die deutsche Sprache sowie weitere Sprachoptionen, sodass Sie Ihr Spielerlebnis uneingeschr\u00e4nkt genie\u00dfen k\u00f6nnen. Durch den EU-Import k\u00f6nnen wir Ihnen das Spiel zu einem g\u00fcnstigeren Preis anbieten, ohne dass Ihnen dadurch Nachteile entstehen \u2013 Sie erhalten die gleiche hochwertige Qualit\u00e4t wie bei einem in Deutschland gekauften Produkt.<\/span><\/h5>","protected":false},"excerpt":{"rendered":"<h5><span style=\"font-size: 14px;\"><span style=\"font-size: 12px;\">Erleben Sie mit <strong>&#8222;S.T.A.L.K.E.R. 2: Heart of Chornobyl&#8220;<\/strong> die n\u00e4chste Generation des preisgekr\u00f6nten PC-Spiel-Franchise.<\/span> <\/span><\/h5>","protected":false},"featured_media":9656,"comment_status":"open","ping_status":"closed","template":"","meta":{"iawp_total_views":6},"product_brand":[],"product_cat":[106,107,230,117,120,167,118],"product_tag":[1381,1363,1377,1374,1383,1373,1370,1385,1378,1382,482,1371,1376,1369,1386,1372,1384,395,1375,1380,1379],"class_list":{"0":"post-9653","1":"product","2":"type-product","3":"status-publish","4":"has-post-thumbnail","6":"product_cat-abenteuer","7":"product_cat-action","8":"product_cat-computer-spiele","9":"product_cat-ego-perspektive","10":"product_cat-einzelspieler","11":"product_cat-horror","12":"product_cat-open-world","13":"product_tag-dynamischer-tag-nacht-zyklus","14":"product_tag-eu-import","15":"product_tag-fotorealismus","16":"product_tag-fps","17":"product_tag-fraktionen","18":"product_tag-gsc-game-world","19":"product_tag-heart-of-chornobyl","20":"product_tag-horror","21":"product_tag-ki-system-a-life-2-0","22":"product_tag-mutation","23":"product_tag-open-world","24":"product_tag-pc","25":"product_tag-post-apokalyptisch","26":"product_tag-s-t-a-l-k-e-r-2","27":"product_tag-steam","28":"product_tag-steelbook-edition","29":"product_tag-strahlung","30":"product_tag-survival-horror","31":"product_tag-tschernobyl","32":"product_tag-ueberlebensmechaniken","33":"product_tag-waffenvielfalt","34":"product_shipping_class-lagerware","36":"first","37":"instock","38":"virtual","39":"taxable","40":"purchasable","41":"product-type-simple"},"_links":{"self":[{"href":"https:\/\/gamers-zone.de\/en\/wp-json\/wp\/v2\/product\/9653","targetHints":{"allow":["GET"]}}],"collection":[{"href":"https:\/\/gamers-zone.de\/en\/wp-json\/wp\/v2\/product"}],"about":[{"href":"https:\/\/gamers-zone.de\/en\/wp-json\/wp\/v2\/types\/product"}],"replies":[{"embeddable":true,"href":"https:\/\/gamers-zone.de\/en\/wp-json\/wp\/v2\/comments?post=9653"}],"version-history":[{"count":0,"href":"https:\/\/gamers-zone.de\/en\/wp-json\/wp\/v2\/product\/9653\/revisions"}],"wp:featuredmedia":[{"embeddable":true,"href":"https:\/\/gamers-zone.de\/en\/wp-json\/wp\/v2\/media\/9656"}],"wp:attachment":[{"href":"https:\/\/gamers-zone.de\/en\/wp-json\/wp\/v2\/media?parent=9653"}],"wp:term":[{"taxonomy":"product_brand","embeddable":true,"href":"https:\/\/gamers-zone.de\/en\/wp-json\/wp\/v2\/product_brand?post=9653"},{"taxonomy":"product_cat","embeddable":true,"href":"https:\/\/gamers-zone.de\/en\/wp-json\/wp\/v2\/product_cat?post=9653"},{"taxonomy":"product_tag","embeddable":true,"href":"https:\/\/gamers-zone.de\/en\/wp-json\/wp\/v2\/product_tag?post=9653"}],"curies":[{"name":"wp","href":"https:\/\/api.w.org\/{rel}","templated":true}]}}