{"id":9513,"date":"2024-12-29T17:13:06","date_gmt":"2024-12-29T17:13:06","guid":{"rendered":"https:\/\/gamers-zone.de\/?post_type=product&#038;p=9513"},"modified":"2026-05-02T09:18:01","modified_gmt":"2026-05-02T09:18:01","slug":"dxracer-master-xl-hochwertiger-stoff","status":"publish","type":"product","link":"https:\/\/gamers-zone.de\/en\/product\/dxracer-master-xl-hochwertiger-stoff\/","title":{"rendered":"DXRacer MASTER XL hochwertiger Stoff"},"content":{"rendered":"<h5><span style=\"font-size: 14px;\">DXRacer Master Series, eine Kombination aus Luxus und un\u00fcbertroffenem Komfort auf h\u00f6chstem Niveau. Dieser bahnbrechende Gaming- und B\u00fcrostuhl wird Ihre Erfahrung revolutionieren, ganz gleich, ob Sie ihn als Erg\u00e4nzung zu Ihrem Arbeitsplatz oder als Gaming-Stuhl verwenden. Der Schreibtischstuhl ist mit einer h\u00f6henverstellbaren Kopfst\u00fctze aus hochdichtem, langsam r\u00fcckfederndem Memory-Schaumstoff ausgestattet, und die integrierte 4D-Lendenwirbelst\u00fctze st\u00fctzt Ihre Wirbels\u00e4ule optimal.<\/span><\/h5>\n<h5><span style=\"font-size: 14px;\">Die Master Series bietet einen Neigungswinkel der R\u00fcckenlehne von 90 bis 135 Grad, um Ihrer bevorzugten Sitzhaltung gerecht zu werden. Der multifunktionale Neigungsmechanismus erm\u00f6glicht es Ihnen, in Ihrem bevorzugten Winkel zu sitzen und den Sitz in Ihrer perfekten Position zu fixieren. Die vielseitigen Armlehnen helfen Ihnen, die richtige Position zu finden, um Ihren Nacken und Ihre Schultern zu entlasten. Der Kaltschaum im Sitz bietet Ihnen hervorragenden Komfort und Ergonomie, wenn Sie lange Stunden in Ihrem Spielzimmer oder Home Office verbringen.<\/span><\/h5>\n<h5><span style=\"font-size: 14px;\">Der hochbelastbare Radstand ist unvergleichlich robust und langlebig, und die verbesserten, breiteren Rollen sorgen f\u00fcr ein besseres Schwenken auf allen Oberfl\u00e4chen. Alle Premium-Komponenten in diesem Gaming-Stuhl machen ihn sowohl extrem langlebig als auch stabil. Der zertifizierte Gaslift der Klasse 4 hat eine maximale Tragf\u00e4higkeit von 150 kg und die empfohlene Sitzh\u00f6he betr\u00e4gt bis zu 190 cm.<\/span><\/h5>\n<h5><span style=\"font-size: 14px;\">Eigenschaften<\/span><br \/>\n<span style=\"font-size: 14px;\">Stuhltyp: B\u00fcro\/Gaming<\/span><br \/>\n<span style=\"font-size: 14px;\">Polstermaterial: Hochwertiger Stoff<\/span><br \/>\n<span style=\"font-size: 14px;\">Schaumstofftyp: Hochdichter, formgebender Schaumstoff<\/span><br \/>\n<span style=\"font-size: 14px;\">Armlehnen: 4-direktional<\/span><br \/>\n<span style=\"font-size: 14px;\">Rahmenkonstruktion: Stahl<\/span><br \/>\n<span style=\"font-size: 14px;\">Neigungsfunktion: Mehrfachneigung<\/span><br \/>\n<span style=\"font-size: 14px;\">Neigungswinkelsperre: Ja<\/span><br \/>\n<span style=\"font-size: 14px;\">Hydraulik: Gaskolben Klasse 4<\/span><br \/>\n<span style=\"font-size: 14px;\">Fu\u00dfkreuz: Verst\u00e4rktes Aluminium &#8211; Heavy Duty+<\/span><br \/>\n<span style=\"font-size: 14px;\">Rollen: 2,95 Zoll \/ 7,5 cm PU-beschichtet<\/span><br \/>\n<span style=\"font-size: 14px;\">Kopfpolster: Ja<\/span><br \/>\n<span style=\"font-size: 14px;\">Farbe: Schwarz<\/span><\/h5>\n<h5><span style=\"font-size: 14px;\">Gr\u00f6\u00dfe und Gewicht<\/span><br \/>\n<span style=\"font-size: 14px;\">Maximale: Belastung 150 kg<\/span><br \/>\n<span style=\"font-size: 14px;\">R\u00fcckenlehne: 90-135 \u00b0<\/span><br \/>\n<span style=\"font-size: 14px;\">Packma\u00df (LxBxH): 85x72x37 cm<\/span><br \/>\n<span style=\"font-size: 14px;\">Gewicht: 29,6 kg<\/span><\/h5>\n<h5><span style=\"font-size: 14px;\">Die empfohlene K\u00f6rpergr\u00f6\u00dfe betr\u00e4gt bis zu 190 cm.<\/span><\/h5>\n<h5><span style=\"font-size: 14px;\">Garantie 2 Jahre Garantie<\/span><\/h5>","protected":false},"excerpt":{"rendered":"<h5><span style=\"font-size: 14px;\"><span style=\"font-size: 12px;\">DXRacer Master Series, eine Kombination aus Luxus und un\u00fcbertroffenem Komfort auf h\u00f6chstem Niveau.<\/span> <\/span><\/h5>","protected":false},"featured_media":9519,"comment_status":"open","ping_status":"closed","template":"","meta":{"iawp_total_views":78},"product_brand":[],"product_cat":[128,150],"product_tag":[],"class_list":{"0":"post-9513","1":"product","2":"type-product","3":"status-publish","4":"has-post-thumbnail","6":"product_cat-gaming-ausstattung","7":"product_cat-gaming-stuehle","8":"product_shipping_class-grosse-artikel","10":"first","11":"instock","12":"sale","13":"taxable","14":"shipping-taxable","15":"purchasable","16":"product-type-variable"},"_links":{"self":[{"href":"https:\/\/gamers-zone.de\/en\/wp-json\/wp\/v2\/product\/9513","targetHints":{"allow":["GET"]}}],"collection":[{"href":"https:\/\/gamers-zone.de\/en\/wp-json\/wp\/v2\/product"}],"about":[{"href":"https:\/\/gamers-zone.de\/en\/wp-json\/wp\/v2\/types\/product"}],"replies":[{"embeddable":true,"href":"https:\/\/gamers-zone.de\/en\/wp-json\/wp\/v2\/comments?post=9513"}],"version-history":[{"count":0,"href":"https:\/\/gamers-zone.de\/en\/wp-json\/wp\/v2\/product\/9513\/revisions"}],"wp:featuredmedia":[{"embeddable":true,"href":"https:\/\/gamers-zone.de\/en\/wp-json\/wp\/v2\/media\/9519"}],"wp:attachment":[{"href":"https:\/\/gamers-zone.de\/en\/wp-json\/wp\/v2\/media?parent=9513"}],"wp:term":[{"taxonomy":"product_brand","embeddable":true,"href":"https:\/\/gamers-zone.de\/en\/wp-json\/wp\/v2\/product_brand?post=9513"},{"taxonomy":"product_cat","embeddable":true,"href":"https:\/\/gamers-zone.de\/en\/wp-json\/wp\/v2\/product_cat?post=9513"},{"taxonomy":"product_tag","embeddable":true,"href":"https:\/\/gamers-zone.de\/en\/wp-json\/wp\/v2\/product_tag?post=9513"}],"curies":[{"name":"wp","href":"https:\/\/api.w.org\/{rel}","templated":true}]}}