{"id":9484,"date":"2024-12-29T10:17:43","date_gmt":"2024-12-29T10:17:43","guid":{"rendered":"https:\/\/gamers-zone.de\/?post_type=product&#038;p=9484"},"modified":"2026-05-14T12:41:52","modified_gmt":"2026-05-14T12:41:52","slug":"dxracer-drifting-xl-pink-stoff","status":"publish","type":"product","link":"https:\/\/gamers-zone.de\/en\/product\/dxracer-drifting-xl-pink-stoff\/","title":{"rendered":"DXRacer DRIFTING XL Pink Stoff"},"content":{"rendered":"<h5><span style=\"font-size: 14px;\">Die Drifting-Serie von DXRacer ist ein B\u00fcro- und Gaming-Stuhl der Einstiegsklasse, der \u00fcber alle notwendigen Komponenten verf\u00fcgt, um auch lange Sitzungen komfortabel zu gestalten. Die dicke und ausgepr\u00e4gte Seitenw\u00f6lbung sowie der dichte und extrem strapazierf\u00e4hige Kaltschaum bieten zus\u00e4tzliche Stabilit\u00e4t f\u00fcr Taille und Oberk\u00f6rper, was zu einer aufrechten K\u00f6rperhaltung beitr\u00e4gt.<\/span><\/h5>\n<h5><span style=\"font-size: 14px;\">Die konventionelle Bedieneinheit ist in horizontaler Position arretierbar, die Armlehnen sind 3-dimensional verstellbar. Die voll verstellbare R\u00fcckenlehne (zwischen 90 und 135 Grad) erm\u00f6glicht zusammen mit der mitgelieferten Kopfst\u00fctze und dem gew\u00f6lbten Lendenkissen eine zus\u00e4tzliche individuelle Anpassung. Das verst\u00e4rkte Aluminium-Fahrgestell sorgt zusammen mit den PU-Rollen f\u00fcr ein leichtes Fahren auf ebenen Fl\u00e4chen. Die maximale Tragf\u00e4higkeit des zertifizierten Gasliftes der Klasse 4 betr\u00e4gt 150 kg, die empfohlene H\u00f6he betr\u00e4gt bis zu 200 cm.<\/span><\/h5>\n<h5><span style=\"font-size: 14px;\">Merkmale des Stuhls<\/span><br \/>\n<span style=\"font-size: 14px;\">Stuhltyp: B\u00fcro\/Gaming<\/span><br \/>\n<span style=\"font-size: 14px;\">Polstermaterial: Hochwertiger Stoff<\/span><br \/>\n<span style=\"font-size: 14px;\">Schaumstofftyp: Hochdichter Formschaum<\/span><br \/>\n<span style=\"font-size: 14px;\">Armlehnen: 3-direktional<\/span><br \/>\n<span style=\"font-size: 14px;\">Rahmenkonstruktion: Stahl<\/span><br \/>\n<span style=\"font-size: 14px;\">Neigungsfunktion: Vollst\u00e4ndige Neigung<\/span><br \/>\n<span style=\"font-size: 14px;\">Neigungswinkelsperre: Nein<\/span><br \/>\n<span style=\"font-size: 14px;\">Hydraulischer Gaskolben Klasse 4<\/span><br \/>\n<span style=\"font-size: 14px;\">Fu\u00dfkreuz: Verst\u00e4rktes Aluminium<\/span><br \/>\n<span style=\"font-size: 14px;\">Rollen: 2,36 Zoll \/ 6 cm PU-beschichtet<\/span><br \/>\n<span style=\"font-size: 14px;\">Kopfst\u00fctze: Ja<\/span><br \/>\n<span style=\"font-size: 14px;\">Lendenwirbelst\u00fctze: Ja<\/span><br \/>\n<span style=\"font-size: 14px;\">Farbe: Pink<\/span><\/h5>\n<h5><span style=\"font-size: 14px;\">Gr\u00f6\u00dfe und Gewicht<\/span><br \/>\n<span style=\"font-size: 14px;\">Empfohlene K\u00f6rpergr\u00f6\u00dfe: 180-200 cm<\/span><br \/>\n<span style=\"font-size: 14px;\">Maximale Belastung: 150 kg<\/span><br \/>\n<span style=\"font-size: 14px;\">Liegeposition: 90-135<\/span><br \/>\n<span style=\"font-size: 14px;\">Gr\u00f6\u00dfe Armlehnenkissen (LxB): 25&#215;9 cm<\/span><br \/>\n<span style=\"font-size: 14px;\">Packma\u00df (LxBxH): 85x72x37 cm<\/span><br \/>\n<span style=\"font-size: 14px;\">Gewicht: 23,7 kg<\/span><\/h5>\n<h5><span style=\"font-size: 14px;\">Garantie 2 Jahre Garantie<\/span><\/h5>\n<h5><\/h5>","protected":false},"excerpt":{"rendered":"<h5><span style=\"font-size: 12px;\">Die Drifting-Serie von DXRacer ist ein B\u00fcro- und Gaming-Stuhl der Einstiegsklasse mit allen notwendigen Komponenten, um lange Sitzungen bequem zu gestalten. <\/span><\/h5>","protected":false},"featured_media":9491,"comment_status":"open","ping_status":"closed","template":"","meta":{"iawp_total_views":16},"product_brand":[3064],"product_cat":[150],"product_tag":[],"class_list":{"0":"post-9484","1":"product","2":"type-product","3":"status-publish","4":"has-post-thumbnail","6":"product_brand-dxracer","7":"product_cat-gaming-stuehle","8":"product_shipping_class-grosse-artikel","10":"first","11":"instock","12":"sale","13":"taxable","14":"shipping-taxable","15":"purchasable","16":"product-type-simple"},"_links":{"self":[{"href":"https:\/\/gamers-zone.de\/en\/wp-json\/wp\/v2\/product\/9484","targetHints":{"allow":["GET"]}}],"collection":[{"href":"https:\/\/gamers-zone.de\/en\/wp-json\/wp\/v2\/product"}],"about":[{"href":"https:\/\/gamers-zone.de\/en\/wp-json\/wp\/v2\/types\/product"}],"replies":[{"embeddable":true,"href":"https:\/\/gamers-zone.de\/en\/wp-json\/wp\/v2\/comments?post=9484"}],"version-history":[{"count":1,"href":"https:\/\/gamers-zone.de\/en\/wp-json\/wp\/v2\/product\/9484\/revisions"}],"predecessor-version":[{"id":14004,"href":"https:\/\/gamers-zone.de\/en\/wp-json\/wp\/v2\/product\/9484\/revisions\/14004"}],"wp:featuredmedia":[{"embeddable":true,"href":"https:\/\/gamers-zone.de\/en\/wp-json\/wp\/v2\/media\/9491"}],"wp:attachment":[{"href":"https:\/\/gamers-zone.de\/en\/wp-json\/wp\/v2\/media?parent=9484"}],"wp:term":[{"taxonomy":"product_brand","embeddable":true,"href":"https:\/\/gamers-zone.de\/en\/wp-json\/wp\/v2\/product_brand?post=9484"},{"taxonomy":"product_cat","embeddable":true,"href":"https:\/\/gamers-zone.de\/en\/wp-json\/wp\/v2\/product_cat?post=9484"},{"taxonomy":"product_tag","embeddable":true,"href":"https:\/\/gamers-zone.de\/en\/wp-json\/wp\/v2\/product_tag?post=9484"}],"curies":[{"name":"wp","href":"https:\/\/api.w.org\/{rel}","templated":true}]}}