{"id":9458,"date":"2024-12-29T09:40:19","date_gmt":"2024-12-29T09:40:19","guid":{"rendered":"https:\/\/gamers-zone.de\/?post_type=product&#038;p=9458"},"modified":"2026-05-02T09:16:08","modified_gmt":"2026-05-02T09:16:08","slug":"dxracer-drifting-xl-black-epu-leder","status":"publish","type":"product","link":"https:\/\/gamers-zone.de\/en\/product\/dxracer-drifting-xl-black-epu-leder\/","title":{"rendered":"DXRacer DRIFTING XL Black EPU Leder"},"content":{"rendered":"<h5><span style=\"font-size: 16px;\">Die Drifting-Serie von DXRacer ist ein B\u00fcro- und Gaming-Stuhl der Einstiegsklasse mit allen notwendigen Komponenten, um lange Sitzungen bequem zu gestalten. Die dicke und ausgepr\u00e4gte W\u00f6lbung der Seiten sowie der dichte und extrem widerstandsf\u00e4hige Kaltschaum bieten zus\u00e4tzliche Stabilit\u00e4t f\u00fcr Taille und Oberk\u00f6rper, was zu einer geraden K\u00f6rperhaltung beitr\u00e4gt.<\/span><\/h5>\n<h5><span style=\"font-size: 16px;\">Die konventionelle Bedieneinheit ist in horizontaler Position arretierbar und die Armlehnen sind in 3 Dimensionen verstellbar. Die vollst\u00e4ndig verstellbare R\u00fcckenlehne (zwischen 90 und 135 Grad) erm\u00f6glicht zusammen mit der mitgelieferten Kopfst\u00fctze und dem gebogenen Lendenkissen eine zus\u00e4tzliche individuelle Anpassung. Das verst\u00e4rkte Aluminium-Radgestell zusammen mit den PU-Rollen l\u00e4sst den Stuhl sanft \u00fcber ebene Fl\u00e4chen rollen. Die maximale Tragf\u00e4higkeit des zertifizierten Gaslifts der Klasse 4 betr\u00e4gt 150 kg, und die empfohlene H\u00f6he liegt bei bis zu 200 cm.<\/span><\/h5>\n<h5><span style=\"font-size: 16px;\"><strong>Eigenschaften<\/strong><\/span><br \/>\n<span style=\"font-size: 16px;\">Stuhltyp: B\u00fcrostuhl\/Gaming<\/span><br \/>\n<span style=\"font-size: 16px;\">Polstermaterial: <\/span><span style=\"font-size: 16px;\">EPU-Lederimitat<\/span><\/h5>\n<h5><span style=\"font-size: 16px;\">Schaumtyp: Hochdichter, formgepresster Schaum<\/span><br \/>\n<span style=\"font-size: 16px;\">Armlehnen: 3-dimensional verstellbar<\/span><br \/>\n<span style=\"font-size: 16px;\">Rahmenkonstruktion: Stahl<\/span><br \/>\n<span style=\"font-size: 16px;\">Neigefunktion: Volle Neigung<\/span><br \/>\n<span style=\"font-size: 16px;\">Neigungswinkel-Arretierung: Nein<\/span><br \/>\n<span style=\"font-size: 16px;\">Gasdruckfeder: Klasse 4<\/span><br \/>\n<span style=\"font-size: 16px;\">Basis: Verst\u00e4rktes Aluminium<\/span><br \/>\n<span style=\"font-size: 16px;\">Rollen: 2,36 Zoll \/ 6 cm PU-beschichtet<\/span><br \/>\n<span style=\"font-size: 16px;\">Kopfkissen: Ja<\/span><br \/>\n<span style=\"font-size: 16px;\">Lendenkissen: Ja<\/span><br \/>\n<span style=\"font-size: 16px;\">Farbe: schwarz<\/span><\/h5>\n<h5><span style=\"font-size: 16px;\"><strong>Gr\u00f6\u00dfe &amp; Gewicht<\/strong><\/span><br \/>\n<span style=\"font-size: 16px;\">Empfohlene K\u00f6rpergr\u00f6\u00dfe: 180-200 cm<\/span><br \/>\n<span style=\"font-size: 16px;\">Maximale Belastung: 150 kg<\/span><br \/>\n<span style=\"font-size: 16px;\">R\u00fcckenlehne: 90-135\u00b0<\/span><br \/>\n<span style=\"font-size: 16px;\">Gr\u00f6\u00dfe der Armlehnenpolster (LxB): 25&#215;9 cm<\/span><br \/>\n<span style=\"font-size: 16px;\">Verpackungsgr\u00f6\u00dfe (LxBxH): 85x72x37 cm<\/span><br \/>\n<span style=\"font-size: 16px;\">Gewicht: 23,7 kg<\/span><\/h5>\n<h5><span style=\"font-size: 16px;\"><strong>Garantie<\/strong><\/span><br \/>\n<span style=\"font-size: 16px;\">Garantie: 2 Jahre Garantie<\/span><\/h5>","protected":false},"excerpt":{"rendered":"<h5><span style=\"font-size: 12px;\">Die Drifting-Serie von DXRacer ist ein B\u00fcro- und Gaming-Stuhl der Einstiegsklasse mit allen notwendigen Komponenten, um lange Sitzungen bequem zu gestalten. <\/span><\/h5>","protected":false},"featured_media":9465,"comment_status":"open","ping_status":"closed","template":"","meta":{"iawp_total_views":27},"product_brand":[],"product_cat":[150],"product_tag":[],"class_list":{"0":"post-9458","1":"product","2":"type-product","3":"status-publish","4":"has-post-thumbnail","6":"product_cat-gaming-stuehle","7":"product_shipping_class-grosse-artikel","9":"first","10":"instock","11":"sale","12":"taxable","13":"shipping-taxable","14":"purchasable","15":"product-type-simple"},"_links":{"self":[{"href":"https:\/\/gamers-zone.de\/en\/wp-json\/wp\/v2\/product\/9458","targetHints":{"allow":["GET"]}}],"collection":[{"href":"https:\/\/gamers-zone.de\/en\/wp-json\/wp\/v2\/product"}],"about":[{"href":"https:\/\/gamers-zone.de\/en\/wp-json\/wp\/v2\/types\/product"}],"replies":[{"embeddable":true,"href":"https:\/\/gamers-zone.de\/en\/wp-json\/wp\/v2\/comments?post=9458"}],"version-history":[{"count":0,"href":"https:\/\/gamers-zone.de\/en\/wp-json\/wp\/v2\/product\/9458\/revisions"}],"wp:featuredmedia":[{"embeddable":true,"href":"https:\/\/gamers-zone.de\/en\/wp-json\/wp\/v2\/media\/9465"}],"wp:attachment":[{"href":"https:\/\/gamers-zone.de\/en\/wp-json\/wp\/v2\/media?parent=9458"}],"wp:term":[{"taxonomy":"product_brand","embeddable":true,"href":"https:\/\/gamers-zone.de\/en\/wp-json\/wp\/v2\/product_brand?post=9458"},{"taxonomy":"product_cat","embeddable":true,"href":"https:\/\/gamers-zone.de\/en\/wp-json\/wp\/v2\/product_cat?post=9458"},{"taxonomy":"product_tag","embeddable":true,"href":"https:\/\/gamers-zone.de\/en\/wp-json\/wp\/v2\/product_tag?post=9458"}],"curies":[{"name":"wp","href":"https:\/\/api.w.org\/{rel}","templated":true}]}}