{"id":9394,"date":"2024-12-29T07:56:22","date_gmt":"2024-12-29T07:56:22","guid":{"rendered":"https:\/\/gamers-zone.de\/?post_type=product&#038;p=9394"},"modified":"2026-05-14T12:42:33","modified_gmt":"2026-05-14T12:42:33","slug":"dxracer-prince-l-stoff","status":"publish","type":"product","link":"https:\/\/gamers-zone.de\/en\/product\/dxracer-prince-l-stoff\/","title":{"rendered":"DXRacer PRINCE L Stoff"},"content":{"rendered":"<h5><span style=\"font-size: 14px;\">DXRacer hat den Prince L mit dem Ziel entwickelt, die Grenzen zwischen dem Erhalt von Komponenten und dem Gef\u00fchl eines Premium-Gaming-Stuhls zu einem Einstiegspreis zu verschieben. Die hochwertige Kaltschaumpolsterung, die den langlebigen, stoffbezogenen Stahlrahmen umgibt, ist ergonomisch gestaltet, um lange Spielsessions oder Arbeiten vor dem PC zu unterst\u00fctzen.<\/span><\/h5>\n<h5><span style=\"font-size: 14px;\">Die konventionelle Bedieneinheit erm\u00f6glicht es, den Sitz entweder zu entriegeln und nach vorne oder hinten zu kippen, oder den Sitz vollst\u00e4ndig in einer horizontalen Position zu arretieren. Die h\u00f6henverstellbaren 1D-Armlehnen und die mitgelieferten Kopf- und Lendenkissen erm\u00f6glichen dem Benutzer, seine bevorzugte Sitzposition zu finden.<\/span><\/h5>\n<h5><span style=\"font-size: 14px;\">Ein robustes 5-Sterne-Nylon-Fahrgestell mit 6 cm gro\u00dfen PU-beschichteten Rollen sorgt f\u00fcr ein leichtes Rollen des Stuhls auf ebenen Fl\u00e4chen. Die maximale Tragkraft der zertifizierten Gasfeder der Klasse 4 betr\u00e4gt 150 kg, die empfohlene Sitzh\u00f6he betr\u00e4gt bis zu 185 cm.<\/span><\/h5>\n<h5><span style=\"font-size: 14px;\">Eigenschaften<\/span><br \/>\n<span style=\"font-size: 14px;\">Stuhltyp: B\u00fcro\/Gaming<\/span><br \/>\n<span style=\"font-size: 14px;\">Polstermaterial: Hochwertiger Stoff<\/span><br \/>\n<span style=\"font-size: 14px;\">Schaumstofftyp: Hochdichter, formgebender Schaumstoff<\/span><br \/>\n<span style=\"font-size: 14px;\">Armlehnen: 1-direktional<\/span><br \/>\n<span style=\"font-size: 14px;\">Rahmenkonstruktion: Stahl<\/span><br \/>\n<span style=\"font-size: 14px;\">Neigungsfunktion: Vollst\u00e4ndige Neigung<\/span><br \/>\n<span style=\"font-size: 14px;\">Neigungswinkelsperre: Nein<\/span><br \/>\n<span style=\"font-size: 14px;\">Hydraulik: Gaskolben Klasse 4<\/span><br \/>\n<span style=\"font-size: 14px;\">Fu\u00dfkreuz: Premium-Nylon<\/span><br \/>\n<span style=\"font-size: 14px;\">Rollen: 2,36 Zoll \/ 6 cm PU-beschichtet<\/span><br \/>\n<span style=\"font-size: 14px;\">Kopfpolster: Ja<\/span><br \/>\n<span style=\"font-size: 14px;\">Lendenkissen: Ja<\/span><\/h5>\n<h5><span style=\"font-size: 14px;\">Gr\u00f6\u00dfe und Gewicht<\/span><br \/>\n<span style=\"font-size: 14px;\">Empfohlene K\u00f6rpergr\u00f6\u00dfe: 145-185 cm<\/span><br \/>\n<span style=\"font-size: 14px;\">Maximale Belastung: 150 kg<\/span><br \/>\n<span style=\"font-size: 14px;\">R\u00fcckenlehne: 90-135 \u00b0<\/span><br \/>\n<span style=\"font-size: 14px;\">Gr\u00f6\u00dfe des Armlehnenpolsters: (LxB) 25&#215;9 cm<\/span><br \/>\n<span style=\"font-size: 14px;\">Packma\u00df: (LxBxH) 87x67x32 cm<\/span><br \/>\n<span style=\"font-size: 14px;\">Gewicht: 20 kg<\/span><\/h5>\n<h5><span style=\"font-size: 14px;\">Garantie 2 Jahre Garantie<\/span><\/h5>","protected":false},"excerpt":{"rendered":"<p>DXRacer hat den Prince L mit dem Ziel entwickelt, die Grenzen zwischen dem Erhalt von Komponenten und dem Gef\u00fchl eines Premium-Gaming-Stuhls zu einem Einstiegspreis zu verschieben.<\/p>","protected":false},"featured_media":9400,"comment_status":"open","ping_status":"closed","template":"","meta":{"iawp_total_views":33},"product_brand":[3064],"product_cat":[128,150],"product_tag":[],"class_list":{"0":"post-9394","1":"product","2":"type-product","3":"status-publish","4":"has-post-thumbnail","6":"product_brand-dxracer","7":"product_cat-gaming-ausstattung","8":"product_cat-gaming-stuehle","9":"product_shipping_class-grosse-artikel","11":"first","12":"instock","13":"sale","14":"taxable","15":"shipping-taxable","16":"purchasable","17":"product-type-variable"},"_links":{"self":[{"href":"https:\/\/gamers-zone.de\/en\/wp-json\/wp\/v2\/product\/9394","targetHints":{"allow":["GET"]}}],"collection":[{"href":"https:\/\/gamers-zone.de\/en\/wp-json\/wp\/v2\/product"}],"about":[{"href":"https:\/\/gamers-zone.de\/en\/wp-json\/wp\/v2\/types\/product"}],"replies":[{"embeddable":true,"href":"https:\/\/gamers-zone.de\/en\/wp-json\/wp\/v2\/comments?post=9394"}],"version-history":[{"count":1,"href":"https:\/\/gamers-zone.de\/en\/wp-json\/wp\/v2\/product\/9394\/revisions"}],"predecessor-version":[{"id":14008,"href":"https:\/\/gamers-zone.de\/en\/wp-json\/wp\/v2\/product\/9394\/revisions\/14008"}],"wp:featuredmedia":[{"embeddable":true,"href":"https:\/\/gamers-zone.de\/en\/wp-json\/wp\/v2\/media\/9400"}],"wp:attachment":[{"href":"https:\/\/gamers-zone.de\/en\/wp-json\/wp\/v2\/media?parent=9394"}],"wp:term":[{"taxonomy":"product_brand","embeddable":true,"href":"https:\/\/gamers-zone.de\/en\/wp-json\/wp\/v2\/product_brand?post=9394"},{"taxonomy":"product_cat","embeddable":true,"href":"https:\/\/gamers-zone.de\/en\/wp-json\/wp\/v2\/product_cat?post=9394"},{"taxonomy":"product_tag","embeddable":true,"href":"https:\/\/gamers-zone.de\/en\/wp-json\/wp\/v2\/product_tag?post=9394"}],"curies":[{"name":"wp","href":"https:\/\/api.w.org\/{rel}","templated":true}]}}