{"id":8965,"date":"2024-11-25T15:02:40","date_gmt":"2024-11-25T15:02:40","guid":{"rendered":"https:\/\/gamers-zone.de\/produkt\/gutscheinkarte\/"},"modified":"2025-02-04T13:34:57","modified_gmt":"2025-02-04T13:34:57","slug":"gutscheinkarte","status":"publish","type":"product","link":"https:\/\/gamers-zone.de\/en\/product\/gutscheinkarte\/","title":{"rendered":"Gift voucher card to give away!"},"content":{"rendered":"<h5><span style=\"font-size: 14px;\"><strong>Die ideale Geschenkidee f\u00fcr jeden Anlass und ihre Liebsten. Sch\u00f6ne Momente verschenken war noch nie so einfach!<\/strong><\/span><\/h5>\n<h5><span style=\"font-size: 14px;\">Unsere Geschenkgutscheine sind das perfekte Geschenk f\u00fcr jeden Anlass \u2013 sei es Geburtstag, Weihnachten, ein Jubil\u00e4um oder einfach eine kleine \u00dcberraschung zwischendurch. W\u00e4hlen Sie den gew\u00fcnschten Betrag \u2013 25 \u20ac, 50 \u20ac, 75 \u20ac oder 100 \u20ac \u2013 und schenken Sie damit nicht nur einen Gutschein, sondern grenzenlose M\u00f6glichkeiten zur freien Auswahl im gesamten Shop.<\/span><\/h5>\n<h5><span style=\"font-size: 14px;\"><strong>Vielf\u00e4ltige Motivauswahl f\u00fcr pers\u00f6nliche Note<\/strong><\/span><\/h5>\n<h5><span style=\"font-size: 14px;\">Jeder Gutschein wird mit unterschiedlichen, ansprechenden Motiven angeboten, die zu verschiedensten Anl\u00e4ssen passen. So l\u00e4sst sich der Gutschein individuell an den Empf\u00e4nger anpassen und sorgt f\u00fcr ein pers\u00f6nliches und durchdachtes Pr\u00e4sent. Ob f\u00fcr Freunde, Familie oder Kollegen \u2013 mit unseren Gutscheinen liegen Sie immer gold richtig.<\/span><\/h5>\n<h5><span style=\"font-size: 14px;\"><strong>Schnell und unkompliziert zum Ausdrucken. Sparen sie ihre Zeit f\u00fcr die sch\u00f6nen Momente im Leben.<\/strong><\/span><\/h5>\n<p>Vorgehensweise:<\/p>\n<ol>\n<li>\n<h5><span style=\"font-size: 14px;\">Betrag ausw\u00e4hlen &gt; 25,- 50,- 75,- oder 100,- Euro.<\/span><\/h5>\n<\/li>\n<li>\n<h5><span style=\"font-size: 14px;\">Eins von unseren f\u00fcnf Motiven ausw\u00e4hlen.<\/span><\/h5>\n<\/li>\n<li>\n<h5><span style=\"font-size: 14px;\">E-Mail Adresse des Empf\u00e4ngers f\u00fcr den Gutscheincode eingeben.<\/span><\/h5>\n<\/li>\n<li>\n<h5><span style=\"font-size: 14px;\">Namen des Absenders eingeben und auf Wunsch den gew\u00fcnschten Text mit ihren Festtagsw\u00fcnschen.<\/span><\/h5>\n<\/li>\n<li>\n<h5><span style=\"font-size: 14px;\">In den Warenkorb legen.<\/span><\/h5>\n<\/li>\n<li>\n<h5><span style=\"font-size: 14px;\">Oben rechts auf das Symbol Warenkorb klicken und die Versandart ausw\u00e4hlen.<\/span><\/h5>\n<\/li>\n<li>\n<h5><span style=\"font-size: 14px;\">W\u00fcnschen sie den Gutschein zum drucken an ihre E-Mail Adresse versendet? Dann w\u00e4hlen sie den Kostenlosen Versand aus und klicken sie auf den Knopf &#8222;Kasse&#8220;.<\/span><\/h5>\n<\/li>\n<li>\n<h5><span style=\"font-size: 14px;\">Geben sie hier ihre Adresse ein und bezahlen sie den Artikel mit der gew\u00fcnschten Zahlart, fertig.<\/span><\/h5>\n<\/li>\n<\/ol>\n<h5><span style=\"font-size: 14px;\">Sie m\u00f6chten mehre Gutscheine mit Unterschiedlichen Motiven oder Betr\u00e4gen erwerben? Dann f\u00fchren sie die Schritte 1-9 noch einmal aus.\u00a0<\/span><\/h5>\n<h5><span style=\"font-size: 14px;\">Nach Zahlungseingang wird der Gutscheincode, direkt per E-Mail an die im Warenkorb hinterlegte E-Mail Adresse versendet. Der Gutschein steht nach dem Zahlungseingang zum herunterladen bereit und ist schnell und einfach zu drucken, in einen A6\/C6 Umschlag verpacken und verschenken. Die perfekte Last-Minute-Geschenkoption, die dennoch durchdacht wirkt.\u00a0\u00a0<\/span><\/h5>\n<h5><span style=\"font-size: 14px;\">Den Link zum herunterladen der PDF-Datei zum drucken, finden sie in der Bestellbest\u00e4tigung, die sie nach dem Zahlungseingang zeitnah an die in der Kasse hinterlegte E-Mail erhalten. Wir bitten um Geduld. <\/span><\/h5>\n<h5><span style=\"font-size: 14px;\">Um die PDF-Datei \u00f6ffnen zu k\u00f6nnen, ben\u00f6tigen sie ein Programm wie zum Beispiel den kostenlosen Adobe Reader, <\/span><\/h5>\n<h5><span style=\"font-size: 14px;\">hier der Link zum herunterladen: <a href=\"https:\/\/get.adobe.com\/de\/reader\/\">Adobe Acrobat Reader herunterladen: Kostenloser PDF-Viewer<\/a><\/span><\/h5>\n<h3><span style=\"font-size: 13px;\">Sie w\u00fcnschen das wir das Drucken und Versenden f\u00fcr sie \u00fcbernehmen? Gerne! F\u00fcr einen kleinen Aufpreis von 5,- Euro drucken wir Ihr Wunschmotiv auf Hochwertiges Papier, legen es in einen bunten Briefumschlag und versenden es an die Wunschadresse. W\u00e4hlen Sie in der Kasse die Versandart &#8222;Deutsche Post f\u00fcr 5,- Euro&#8220; aus und geben die Lieferadresse an, sowie Ihre Feiertagsw\u00fcnsche als Anmerkungen zur Bestellung, fertig.\u00a0 <\/span><span style=\"font-size: 13px;\">Druck und Lieferung erfolgt innerhalb von 2-6 Werktagen \u00fcber die Deutsche Post.<\/span><\/h3>\n<h5><span style=\"font-size: 14px;\">Gr\u00f6\u00dfe: Gutschein gefaltet auf 15 x 10,5 cm \/ Briefumschlag A6\/C6 16,2 x 11,4<\/span><\/h5>\n<h5><span style=\"font-size: 14px;\"><strong>Flexibel und einfach den Gutscheincode in unseren online Shop einl\u00f6sen, in dem sie den Gutscheincode in der Kasse eingeben.<\/strong><\/span><\/h5>\n<h5><span style=\"font-size: 14px;\">Unsere Gutscheine bieten Zugang zu einem vielf\u00e4ltigen Sortiment, das \u00fcber Gaming-Produkte hinausgeht und eine gro\u00dfe Auswahl an n\u00fctzlichen und unterhaltsamen Artikeln umfasst. Der Beschenkte kann nach Belieben ausw\u00e4hlen und den Gutschein ganz nach seinem Geschmack einl\u00f6sen. Ein Geschenk, das stets passt und Freude bereitet!<\/span><\/h5>\n<h5><span style=\"font-size: 12px;\">Bedingungen:<\/span><\/h5>\n<h5><span style=\"font-size: 12px;\">1. Wertgutschein ist ab Kaufdatum zwei Jahre lang g\u00fcltig. <\/span><br \/>\n<span style=\"font-size: 12px;\">2. Nicht mit Rabattcodes kombinierbar. <\/span><br \/>\n<span style=\"font-size: 12px;\">3. Kein Anspruch auf Auszahlung. <\/span><br \/>\n<span style=\"font-size: 12px;\">4. Wertgutschein ist \u00fcbertragbar. <\/span><br \/>\n<span style=\"font-size: 12px;\">5. Nur im unseren Online-Shop einl\u00f6sbar. <\/span><br \/>\n<span style=\"font-size: 12px;\">6. Restbetr\u00e4ge bleiben nach dem Einkauf erhalten.<\/span><\/h5>","protected":false},"excerpt":{"rendered":"<p>Jeder Gutschein wird mit unterschiedlichen, ansprechenden Motiven und Betr\u00e4gen angeboten, die zu verschiedensten Anl\u00e4ssen passen. Mit dem Wertgutschein kann sich der beschenkte, kaufen was er sich w\u00fcnscht. Den Link zum herunterladen der PDF-Datei, bekommen sie zeitnah mit der Bestellbest\u00e4tigung nach der Bezahlung in der Kasse. Der Gutscheincode bekommen sie innerhalb von wenigen Minuten an die angegebene E-Mail Adresse gesendet. Ausgedruckt passt der Gutschein (15 x 10,5cm)\u00a0 in einen Umschlag C6\/A6. Den Gutscheincode und ihre Feiertagsgr\u00fc\u00dfe k\u00f6nnen sie auf den Gutschein schreiben.<\/p>\n<p>Gerne \u00fcbernehmen wir das Drucken und versenden mit der Deutschen Post f\u00fcr sie. W\u00e4hlen sie in im Warenkorb oder Kasse die Versandmethode Deutsche Post f\u00fcr 5,- Euro aus. Geben sie als Lieferadresse an, an wen der Gutschein versendet werden soll.<\/p>","protected":false},"featured_media":9058,"comment_status":"open","ping_status":"closed","template":"","meta":{"iawp_total_views":182},"product_brand":[],"product_cat":[185],"product_tag":[1918,1905,1907,1912,1909,1904,1796,1895,1900,1908,1894,1898,1916,1899,1913,1914,1897,1910,1906,1902,1920,1901,1915,1917,1903,1919,1911,1896],"class_list":{"0":"post-8965","1":"product","2":"type-product","3":"status-publish","4":"has-post-thumbnail","6":"product_cat-geschenke","7":"product_tag-digitale-geschenkkarten","8":"product_tag-digitale-gutscheine","9":"product_tag-digitale-lieferung","10":"product_tag-druck","11":"product_tag-familie","12":"product_tag-flexible-auswahl","13":"product_tag-gaming","14":"product_tag-geburtstagsgeschenk","15":"product_tag-geschenk","16":"product_tag-geschenk-fuer-freunde","17":"product_tag-geschenkgutschein","18":"product_tag-geschenkidee","19":"product_tag-geschenkverpackung","20":"product_tag-gutschein","21":"product_tag-hochwertige-qualitaet","22":"product_tag-individuelle-motive","23":"product_tag-jubilaeum","24":"product_tag-kollegen","25":"product_tag-last-minute-geschenk","26":"product_tag-online-shop","27":"product_tag-online-geschenk","28":"product_tag-personalisiert","29":"product_tag-personalisierung","30":"product_tag-schnelle-lieferung","31":"product_tag-shopping","32":"product_tag-spass-verschenken","33":"product_tag-versand","34":"product_tag-weihnachten","36":"first","37":"instock","38":"featured","39":"purchasable","40":"product-type-pw-gift-card"},"_links":{"self":[{"href":"https:\/\/gamers-zone.de\/en\/wp-json\/wp\/v2\/product\/8965","targetHints":{"allow":["GET"]}}],"collection":[{"href":"https:\/\/gamers-zone.de\/en\/wp-json\/wp\/v2\/product"}],"about":[{"href":"https:\/\/gamers-zone.de\/en\/wp-json\/wp\/v2\/types\/product"}],"replies":[{"embeddable":true,"href":"https:\/\/gamers-zone.de\/en\/wp-json\/wp\/v2\/comments?post=8965"}],"version-history":[{"count":0,"href":"https:\/\/gamers-zone.de\/en\/wp-json\/wp\/v2\/product\/8965\/revisions"}],"wp:featuredmedia":[{"embeddable":true,"href":"https:\/\/gamers-zone.de\/en\/wp-json\/wp\/v2\/media\/9058"}],"wp:attachment":[{"href":"https:\/\/gamers-zone.de\/en\/wp-json\/wp\/v2\/media?parent=8965"}],"wp:term":[{"taxonomy":"product_brand","embeddable":true,"href":"https:\/\/gamers-zone.de\/en\/wp-json\/wp\/v2\/product_brand?post=8965"},{"taxonomy":"product_cat","embeddable":true,"href":"https:\/\/gamers-zone.de\/en\/wp-json\/wp\/v2\/product_cat?post=8965"},{"taxonomy":"product_tag","embeddable":true,"href":"https:\/\/gamers-zone.de\/en\/wp-json\/wp\/v2\/product_tag?post=8965"}],"curies":[{"name":"wp","href":"https:\/\/api.w.org\/{rel}","templated":true}]}}