{"id":8895,"date":"2024-11-23T18:43:42","date_gmt":"2024-11-23T18:43:42","guid":{"rendered":"https:\/\/gamers-zone.de\/?post_type=product&#038;p=8895"},"modified":"2025-02-04T14:32:19","modified_gmt":"2025-02-04T14:32:19","slug":"cherry-xtrfy-gp5-miami-xl-mauspad","status":"publish","type":"product","link":"https:\/\/gamers-zone.de\/en\/product\/cherry-xtrfy-gp5-miami-xl-mauspad\/","title":{"rendered":"CHERRY XTRFY GP5 Miami XL Mauspad"},"content":{"rendered":"<h5><span style=\"font-size: 14px;\">Das CHERRY XTRFY GP5 Mauspad ist ein zuverl\u00e4ssiges Eingabezubeh\u00f6r, das das Computererlebnis verbessert, sei es f\u00fcr Spiele oder f\u00fcr den professionellen Einsatz. Seine extra gro\u00dfe Gr\u00f6\u00dfe bietet reichlich Platz f\u00fcr ausgedehnte Mausbewegungen, die sowohl f\u00fcr Spiele als auch f\u00fcr Pr\u00e4zisionsaufgaben entscheidend sind. Die rutschfeste Unterseite aus Gummi sorgt f\u00fcr Stabilit\u00e4t und h\u00e4lt das Pad fest an seinem Platz. Die Langlebigkeit des Mauspads wird durch die gen\u00e4hten R\u00e4nder noch verst\u00e4rkt, die ein Ausfransen und Besch\u00e4digungen im Laufe der Zeit verhindern. Das abwaschbare Design, das bei 30 \u00b0C gereinigt werden kann, macht die Pflege m\u00fchelos und erm\u00f6glicht es dem Benutzer, seinen Arbeitsplatz sauber und hygienisch zu halten. Sie ist aus hochwertigem Stoff gefertigt und bietet eine reibungslose Gleitf\u00e4higkeit f\u00fcr jede Maus, was sie zu einer unverzichtbaren Erg\u00e4nzung f\u00fcr jede Schreibtischeinrichtung macht.<\/span><\/h5>\n<h5><span style=\"font-size: 14px;\">\u00a0Hergestellt aus hochwertigem Stoff f\u00fcr sanftes Gleiten<\/span><br \/>\n<span style=\"font-size: 14px;\">\u00a0Waschbar bei 30\u00b0C f\u00fcr einfache Pflege<\/span><br \/>\n<span style=\"font-size: 14px;\">\u00a0Abgen\u00e4hte Kanten f\u00fcr erh\u00f6hte Haltbarkeit<\/span><br \/>\n<span style=\"font-size: 14px;\">\u00a0Rutschfester Gummiboden sorgt daf\u00fcr, dass das Pad an seinem Platz bleibt<\/span><br \/>\n<span style=\"font-size: 14px;\">\u00a0Extragro\u00dfes Format f\u00fcr ausgiebige Mausbewegungen<\/span><\/h5>\n<h5><\/h5>\n<h5><span style=\"font-size: 14px;\">Einfache Pflege<\/span><\/h5>\n<h5><span style=\"font-size: 14px;\">Das waschbare Design des CHERRY XTRFY GP5 Mauspads erm\u00f6glicht eine einfache Reinigung. Das Mauspad kann bei 30\u00b0C gewaschen werden und bleibt so in einem tadellosen Zustand, frei von Staub und Verschmutzungen, was eine optimale Leistung und Hygiene gew\u00e4hrleistet.<\/span><\/h5>\n<h5><span style=\"font-size: 14px;\">Optimale Stabilit\u00e4t<\/span><\/h5>\n<h5><span style=\"font-size: 14px;\">Dank der rutschfesten Gummibasis bleibt dieses extragro\u00dfe Mauspad auch bei intensiven Gaming-Sessions oder langen Arbeitszeiten fest an seinem Platz. Die von der Gummibasis gebotene Stabilit\u00e4t sorgt f\u00fcr gleichm\u00e4\u00dfige Mausbewegungen und Genauigkeit und steigert die Leistung des Benutzers.<\/span><\/h5>\n<h5><span style=\"font-size: 14px;\">Verbesserte Haltbarkeit<\/span><\/h5>\n<h5><span style=\"font-size: 14px;\">Das CHERRY XTRFY GP5 Mauspad ist mit gen\u00e4hten Kanten ausgestattet, die eine l\u00e4ngere Lebensdauer und Widerstandsf\u00e4higkeit gegen Ausfransen und Besch\u00e4digungen gew\u00e4hrleisten. Diese Eigenschaft verbessert nicht nur die \u00c4sthetik, sondern erh\u00f6ht auch die Haltbarkeit des Produkts und macht es zu einer zuverl\u00e4ssigen Wahl f\u00fcr die Benutzer.<\/span><\/h5>\n<h5><span style=\"font-size: 14px;\">Haupt-Spezifikationen<\/span><\/h5>\n<div><span style=\"font-size: 14px;\">Herstellergarantie 2 Jahre Garantie<\/span><\/div>\n<div><span style=\"font-size: 14px;\">Farbe Miami<\/span><\/div>\n<div><span style=\"font-size: 14px;\">Produktmaterial Stoff<\/span><\/div>\n<div><span style=\"font-size: 14px;\">Gr\u00f6\u00dfe Extra gro\u00df<\/span><\/div>\n<h5><span style=\"font-size: 14px;\">Abmessungen<\/span><\/h5>\n<h5><span style=\"font-size: 14px;\">Breite<\/span><\/h5>\n<div><span style=\"font-size: 14px;\">92 cm<\/span><\/div>\n<div><span style=\"font-size: 14px;\">H\u00f6he<\/span><\/div>\n<div><span style=\"font-size: 14px;\">0.3 cm<\/span><\/div>\n<div><span style=\"font-size: 14px;\">Tiefe<\/span><\/div>\n<div><span style=\"font-size: 14px;\">40 cm<\/span><\/div>\n<div>\n<h5><span style=\"font-size: 14px;\">Hersteller<\/span><\/h5>\n<h5><span style=\"font-size: 14px;\">CHERRY<\/span><\/h5>\n<h5><span style=\"font-size: 14px;\">Marke<\/span><\/h5>\n<h5><span style=\"font-size: 14px;\">CHERRY XTRFY<\/span><\/h5>\n<div>\n<h5><span style=\"font-size: 14px;\">Produktlinie<\/span><\/h5>\n<h5><span style=\"font-size: 14px;\">CHERRY XTRFY GP5<\/span><\/h5>\n<\/div>\n<\/div>","protected":false},"excerpt":{"rendered":"<h5><span style=\"font-size: 14px;\">Das CHERRY XTRFY GP5 Mauspad ist ein zuverl\u00e4ssiges Eingabezubeh\u00f6r, das das Computererlebnis verbessert, sei es f\u00fcr Spiele oder f\u00fcr den professionellen Einsatz. <\/span><\/h5>","protected":false},"featured_media":8897,"comment_status":"open","ping_status":"closed","template":"","meta":{"iawp_total_views":6},"product_brand":[],"product_cat":[171,128],"product_tag":[2205,2230,2219,2218,2207,1633,2213,2208,2212,2206,2220,2210,2229,2216,2211,2221,2215,2209,2222,2217,2223,2214],"class_list":{"0":"post-8895","1":"product","2":"type-product","3":"status-publish","4":"has-post-thumbnail","6":"product_cat-computer-mauspads","7":"product_cat-gaming-ausstattung","8":"product_tag-cherry-xtrfy-gp5","9":"product_tag-cherry-xtrfy-gp5-miami-xl","10":"product_tag-computerzubehoer","11":"product_tag-ergonomisches-mauspad","12":"product_tag-gaming-mauspad","13":"product_tag-gaming-zubehoer","14":"product_tag-genaehte-raender","15":"product_tag-grosses-mauspad","16":"product_tag-langlebiges-mauspad","17":"product_tag-mauspad","18":"product_tag-mauspad-extra-gross","19":"product_tag-mauspad-fuer-gaming","20":"product_tag-miami-xl","21":"product_tag-praezises-mauspad","22":"product_tag-professionelles-mauspad","23":"product_tag-reibungslose-gleitfaehigkeit","24":"product_tag-rutschfeste-gummibasis","25":"product_tag-rutschfestes-mauspad","26":"product_tag-stabiles-mauspad","27":"product_tag-stoff-mauspad","28":"product_tag-strapazierfaehiges-mauspad","29":"product_tag-waschbares-mauspad","30":"product_shipping_class-lagerware","32":"first","33":"instock","34":"sale","35":"taxable","36":"shipping-taxable","37":"purchasable","38":"product-type-simple"},"_links":{"self":[{"href":"https:\/\/gamers-zone.de\/en\/wp-json\/wp\/v2\/product\/8895","targetHints":{"allow":["GET"]}}],"collection":[{"href":"https:\/\/gamers-zone.de\/en\/wp-json\/wp\/v2\/product"}],"about":[{"href":"https:\/\/gamers-zone.de\/en\/wp-json\/wp\/v2\/types\/product"}],"replies":[{"embeddable":true,"href":"https:\/\/gamers-zone.de\/en\/wp-json\/wp\/v2\/comments?post=8895"}],"version-history":[{"count":0,"href":"https:\/\/gamers-zone.de\/en\/wp-json\/wp\/v2\/product\/8895\/revisions"}],"wp:featuredmedia":[{"embeddable":true,"href":"https:\/\/gamers-zone.de\/en\/wp-json\/wp\/v2\/media\/8897"}],"wp:attachment":[{"href":"https:\/\/gamers-zone.de\/en\/wp-json\/wp\/v2\/media?parent=8895"}],"wp:term":[{"taxonomy":"product_brand","embeddable":true,"href":"https:\/\/gamers-zone.de\/en\/wp-json\/wp\/v2\/product_brand?post=8895"},{"taxonomy":"product_cat","embeddable":true,"href":"https:\/\/gamers-zone.de\/en\/wp-json\/wp\/v2\/product_cat?post=8895"},{"taxonomy":"product_tag","embeddable":true,"href":"https:\/\/gamers-zone.de\/en\/wp-json\/wp\/v2\/product_tag?post=8895"}],"curies":[{"name":"wp","href":"https:\/\/api.w.org\/{rel}","templated":true}]}}