{"id":8889,"date":"2024-11-23T18:10:25","date_gmt":"2024-11-23T18:10:25","guid":{"rendered":"https:\/\/gamers-zone.de\/?post_type=product&#038;p=8889"},"modified":"2026-05-14T14:30:11","modified_gmt":"2026-05-14T14:30:11","slug":"genesis-carbon-500-wows-armada-xxl-mauspad","status":"publish","type":"product","link":"https:\/\/gamers-zone.de\/en\/product\/genesis-carbon-500-wows-armada-xxl-mauspad\/","title":{"rendered":"Genesis CARBON 500 WOWS ARMADA XXL Mauspad"},"content":{"rendered":"<h5><span style=\"font-size: 14px;\"><b>Genesis Mauspad CARBON 500 &#8222;WOWS ARMADA&#8220; XXL (900mm x 450mm)<\/b><\/span><br \/>\n<span style=\"font-size: 14px;\">Herst.-Nr.:NPG-1737<\/span><\/h5>\n<h5><span style=\"font-size: 14px;\">&#8222;Das Carbon 500 Maxi WOWS Armada Edition ist ein Premium-Gaming-Mauspad mit einer gro\u00dfen Oberfl\u00e4che von 900 x 450 mm. Die obere Schicht des Pads ist mit einzigartigen Grafiken aus World of Warships verziert, die deinem Raum einen einzigartigen Look verleihen.<\/span><\/h5>\n<h5><span style=\"font-size: 14px;\">Jedem Mauspad liegt ein einzigartiger Einladungscode bei, der f\u00fcr ein neues Konto verwendet werden kann, oder ein Bonuscode, der f\u00fcr ein bestehendes Konto verwendet werden kann. Beide Codes bieten attraktive Boni f\u00fcr World of Warships-Spieler. Setze auf Einzigartigkeit und gewinne mit Stil!<\/span><\/h5>\n<h5><span style=\"font-size: 14px;\">Das Pad ist mit einer glatten &#8222;&#8220;Speed&#8220;&#8220;-Oberfl\u00e4che versehen, die ein extrem sanftes und gleichm\u00e4\u00dfiges Gleiten und eine sofortige Reaktion der Maus gew\u00e4hrleistet. Dadurch beschleunigt das Pad die geplanten Bewegungen und gew\u00e4hrleistet eine hohe Pr\u00e4zision. Die Carbon 500 World of Warships Serie ist mit allen M\u00e4usen kompatibel.<\/span><\/h5>\n<h5><\/h5>\n<h5><span style=\"font-size: 14px;\"><b>PRODUCT FEATURES:<\/b><\/span><\/h5>\n<h5><span style=\"font-size: 14px;\">\u2022 Hochwertiges Gaming-Maus- und Tastaturpad mit maximalen Abmessungen von 900 x 450 mm.<\/span><\/h5>\n<h5><span style=\"font-size: 14px;\">\u2022 Entworfen mit einem einzigartigen Artwork aus dem Spiel World of Warships.<\/span><\/h5>\n<h5><span style=\"font-size: 14px;\">\u2022 Die Speed-Oberfl\u00e4che sorgt f\u00fcr ein sanftes Gleiten f\u00fcr schnelle Bewegungen und eine sofortige Reaktion der Maus.<\/span><\/h5>\n<h5><span style=\"font-size: 14px;\">\u2022 Kompatibel mit allen Maustypen.<\/span><\/h5>\n<h5><span style=\"font-size: 14px;\">\u2022 Eine rutschfeste Gummischicht auf der Unterseite erh\u00f6ht die Stabilit\u00e4t auf jeder Oberfl\u00e4che.<\/span><\/h5>\n<h5><span style=\"font-size: 14px;\">\u2022 Die gen\u00e4hten Kanten des Mauspads sch\u00fctzen es vor dem Ausfransen.<\/span><\/h5>\n<h5><span style=\"font-size: 14px;\">\u2022 Wasserfeste Oberseite.<\/span><\/h5>\n<h5><span style=\"font-size: 14px;\">\u2022 Jedes Mauspad enth\u00e4lt einen Einladungscode, der nur f\u00fcr neue Konten verwendet wird, und einen Bonuscode f\u00fcr bestehende Konten &#8211; beide bieten nette Boni f\u00fcr World of Warships-Spieler.<\/span><\/h5>","protected":false},"excerpt":{"rendered":"<h5><span style=\"font-size: 14px;\"><b>Genesis Mauspad CARBON 500 &#8222;WOWS ARMADA&#8220; XXL (900mm x 450mm)<\/b><\/span><\/h5>","protected":false},"featured_media":8891,"comment_status":"open","ping_status":"closed","template":"","meta":{"iawp_total_views":8},"product_brand":[3143],"product_cat":[171,128],"product_tag":[2242,2207,2239,1633,2213,2231,2208,2241,2237,2240,2238,2216,2209,2235,2222,2236,2233,2234,2232],"class_list":{"0":"post-8889","1":"product","2":"type-product","3":"status-publish","4":"has-post-thumbnail","6":"product_brand-genesis","7":"product_cat-computer-mauspads","8":"product_cat-gaming-ausstattung","9":"product_tag-bonuscode-world-of-warships","10":"product_tag-gaming-mauspad","11":"product_tag-gaming-schreibtisch-zubehoer","12":"product_tag-gaming-zubehoer","13":"product_tag-genaehte-raender","14":"product_tag-genesis-carbon-500","15":"product_tag-grosses-mauspad","16":"product_tag-hochwertiges-gaming-mauspad","17":"product_tag-maus-und-tastaturpad","18":"product_tag-mauspad-fuer-alle-maustypen","19":"product_tag-mauspad-fuer-schnelle-bewegungen","20":"product_tag-praezises-mauspad","21":"product_tag-rutschfestes-mauspad","22":"product_tag-speed-oberflaeche","23":"product_tag-stabiles-mauspad","24":"product_tag-wasserfestes-mauspad","25":"product_tag-world-of-warships-mauspad","26":"product_tag-wows-mauspad","27":"product_tag-xxl-mauspad","28":"product_shipping_class-lagerware","30":"first","31":"instock","32":"sale","33":"taxable","34":"shipping-taxable","35":"purchasable","36":"product-type-simple"},"_links":{"self":[{"href":"https:\/\/gamers-zone.de\/en\/wp-json\/wp\/v2\/product\/8889","targetHints":{"allow":["GET"]}}],"collection":[{"href":"https:\/\/gamers-zone.de\/en\/wp-json\/wp\/v2\/product"}],"about":[{"href":"https:\/\/gamers-zone.de\/en\/wp-json\/wp\/v2\/types\/product"}],"replies":[{"embeddable":true,"href":"https:\/\/gamers-zone.de\/en\/wp-json\/wp\/v2\/comments?post=8889"}],"version-history":[{"count":2,"href":"https:\/\/gamers-zone.de\/en\/wp-json\/wp\/v2\/product\/8889\/revisions"}],"predecessor-version":[{"id":14177,"href":"https:\/\/gamers-zone.de\/en\/wp-json\/wp\/v2\/product\/8889\/revisions\/14177"}],"wp:featuredmedia":[{"embeddable":true,"href":"https:\/\/gamers-zone.de\/en\/wp-json\/wp\/v2\/media\/8891"}],"wp:attachment":[{"href":"https:\/\/gamers-zone.de\/en\/wp-json\/wp\/v2\/media?parent=8889"}],"wp:term":[{"taxonomy":"product_brand","embeddable":true,"href":"https:\/\/gamers-zone.de\/en\/wp-json\/wp\/v2\/product_brand?post=8889"},{"taxonomy":"product_cat","embeddable":true,"href":"https:\/\/gamers-zone.de\/en\/wp-json\/wp\/v2\/product_cat?post=8889"},{"taxonomy":"product_tag","embeddable":true,"href":"https:\/\/gamers-zone.de\/en\/wp-json\/wp\/v2\/product_tag?post=8889"}],"curies":[{"name":"wp","href":"https:\/\/api.w.org\/{rel}","templated":true}]}}