{"id":8872,"date":"2024-11-23T17:40:47","date_gmt":"2024-11-23T17:40:47","guid":{"rendered":"https:\/\/gamers-zone.de\/?post_type=product&#038;p=8872"},"modified":"2025-02-04T14:37:34","modified_gmt":"2025-02-04T14:37:34","slug":"inca-imp-018m-xxl-mauspad-schwarz-blau","status":"publish","type":"product","link":"https:\/\/gamers-zone.de\/en\/product\/inca-imp-018m-xxl-mauspad-schwarz-blau\/","title":{"rendered":"INCA IMP-018M XXL Mauspad schwarz\/blau"},"content":{"rendered":"<h5><span style=\"font-size: 14px;\"><b>INCA Gaming Mauspad IMP-018M XXL, 900x400x3mm, Speed, Blau retail<\/b><\/span><\/h5>\n<h5><span style=\"font-size: 14px;\"><b>MIT INCA IMP-018M HABEN SIE DIE KONTROLLE<\/b><\/span><\/h5>\n<h5><span style=\"font-size: 14px;\">Entferne Hindernisse in deinen Tastatur-und Mausman\u00f6vern. Das Inca IMP-018 Mousepad bietet auch bei hohen Geschwindigkeiten Optimale Pr\u00e4zision und Erkennungsgenauigkeit ihrer Spielerausr\u00fcstung.<\/span><\/h5>\n<h5><span style=\"font-size: 14px;\"><b>HOHE PR\u00c4ZISION MIT SPEED OBERFL\u00c4CHE<\/b><\/span><\/h5>\n<h5><span style=\"font-size: 14px;\">Die Inca IMP-018 Mouse Padspeed erkennt alle Ihre Bewegungen mit der Oberfl\u00e4che und gibt Ihnen das genaueste Feedback, so dass Sie genau zielen, schnelle Schl\u00e4ge und alle Aktionen mit der gew\u00fcnschten Geschwindigkeit erhalten k\u00f6nnen.<\/span><\/h5>\n<h5><span style=\"font-size: 14px;\"><b>RUTSCHFESTE KAUTSCHUCKSOHLE<\/b><\/span><\/h5>\n<h5><span style=\"font-size: 14px;\">Der Imp-018 sorgt mit seiner Gummisohle f\u00fcr die Stabilit\u00e4t der Oberfl\u00e4che und passt sich Ihren schnellen und pl\u00f6tzlichen Bewegungen an. W\u00e4hrend des Spiels haben Sie die maximale Kontrolle \u00fcber Cursor-und DPI-\u00dcberg\u00e4nge<\/span><\/h5>\n<h5><span style=\"font-size: 14px;\"><b>BEST\u00c4NDIG GEGEN VERSCHLEISS<\/b><\/span><\/h5>\n<h5><span style=\"font-size: 14px;\">Dieses gro\u00dfe 3mm dicke Mousepad verf\u00fcgt \u00fcber ein durchgehendes Design und verschlei\u00dffeste gen\u00e4hte Kanten<\/span><\/h5>\n<h5><span style=\"font-size: 14px;\">Best\u00e4ndig gegen Staub und Schmutz<\/span><\/h5>\n<div>\n<div class=\"row mb-1 ms-3 align-items-end\">\n<h5 class=\"col col-lg-2 col-6\"><span style=\"font-size: 14px;\">Best\u00e4ndige rutschfeste Kautschuksohle<\/span><\/h5>\n<\/div>\n<\/div>","protected":false},"excerpt":{"rendered":"<h5><span style=\"font-size: 14px;\">Das Inca IMP-018 Mousepad bietet auch bei hohen Geschwindigkeiten Optimale Pr\u00e4zision und Erkennungsgenauigkeit ihrer Spielerausr\u00fcstung<\/span><\/h5>","protected":false},"featured_media":8887,"comment_status":"open","ping_status":"closed","template":"","meta":{"iawp_total_views":5},"product_brand":[],"product_cat":[171,128],"product_tag":[2247,2218,2207,1633,2213,2208,2241,2243,2212,2244,2238,2245,2216,2221,2209,2235,2222,2248,2246,2232],"class_list":{"0":"post-8872","1":"product","2":"type-product","3":"status-publish","4":"has-post-thumbnail","6":"product_cat-computer-mauspads","7":"product_cat-gaming-ausstattung","8":"product_tag-dpi-uebergaenge-optimieren","9":"product_tag-ergonomisches-mauspad","10":"product_tag-gaming-mauspad","11":"product_tag-gaming-zubehoer","12":"product_tag-genaehte-raender","13":"product_tag-grosses-mauspad","14":"product_tag-hochwertiges-gaming-mauspad","15":"product_tag-inca-imp-018k","16":"product_tag-langlebiges-mauspad","17":"product_tag-mauspad-fuer-hohe-geschwindigkeit","18":"product_tag-mauspad-fuer-schnelle-bewegungen","19":"product_tag-mauspad-mit-kautschuksohle","20":"product_tag-praezises-mauspad","21":"product_tag-reibungslose-gleitfaehigkeit","22":"product_tag-rutschfestes-mauspad","23":"product_tag-speed-oberflaeche","24":"product_tag-stabiles-mauspad","25":"product_tag-staub-und-schmutzresistentes-mauspad","26":"product_tag-verschleissfestes-mauspad","27":"product_tag-xxl-mauspad","28":"product_shipping_class-lagerware","30":"first","31":"instock","32":"sale","33":"taxable","34":"shipping-taxable","35":"purchasable","36":"product-type-simple"},"_links":{"self":[{"href":"https:\/\/gamers-zone.de\/en\/wp-json\/wp\/v2\/product\/8872","targetHints":{"allow":["GET"]}}],"collection":[{"href":"https:\/\/gamers-zone.de\/en\/wp-json\/wp\/v2\/product"}],"about":[{"href":"https:\/\/gamers-zone.de\/en\/wp-json\/wp\/v2\/types\/product"}],"replies":[{"embeddable":true,"href":"https:\/\/gamers-zone.de\/en\/wp-json\/wp\/v2\/comments?post=8872"}],"version-history":[{"count":0,"href":"https:\/\/gamers-zone.de\/en\/wp-json\/wp\/v2\/product\/8872\/revisions"}],"wp:featuredmedia":[{"embeddable":true,"href":"https:\/\/gamers-zone.de\/en\/wp-json\/wp\/v2\/media\/8887"}],"wp:attachment":[{"href":"https:\/\/gamers-zone.de\/en\/wp-json\/wp\/v2\/media?parent=8872"}],"wp:term":[{"taxonomy":"product_brand","embeddable":true,"href":"https:\/\/gamers-zone.de\/en\/wp-json\/wp\/v2\/product_brand?post=8872"},{"taxonomy":"product_cat","embeddable":true,"href":"https:\/\/gamers-zone.de\/en\/wp-json\/wp\/v2\/product_cat?post=8872"},{"taxonomy":"product_tag","embeddable":true,"href":"https:\/\/gamers-zone.de\/en\/wp-json\/wp\/v2\/product_tag?post=8872"}],"curies":[{"name":"wp","href":"https:\/\/api.w.org\/{rel}","templated":true}]}}