{"id":8864,"date":"2024-11-23T17:23:55","date_gmt":"2024-11-23T17:23:55","guid":{"rendered":"https:\/\/gamers-zone.de\/?post_type=product&#038;p=8864"},"modified":"2025-02-04T14:38:57","modified_gmt":"2025-02-04T14:38:57","slug":"cherry-gp5-retrowave-xl-mauspad","status":"publish","type":"product","link":"https:\/\/gamers-zone.de\/en\/product\/cherry-gp5-retrowave-xl-mauspad\/","title":{"rendered":"CHERRY GP5 Retrowave XL Mauspad"},"content":{"rendered":"<h5><span style=\"font-size: 14px;\">Produktbeschreibung:<\/span><\/h5>\n<h5><span style=\"font-size: 14px;\">Ma\u00dfe: 92 x 40 x 0,4 cm<\/span><\/h5>\n<h5 class=\"mb-4 mt-3\"><span style=\"font-size: 14px;\">Entdecken Sie die perfekte Mischung aus Stil und Funktionalit\u00e4t mit dem CHERRY XTRFY GP5 Mauspad. Dieses Mauspad wurde f\u00fcr Gamer und Profis entwickelt, die Wert auf Pr\u00e4zision und Langlebigkeit legen, und bietet reichlich Platz f\u00fcr ausgiebige Mausbewegungen. Die glatte Oberfl\u00e4che sorgt f\u00fcr pr\u00e4zises Tracking und Kontrolle und steigert Ihre Leistung bei jeder Aufgabe. Ein wichtiges Merkmal ist die Langlebigkeit mit gen\u00e4hten Kanten, die ein Ausfransen und Abbl\u00e4ttern im Laufe der Zeit verhindern. Dank der rutschfesten Gummibasis, die das Pad auch bei intensiver Nutzung fest an seinem Platz h\u00e4lt, ist die Stabilit\u00e4t kein Problem. Auch die Pflege ist ein Kinderspiel: Das Pad ist bei 30 \u00b0C waschbar, sodass Sie Ihren Spiel- oder Arbeitsbereich sauber und hygienisch halten k\u00f6nnen. Egal, ob Sie im Spiel gegen Feinde k\u00e4mpfen oder durch komplexe Tabellenkalkulationen navigieren, das CHERRY XTRFY GP5 Mauspad ist die Grundlage f\u00fcr Ihren Erfolg.<\/span><\/h5>\n<h5><span style=\"font-size: 14px;\"><i class=\"fa-solid fa-chevron-right\"><\/i>\u00a0<span class=\"mb-3 ms-2\">Waschbar bei 30\u00b0C f\u00fcr einfache Reinigung<\/span><\/span><br class=\"\" \/><span style=\"font-size: 14px;\"><i class=\"fa-solid fa-chevron-right\"><\/i>\u00a0<span class=\"mb-3 ms-2\">Abgen\u00e4hte Kanten f\u00fcr erh\u00f6hte Haltbarkeit<\/span><\/span><br class=\"\" \/><span style=\"font-size: 14px;\"><i class=\"fa-solid fa-chevron-right\"><\/i>\u00a0<span class=\"mb-3 ms-2\">Glatte Oberfl\u00e4che f\u00fcr pr\u00e4zises Tracking und Kontrolle<\/span><\/span><br class=\"\" \/><span style=\"font-size: 14px;\"><i class=\"fa-solid fa-chevron-right\"><\/i>\u00a0<span class=\"mb-3 ms-2\">Rutschfester Gummiboden sorgt f\u00fcr Stabilit\u00e4t bei der Benutzung<\/span><\/span><br class=\"\" \/><span style=\"font-size: 14px;\"><i class=\"fa-solid fa-chevron-right\"><\/i>\u00a0<span class=\"mb-3 ms-2\">Extra gro\u00dfe Gr\u00f6\u00dfe f\u00fcr ausgiebige Mausbewegungen<\/span><\/span><\/h5>\n<h5><span class=\"fw-bold\" style=\"font-size: 14px;\">Einfache Pflege<\/span><\/h5>\n<h5><span style=\"font-size: 14px;\">Das CHERRY XTRFY GP5 Mauspad ist bei 30\u00b0C waschbar und l\u00e4sst sich leicht pflegen, damit es auch \u00fcber l\u00e4ngere Zeitr\u00e4ume sauber und hygienisch bleibt.<\/span><\/h5>\n<h5><span class=\"fw-bold\" style=\"font-size: 14px;\">Stabiler Griff<\/span><\/h5>\n<h5><span style=\"font-size: 14px;\">Dank der rutschfesten Unterseite aus Gummi bleibt dieses Mauspad bei der Verwendung fest an seinem Platz und bietet eine stabile Basis f\u00fcr Ihre Mausbewegungen, unabh\u00e4ngig von der Intensit\u00e4t der Nutzung.<\/span><\/h5>\n<h5><span class=\"fw-bold\" style=\"font-size: 14px;\">Optimale Kontrolle<\/span><\/h5>\n<h5><span style=\"font-size: 14px;\">Die glatte Oberfl\u00e4che des CHERRY XTRFY GP5 bietet optimale Kontrolle f\u00fcr pr\u00e4zise Bewegungen und Tracking und ist damit ideal f\u00fcr Gamer und Profis.<\/span><\/h5>\n<h5><span class=\"fw-bold\" style=\"font-size: 14px;\">Verbesserte Haltbarkeit<\/span><\/h5>\n<h5><span style=\"font-size: 14px;\">Die gen\u00e4hten Kanten des CHERRY XTRFY GP5-Mauspads sorgen f\u00fcr eine verbesserte Haltbarkeit, so dass es intensiver Nutzung und t\u00e4glichem Gebrauch standh\u00e4lt, ohne auszufransen oder abzubl\u00e4ttern.<\/span><\/h5>\n<h5 class=\"fw-bold\"><span style=\"font-size: 14px;\">Haupt-Spezifikationen<\/span><\/h5>\n<h5 class=\"col col-lg-2 col-6\"><span style=\"font-size: 14px;\">Herstellergarantie<\/span><\/h5>\n<h5 class=\"col col-lg-10 col-6\"><span style=\"font-size: 14px;\">2 Jahre Garantie<\/span><\/h5>\n<h5 class=\"col col-lg-2 col-6\"><span style=\"font-size: 14px;\">Farbe<\/span><\/h5>\n<h5 class=\"col col-lg-10 col-6\"><span style=\"font-size: 14px;\">Retrowave<\/span><\/h5>\n<h5 class=\"col col-lg-2 col-6\"><span style=\"font-size: 14px;\">Produktmaterial<\/span><\/h5>\n<h5 class=\"col col-lg-10 col-6\"><span style=\"font-size: 14px;\">Stoff<\/span><\/h5>\n<h5 class=\"fw-bold\"><span style=\"font-size: 14px;\">Abmessungen<\/span><\/h5>\n<h5 class=\"col col-lg-2 col-6\"><span style=\"font-size: 14px;\">Breite<\/span><\/h5>\n<h5 class=\"col col-lg-10 col-6\"><span style=\"font-size: 14px;\">92 cm<\/span><\/h5>\n<h5 class=\"col col-lg-2 col-6\"><span style=\"font-size: 14px;\">H\u00f6he<\/span><\/h5>\n<h5 class=\"col col-lg-10 col-6\"><span style=\"font-size: 14px;\">0.4 cm<\/span><\/h5>\n<h5 class=\"col col-lg-2 col-6\"><span style=\"font-size: 14px;\">Tiefe<\/span><\/h5>\n<h5 class=\"col col-lg-10 col-6\"><span style=\"font-size: 14px;\">40 cm<\/span><\/h5>\n<h5><\/h5>\n<h5 class=\"col col-lg-2 col-6\"><span style=\"font-size: 14px;\">Hersteller<\/span><\/h5>\n<h5 class=\"col col-lg-10 col-6\"><span style=\"font-size: 14px;\">CHERRY<\/span><\/h5>\n<h5 class=\"col col-lg-2 col-6\"><span style=\"font-size: 14px;\">Marke<\/span><\/h5>\n<h5 class=\"col col-lg-10 col-6\"><span style=\"font-size: 14px;\">CHERRY XTRFY<\/span><\/h5>\n<h5 class=\"col col-lg-2 col-6\"><span style=\"font-size: 14px;\">Packungsmenge: 1<\/span><\/h5>\n<h5 class=\"col col-lg-2 col-6\"><span style=\"font-size: 14px;\">Produktlinie<\/span><\/h5>\n<h5 class=\"col col-lg-10 col-6\"><span style=\"font-size: 14px;\">CHERRY XTRFY GP5<\/span><\/h5>","protected":false},"excerpt":{"rendered":"<h5 class=\"mb-4 mt-3\"><span style=\"font-size: 14px;\">Entdecken Sie die perfekte Mischung aus Stil und Funktionalit\u00e4t mit dem CHERRY XTRFY GP5 Mauspad. <\/span><\/h5>","protected":false},"featured_media":8866,"comment_status":"open","ping_status":"closed","template":"","meta":{"iawp_total_views":5},"product_brand":[],"product_cat":[171,128],"product_tag":[2251,2249,2219,2218,2207,1633,2213,2208,2212,2206,2220,2210,2216,2211,2221,2250,2215,2209,2222,2217,2223,2214],"class_list":{"0":"post-8864","1":"product","2":"type-product","3":"status-publish","4":"has-post-thumbnail","6":"product_cat-computer-mauspads","7":"product_cat-gaming-ausstattung","8":"product_tag-cherry-gp5-mauspad","9":"product_tag-cherry-gp5-retrowave-xl","10":"product_tag-computerzubehoer","11":"product_tag-ergonomisches-mauspad","12":"product_tag-gaming-mauspad","13":"product_tag-gaming-zubehoer","14":"product_tag-genaehte-raender","15":"product_tag-grosses-mauspad","16":"product_tag-langlebiges-mauspad","17":"product_tag-mauspad","18":"product_tag-mauspad-extra-gross","19":"product_tag-mauspad-fuer-gaming","20":"product_tag-praezises-mauspad","21":"product_tag-professionelles-mauspad","22":"product_tag-reibungslose-gleitfaehigkeit","23":"product_tag-retrowave-xl-mauspad","24":"product_tag-rutschfeste-gummibasis","25":"product_tag-rutschfestes-mauspad","26":"product_tag-stabiles-mauspad","27":"product_tag-stoff-mauspad","28":"product_tag-strapazierfaehiges-mauspad","29":"product_tag-waschbares-mauspad","30":"product_shipping_class-lagerware","32":"first","33":"instock","34":"sale","35":"taxable","36":"shipping-taxable","37":"purchasable","38":"product-type-simple"},"_links":{"self":[{"href":"https:\/\/gamers-zone.de\/en\/wp-json\/wp\/v2\/product\/8864","targetHints":{"allow":["GET"]}}],"collection":[{"href":"https:\/\/gamers-zone.de\/en\/wp-json\/wp\/v2\/product"}],"about":[{"href":"https:\/\/gamers-zone.de\/en\/wp-json\/wp\/v2\/types\/product"}],"replies":[{"embeddable":true,"href":"https:\/\/gamers-zone.de\/en\/wp-json\/wp\/v2\/comments?post=8864"}],"version-history":[{"count":0,"href":"https:\/\/gamers-zone.de\/en\/wp-json\/wp\/v2\/product\/8864\/revisions"}],"wp:featuredmedia":[{"embeddable":true,"href":"https:\/\/gamers-zone.de\/en\/wp-json\/wp\/v2\/media\/8866"}],"wp:attachment":[{"href":"https:\/\/gamers-zone.de\/en\/wp-json\/wp\/v2\/media?parent=8864"}],"wp:term":[{"taxonomy":"product_brand","embeddable":true,"href":"https:\/\/gamers-zone.de\/en\/wp-json\/wp\/v2\/product_brand?post=8864"},{"taxonomy":"product_cat","embeddable":true,"href":"https:\/\/gamers-zone.de\/en\/wp-json\/wp\/v2\/product_cat?post=8864"},{"taxonomy":"product_tag","embeddable":true,"href":"https:\/\/gamers-zone.de\/en\/wp-json\/wp\/v2\/product_tag?post=8864"}],"curies":[{"name":"wp","href":"https:\/\/api.w.org\/{rel}","templated":true}]}}