{"id":8858,"date":"2024-11-23T17:08:49","date_gmt":"2024-11-23T17:08:49","guid":{"rendered":"https:\/\/gamers-zone.de\/?post_type=product&#038;p=8858"},"modified":"2025-02-04T14:40:47","modified_gmt":"2025-02-04T14:40:47","slug":"genisis-carbon-500-lava-xxl-mauspad","status":"publish","type":"product","link":"https:\/\/gamers-zone.de\/en\/product\/genisis-carbon-500-lava-xxl-mauspad\/","title":{"rendered":"Genisis CARBON 500 Lava XXL Mauspad"},"content":{"rendered":"<h5><span style=\"font-size: 14px;\"><b>Genesis Mauspad CARBON 500 &#8222;LAVA&#8220; XXL (900mm x 450mm)<\/b><\/span><br \/>\n<span style=\"font-size: 14px;\">Herst.-Nr.:NPG-2026<\/span><\/h5>\n<h5><span style=\"font-size: 14px;\">&#8222;Das Genesis Carbon 500 Maxi Lava G2 ist der Nachfolger des bew\u00e4hrten Carbon 500 Maxi Lava Mauspads. Mit Abmessungen von bis zu 900 x 450 mm bietet es nicht nur Platz f\u00fcr die Maus, sondern auch f\u00fcr die gesamte Tastatur. Sein flaches Design erh\u00f6ht den Benutzerkomfort, und seine einzigartige \u00c4sthetik macht es zur perfekten Erg\u00e4nzung f\u00fcr jedes Gaming-Setup.<\/span><\/h5>\n<h5><span style=\"font-size: 14px;\">Die oberste Schicht des Genesis Carbon 500 Maxi Lava G2 Mauspads besteht aus Stoff, der eine hochpr\u00e4zise Mausf\u00fchrung gew\u00e4hrleistet und die Reibung zwischen Controller und Oberfl\u00e4che reduziert. Das Genesis Carbon 500 Maxi Lava G2 Mauspad funktioniert sowohl mit Laser- als auch mit optischen M\u00e4usen problemlos.<\/span><\/h5>\n<h5><span style=\"font-size: 14px;\">Die sauber vern\u00e4hten Kanten des Genesis Carbon 500 Maxi Lava G2 sch\u00fctzen es vor dem Ausfransen. Au\u00dferdem verhindert die rutschfeste Schicht auf der Unterseite eine unkontrollierte Bewegung des Pads und seines Zubeh\u00f6rs und sorgt daf\u00fcr, dass es auf jeder Oberfl\u00e4che an Ort und Stelle bleibt.<\/span><\/h5>\n<h5><\/h5>\n<h5><span style=\"font-size: 14px;\"><b>PRODUCT FEATURES:<\/b><\/span><\/h5>\n<h5><span style=\"font-size: 14px;\">\u2022 Hochwertiges Gaming-Maus- und Tastaturpad.<\/span><\/h5>\n<h5><span style=\"font-size: 14px;\">\u2022 Die rutschfeste Oberschicht sorgt f\u00fcr sanftes Gleiten bei schnellen Bewegungen und sofortige Reaktion der Maus.<\/span><\/h5>\n<h5><span style=\"font-size: 14px;\">\u2022 Kompatibel mit allen Maustypen.<\/span><\/h5>\n<h5><span style=\"font-size: 14px;\">\u2022 Eine rutschfeste Gummischicht auf der Unterseite erh\u00f6ht die Stabilit\u00e4t auf jeder Oberfl\u00e4che.<\/span><\/h5>\n<h5><span style=\"font-size: 14px;\">\u2022 Gen\u00e4hte Kanten des Mauspads sch\u00fctzen es vor dem Ausfransen.<\/span><\/h5>\n<h5><span style=\"font-size: 14px;\">\u2022 Wasserfeste Oberseite.<\/span><\/h5>","protected":false},"excerpt":{"rendered":"<h5><span style=\"font-size: 14px;\">Sein flaches Design erh\u00f6ht den Benutzerkomfort, und seine einzigartige \u00c4sthetik macht es zur perfekten Erg\u00e4nzung f\u00fcr jedes Gaming-Setup.<\/span><\/h5>","protected":false},"featured_media":8862,"comment_status":"open","ping_status":"closed","template":"","meta":{"iawp_total_views":4},"product_brand":[],"product_cat":[171,128],"product_tag":[2218,2207,2239,1633,2213,2231,2208,2241,2212,2252,2237,2240,2238,2216,2221,2209,2235,2222,2236,2232],"class_list":{"0":"post-8858","1":"product","2":"type-product","3":"status-publish","4":"has-post-thumbnail","6":"product_cat-computer-mauspads","7":"product_cat-gaming-ausstattung","8":"product_tag-ergonomisches-mauspad","9":"product_tag-gaming-mauspad","10":"product_tag-gaming-schreibtisch-zubehoer","11":"product_tag-gaming-zubehoer","12":"product_tag-genaehte-raender","13":"product_tag-genesis-carbon-500","14":"product_tag-grosses-mauspad","15":"product_tag-hochwertiges-gaming-mauspad","16":"product_tag-langlebiges-mauspad","17":"product_tag-lava-design-mauspad","18":"product_tag-maus-und-tastaturpad","19":"product_tag-mauspad-fuer-alle-maustypen","20":"product_tag-mauspad-fuer-schnelle-bewegungen","21":"product_tag-praezises-mauspad","22":"product_tag-reibungslose-gleitfaehigkeit","23":"product_tag-rutschfestes-mauspad","24":"product_tag-speed-oberflaeche","25":"product_tag-stabiles-mauspad","26":"product_tag-wasserfestes-mauspad","27":"product_tag-xxl-mauspad","28":"product_shipping_class-lagerware","30":"first","31":"instock","32":"sale","33":"taxable","34":"shipping-taxable","35":"purchasable","36":"product-type-simple"},"_links":{"self":[{"href":"https:\/\/gamers-zone.de\/en\/wp-json\/wp\/v2\/product\/8858","targetHints":{"allow":["GET"]}}],"collection":[{"href":"https:\/\/gamers-zone.de\/en\/wp-json\/wp\/v2\/product"}],"about":[{"href":"https:\/\/gamers-zone.de\/en\/wp-json\/wp\/v2\/types\/product"}],"replies":[{"embeddable":true,"href":"https:\/\/gamers-zone.de\/en\/wp-json\/wp\/v2\/comments?post=8858"}],"version-history":[{"count":0,"href":"https:\/\/gamers-zone.de\/en\/wp-json\/wp\/v2\/product\/8858\/revisions"}],"wp:featuredmedia":[{"embeddable":true,"href":"https:\/\/gamers-zone.de\/en\/wp-json\/wp\/v2\/media\/8862"}],"wp:attachment":[{"href":"https:\/\/gamers-zone.de\/en\/wp-json\/wp\/v2\/media?parent=8858"}],"wp:term":[{"taxonomy":"product_brand","embeddable":true,"href":"https:\/\/gamers-zone.de\/en\/wp-json\/wp\/v2\/product_brand?post=8858"},{"taxonomy":"product_cat","embeddable":true,"href":"https:\/\/gamers-zone.de\/en\/wp-json\/wp\/v2\/product_cat?post=8858"},{"taxonomy":"product_tag","embeddable":true,"href":"https:\/\/gamers-zone.de\/en\/wp-json\/wp\/v2\/product_tag?post=8858"}],"curies":[{"name":"wp","href":"https:\/\/api.w.org\/{rel}","templated":true}]}}