{"id":8844,"date":"2024-11-23T09:02:26","date_gmt":"2024-11-23T09:02:26","guid":{"rendered":"https:\/\/gamers-zone.de\/?post_type=product&#038;p=8844"},"modified":"2025-02-04T14:41:52","modified_gmt":"2025-02-04T14:41:52","slug":"hyte-p3-reload-protagonist-2-mauspad","status":"publish","type":"product","link":"https:\/\/gamers-zone.de\/en\/product\/hyte-p3-reload-protagonist-2-mauspad\/","title":{"rendered":"HYTE P3 Reload Protagonist 2 Mauspad"},"content":{"rendered":"<h5 class=\"font-bigger\"><span style=\"font-size: 14px;\">Produktbeschreibung<\/span><\/h5>\n<h5><span style=\"font-size: 14px;\">Das HYTE P3 Reload Protagonist 2 Desk Pad ist das perfekte Gaming-Mauspad f\u00fcr alle ambitionierten Gamer. Mit seinen herausragenden Vorteilen und Alleinstellungsmerkmalen wird es dich von Anfang an begeistern. Das Mauspad hat eine XXL-Abmessung von 900 mm Breite und 400 mm Tiefe, was gen\u00fcgend Platz f\u00fcr uneingeschr\u00e4nkte Bewegungsfreiheit bietet. Das Material aus feinem Stoff sorgt f\u00fcr eine angenehme Oberfl\u00e4chenstruktur und pr\u00e4zise Mausbewegungen. Das Design des HYTE P3 Reload Protagonist 2 Desk Pads zeigt den Protagonisten aus dem beliebten Spiel \u201cPersona 3\u201d in all seiner Faszination und verleiht deinem Gaming-Equipment einen individuellen Touch. Das Mauspad wurde mit h\u00f6chster Sorgfalt hergestellt, um dir eine langlebige und zuverl\u00e4ssige Gaming-Unterlage zu bieten. Mit dem HYTE P3 Reload Protagonist 2 Desk Pad wirst du deine Performance steigern und ein intensives Spielerlebnis genie\u00dfen k\u00f6nnen.<span class=\"font-weight-bold d-block mt-2\">Art.-Nr.: 100032209<\/span><\/span><\/h5>\n<h5 class=\"font-bigger\"><span style=\"font-size: 14px;\">Details<\/span><\/h5>\n<table>\n<tbody>\n<tr>\n<td class=\"c1\">\n<h5><span style=\"font-size: 14px;\">Typ<\/span><\/h5>\n<\/td>\n<td class=\"c4\" colspan=\"3\">\n<h5><span style=\"font-size: 14px;\">Gaming-Mauspad<\/span><\/h5>\n<\/td>\n<\/tr>\n<tr>\n<td class=\"c1\">\n<h5><span style=\"font-size: 14px;\">Farbe<\/span><\/h5>\n<\/td>\n<td class=\"c4\" colspan=\"3\">\n<h5><span style=\"font-size: 14px;\">mehrfarbig<\/span><\/h5>\n<\/td>\n<\/tr>\n<tr>\n<td class=\"c1\">\n<h5><span style=\"font-size: 14px;\">EAN<\/span><\/h5>\n<\/td>\n<td class=\"c4\" colspan=\"3\">\n<h5><span style=\"font-size: 14px;\">1220000350861<\/span><\/h5>\n<\/td>\n<\/tr>\n<tr>\n<td class=\"c1\">\n<h5><span style=\"font-size: 14px;\">Hersteller-Nr.<\/span><\/h5>\n<\/td>\n<td class=\"c4\" colspan=\"3\">\n<h5><span style=\"font-size: 14px;\">MOU-HYTE-P3R-2<\/span><\/h5>\n<\/td>\n<\/tr>\n<tr>\n<td class=\"c1\">\n<h5><span style=\"font-size: 14px;\">Serie<\/span><\/h5>\n<\/td>\n<td class=\"c4\" colspan=\"3\">\n<h5><span style=\"font-size: 14px;\">Persona 3 Reload Desk Pad<\/span><\/h5>\n<\/td>\n<\/tr>\n<tr>\n<td class=\"c1\">\n<h5><span style=\"font-size: 14px;\">Material<\/span><\/h5>\n<\/td>\n<td class=\"c4\" colspan=\"3\">\n<h5><span style=\"font-size: 14px;\">Stoff<\/span><\/h5>\n<\/td>\n<\/tr>\n<tr>\n<td class=\"c1\">\n<h5><span style=\"font-size: 14px;\">Oberfl\u00e4chenstruktur<\/span><\/h5>\n<\/td>\n<td class=\"c4\" colspan=\"3\">\n<h5><span style=\"font-size: 14px;\">sehr fein<\/span><\/h5>\n<\/td>\n<\/tr>\n<tr>\n<td class=\"c1\">\n<h5><span style=\"font-size: 14px;\">Dimensions<\/span><\/h5>\n<\/td>\n<td class=\"c4\" colspan=\"3\">\n<h5><span style=\"font-size: 14px;\">XXL<\/span><\/h5>\n<\/td>\n<\/tr>\n<tr>\n<td class=\"c1\">\n<h5><span style=\"font-size: 14px;\">Einstufung<\/span><\/h5>\n<\/td>\n<td class=\"c4\" colspan=\"3\">\n<h5><span style=\"font-size: 14px;\">High-Sense<\/span><\/h5>\n<\/td>\n<\/tr>\n<tr>\n<td class=\"c1\">\n<h5><span style=\"font-size: 14px;\">Design<\/span><\/h5>\n<\/td>\n<td class=\"c4\" colspan=\"3\">\n<h5><span style=\"font-size: 14px;\">Persona 3 Protagonist 2<\/span><\/h5>\n<\/td>\n<\/tr>\n<tr>\n<td class=\"c1\">\n<h5><span style=\"font-size: 14px;\">Abmessungen<\/span><\/h5>\n<\/td>\n<td class=\"c4\" colspan=\"3\">\n<h5><span style=\"font-size: 14px;\">Breite: 900 mm x Tiefe\/L\u00e4nge: 400 mm<\/span><\/h5>\n<\/td>\n<\/tr>\n<\/tbody>\n<\/table>\n<h5><span style=\"font-size: 14px;\"><strong>WEEE-Nummer<\/strong>\u00a054978142<\/span><\/h5>","protected":false},"excerpt":{"rendered":"<h5><span style=\"font-size: 14px;\">Das HYTE P3 Reload Protagonist 2 Desk Pad ist das perfekte Gaming-Mauspad f\u00fcr alle ambitionierten Gamer.<\/span><\/h5>","protected":false},"featured_media":8848,"comment_status":"open","ping_status":"closed","template":"","meta":{"iawp_total_views":5},"product_brand":[],"product_cat":[171,128],"product_tag":[2218,2207,2239,1633,2213,2208,2241,2255,2254,2253,2212,2252,2237,2240,2238,2216,2221,2209,2235,2222,2236,2232],"class_list":{"0":"post-8844","1":"product","2":"type-product","3":"status-publish","4":"has-post-thumbnail","6":"product_cat-computer-mauspads","7":"product_cat-gaming-ausstattung","8":"product_tag-ergonomisches-mauspad","9":"product_tag-gaming-mauspad","10":"product_tag-gaming-schreibtisch-zubehoer","11":"product_tag-gaming-zubehoer","12":"product_tag-genaehte-raender","13":"product_tag-grosses-mauspad","14":"product_tag-hochwertiges-gaming-mauspad","15":"product_tag-hyte-p3-mauspad","16":"product_tag-hyte-p3-reload","17":"product_tag-hyte-p3-reload-protagonist-2-mauspad","18":"product_tag-langlebiges-mauspad","19":"product_tag-lava-design-mauspad","20":"product_tag-maus-und-tastaturpad","21":"product_tag-mauspad-fuer-alle-maustypen","22":"product_tag-mauspad-fuer-schnelle-bewegungen","23":"product_tag-praezises-mauspad","24":"product_tag-reibungslose-gleitfaehigkeit","25":"product_tag-rutschfestes-mauspad","26":"product_tag-speed-oberflaeche","27":"product_tag-stabiles-mauspad","28":"product_tag-wasserfestes-mauspad","29":"product_tag-xxl-mauspad","30":"product_shipping_class-lagerware","32":"first","33":"instock","34":"sale","35":"taxable","36":"shipping-taxable","37":"purchasable","38":"product-type-simple"},"_links":{"self":[{"href":"https:\/\/gamers-zone.de\/en\/wp-json\/wp\/v2\/product\/8844","targetHints":{"allow":["GET"]}}],"collection":[{"href":"https:\/\/gamers-zone.de\/en\/wp-json\/wp\/v2\/product"}],"about":[{"href":"https:\/\/gamers-zone.de\/en\/wp-json\/wp\/v2\/types\/product"}],"replies":[{"embeddable":true,"href":"https:\/\/gamers-zone.de\/en\/wp-json\/wp\/v2\/comments?post=8844"}],"version-history":[{"count":0,"href":"https:\/\/gamers-zone.de\/en\/wp-json\/wp\/v2\/product\/8844\/revisions"}],"wp:featuredmedia":[{"embeddable":true,"href":"https:\/\/gamers-zone.de\/en\/wp-json\/wp\/v2\/media\/8848"}],"wp:attachment":[{"href":"https:\/\/gamers-zone.de\/en\/wp-json\/wp\/v2\/media?parent=8844"}],"wp:term":[{"taxonomy":"product_brand","embeddable":true,"href":"https:\/\/gamers-zone.de\/en\/wp-json\/wp\/v2\/product_brand?post=8844"},{"taxonomy":"product_cat","embeddable":true,"href":"https:\/\/gamers-zone.de\/en\/wp-json\/wp\/v2\/product_cat?post=8844"},{"taxonomy":"product_tag","embeddable":true,"href":"https:\/\/gamers-zone.de\/en\/wp-json\/wp\/v2\/product_tag?post=8844"}],"curies":[{"name":"wp","href":"https:\/\/api.w.org\/{rel}","templated":true}]}}