{"id":8840,"date":"2024-11-23T08:49:33","date_gmt":"2024-11-23T08:49:33","guid":{"rendered":"https:\/\/gamers-zone.de\/?post_type=product&#038;p=8840"},"modified":"2025-02-04T14:43:34","modified_gmt":"2025-02-04T14:43:34","slug":"sharkoon-1337-v2-xxl-gaming-mauspad","status":"publish","type":"product","link":"https:\/\/gamers-zone.de\/en\/product\/sharkoon-1337-v2-xxl-gaming-mauspad\/","title":{"rendered":"Sharkoon 1337 V2 XXL Gaming Mauspad"},"content":{"rendered":"<h5 class=\"font-bigger\"><span style=\"font-size: 14px;\">Produktbeschreibung<\/span><\/h5>\n<h5><span style=\"font-size: 14px;\">Mit der 1337 V2 Gaming Mat haben wir unsere beliebteste Mouse Mat noch besser gemacht: F\u00fcr die V2 haben wir der Textiloberfl\u00e4che eine wasserabweisende Beschichtung spendiert und alle Kanten pr\u00e4zise mit dem Laser geschnitten, sodass unsch\u00f6nem Ausfransen vorgebeugt wird. Wie alle Gaming Mats der 1337-Serie hat auch die V2 eine absolut rutschfeste Kautschuk-Unterseite und eine Textiloberfl\u00e4che mit optimalen Gleiteigenschaften f\u00fcr alle Sensor-Arten. Wer seinen Schreibtisch fast komplett mit einer gleitstarken Textiloberfl\u00e4che \u00fcberziehen will, greift zur gigantischen 900 Millimeter in der L\u00e4nge und 400 Millimeter in der Tiefe messenden XXL-Variante der 1337 V2. Mit dieser Gr\u00f6\u00dfe sind ausschweifenden und temporeichen Mausman\u00f6vern keine Grenzen gesetzt. Trotz ihrer massiven Abmessungen f\u00e4llt die Mouse Mat mit einer H\u00f6he von nur 2,4 Millimetern angenehm flach und zugleich robust aus. Die 1337 V2 Gaming Mat XXL greift auf eine bew\u00e4hrte Textiloberfl\u00e4che zur\u00fcck, die nicht nur robust und strapazierf\u00e4hig ist, sondern auch einen minimalen Start- und Reibungswiderstand bietet. Sie sorgt somit f\u00fcr das widerstandslose Gleiten der Maus und das unabh\u00e4ngig vom genutzten Maus-Sensor. Die Unterseite besteht auch hier aus stabilem Kautschuk, der verhindert, dass die Mouse Mat unbemerkt beim Spielen und Arbeiten wegrutscht. Zus\u00e4tzlich zu optimalen Gleiteigenschaften bietet die Textiloberfl\u00e4che eine wasserabweisende Beschichtung, die Sch\u00e4den durch in der Hektik umgesto\u00dfene Getr\u00e4nke und andere kleine Pannen mit Fl\u00fcssigkeiten verhindert. Dar\u00fcber hinaus l\u00e4sst sich die 1337 V2 Gaming Mat XXL ganz einfach unter flie\u00dfendem Wasser von Staub und Schmutz befreien. Die Kanten der 1337 V2 Gaming Mat XXL sind absolut pr\u00e4zise mit dem Laser geschnitten. Hierdurch wird wirkungsvoll einem Ausfransen der Mouse Mat vorgebeugt und auch nach l\u00e4ngerer Nutzung eine saubere Optik auf dem Tisch gew\u00e4hrleistet. Dank der biegsamen Oberfl\u00e4che der 1337 V2 Gaming Mat XXL l\u00e4sst sich die Mouse Mat bei Bedarf einfach zusammenrollen. Sie kann so bequem verstaut werden und eignet sich auch als Begleiter auf Lan-Partys, E-Sport-Veranstaltungen und beim Arbeiten im Freien.<span class=\"font-weight-bold d-block mt-2\">Art.-Nr.: 1628172<\/span><\/span><\/h5>\n<h5 class=\"font-bigger\"><span style=\"font-size: 14px;\">Details<\/span><\/h5>\n<div class=\"d-block details-www mb-2\">\n<table>\n<tbody>\n<tr>\n<td class=\"c1\">\n<h5><span style=\"font-size: 14px;\">Typ<\/span><\/h5>\n<\/td>\n<td class=\"c4\" colspan=\"3\">\n<h5><span style=\"font-size: 14px;\">Gaming-Mauspad<\/span><\/h5>\n<\/td>\n<\/tr>\n<tr>\n<td class=\"c1\">\n<h5><span style=\"font-size: 14px;\">Farbe<\/span><\/h5>\n<\/td>\n<td class=\"c4\" colspan=\"3\">\n<h5><span style=\"font-size: 14px;\">schwarz<\/span><\/h5>\n<\/td>\n<\/tr>\n<tr>\n<td class=\"c1\">\n<h5><span style=\"font-size: 14px;\">EAN<\/span><\/h5>\n<\/td>\n<td class=\"c4\" colspan=\"3\">\n<h5><span style=\"font-size: 14px;\">4044951029969<\/span><\/h5>\n<\/td>\n<\/tr>\n<tr>\n<td class=\"c1\">\n<h5><span style=\"font-size: 14px;\">Serie<\/span><\/h5>\n<\/td>\n<td class=\"c4\" colspan=\"3\">\n<h5><span style=\"font-size: 14px;\">1337 V2<\/span><\/h5>\n<\/td>\n<\/tr>\n<tr>\n<td class=\"c1\">\n<h5><span style=\"font-size: 14px;\">Material<\/span><\/h5>\n<\/td>\n<td class=\"c4\" colspan=\"3\">\n<h5><span style=\"font-size: 14px;\">Stoff, Naturgummi<\/span><\/h5>\n<\/td>\n<\/tr>\n<tr>\n<td class=\"c1\">\n<h5><span style=\"font-size: 14px;\">Oberfl\u00e4chenstruktur<\/span><\/h5>\n<\/td>\n<td class=\"c4\" colspan=\"3\">\n<h5><span style=\"font-size: 14px;\">sehr fein<\/span><\/h5>\n<\/td>\n<\/tr>\n<tr>\n<td class=\"c1\">\n<h5><span style=\"font-size: 14px;\">Dimensions<\/span><\/h5>\n<\/td>\n<td class=\"c4\" colspan=\"3\">\n<h5><span style=\"font-size: 14px;\">XXL<\/span><\/h5>\n<\/td>\n<\/tr>\n<tr>\n<td class=\"c1\">\n<h5><span style=\"font-size: 14px;\">Einstufung<\/span><\/h5>\n<\/td>\n<td class=\"c4\" colspan=\"3\">\n<h5><span style=\"font-size: 14px;\">Low-Sense<\/span><\/h5>\n<\/td>\n<\/tr>\n<tr>\n<td class=\"c1\">\n<h5><span style=\"font-size: 14px;\">Details<\/span><\/h5>\n<\/td>\n<td class=\"c4\" colspan=\"3\">\n<h5><span style=\"font-size: 14px;\">wasserabweisende Oberfl\u00e4che, rutschfeste Unterseite<\/span><\/h5>\n<\/td>\n<\/tr>\n<tr>\n<td class=\"c1\">\n<h5><span style=\"font-size: 14px;\">Feature<\/span><\/h5>\n<\/td>\n<td class=\"c4\" colspan=\"3\">\n<h5><span style=\"font-size: 14px;\">Lasergeschnittene Kanten<\/span><\/h5>\n<\/td>\n<\/tr>\n<tr>\n<td class=\"c1\">\n<h5><span style=\"font-size: 14px;\">Abmessungen<\/span><\/h5>\n<\/td>\n<td class=\"c4\" colspan=\"3\">\n<h5><span style=\"font-size: 14px;\">Breite: 900 mm x H\u00f6he: 2,4 mm x Tiefe\/L\u00e4nge: 400 mm<\/span><\/h5>\n<\/td>\n<\/tr>\n<tr>\n<td class=\"c1\">\n<h5><span style=\"font-size: 14px;\">Gewicht<\/span><\/h5>\n<\/td>\n<td class=\"c4\" colspan=\"3\">\n<h5><span style=\"font-size: 14px;\">560 Gramm<\/span><\/h5>\n<\/td>\n<\/tr>\n<\/tbody>\n<\/table>\n<\/div>","protected":false},"excerpt":{"rendered":"<h5><span style=\"font-size: 14px;\">Mit der 1337 V2 Gaming Mat haben wir unsere beliebteste Mouse Mat noch besser gemacht.<\/span><\/h5>","protected":false},"featured_media":8842,"comment_status":"open","ping_status":"closed","template":"","meta":{"iawp_total_views":7},"product_brand":[],"product_cat":[171,128],"product_tag":[2218,2207,2239,1633,2213,2208,2241,2212,2252,2237,2240,2238,2216,2221,2209,2258,2256,2257,2235,2222,2236,2232],"class_list":{"0":"post-8840","1":"product","2":"type-product","3":"status-publish","4":"has-post-thumbnail","6":"product_cat-computer-mauspads","7":"product_cat-gaming-ausstattung","8":"product_tag-ergonomisches-mauspad","9":"product_tag-gaming-mauspad","10":"product_tag-gaming-schreibtisch-zubehoer","11":"product_tag-gaming-zubehoer","12":"product_tag-genaehte-raender","13":"product_tag-grosses-mauspad","14":"product_tag-hochwertiges-gaming-mauspad","15":"product_tag-langlebiges-mauspad","16":"product_tag-lava-design-mauspad","17":"product_tag-maus-und-tastaturpad","18":"product_tag-mauspad-fuer-alle-maustypen","19":"product_tag-mauspad-fuer-schnelle-bewegungen","20":"product_tag-praezises-mauspad","21":"product_tag-reibungslose-gleitfaehigkeit","22":"product_tag-rutschfestes-mauspad","23":"product_tag-sharkoon-1337","24":"product_tag-sharkoon-1337-v2","25":"product_tag-sharkoon-1337-v2-mauspad","26":"product_tag-speed-oberflaeche","27":"product_tag-stabiles-mauspad","28":"product_tag-wasserfestes-mauspad","29":"product_tag-xxl-mauspad","30":"product_shipping_class-lagerware","32":"first","33":"instock","34":"sale","35":"taxable","36":"shipping-taxable","37":"purchasable","38":"product-type-simple"},"_links":{"self":[{"href":"https:\/\/gamers-zone.de\/en\/wp-json\/wp\/v2\/product\/8840","targetHints":{"allow":["GET"]}}],"collection":[{"href":"https:\/\/gamers-zone.de\/en\/wp-json\/wp\/v2\/product"}],"about":[{"href":"https:\/\/gamers-zone.de\/en\/wp-json\/wp\/v2\/types\/product"}],"replies":[{"embeddable":true,"href":"https:\/\/gamers-zone.de\/en\/wp-json\/wp\/v2\/comments?post=8840"}],"version-history":[{"count":0,"href":"https:\/\/gamers-zone.de\/en\/wp-json\/wp\/v2\/product\/8840\/revisions"}],"wp:featuredmedia":[{"embeddable":true,"href":"https:\/\/gamers-zone.de\/en\/wp-json\/wp\/v2\/media\/8842"}],"wp:attachment":[{"href":"https:\/\/gamers-zone.de\/en\/wp-json\/wp\/v2\/media?parent=8840"}],"wp:term":[{"taxonomy":"product_brand","embeddable":true,"href":"https:\/\/gamers-zone.de\/en\/wp-json\/wp\/v2\/product_brand?post=8840"},{"taxonomy":"product_cat","embeddable":true,"href":"https:\/\/gamers-zone.de\/en\/wp-json\/wp\/v2\/product_cat?post=8840"},{"taxonomy":"product_tag","embeddable":true,"href":"https:\/\/gamers-zone.de\/en\/wp-json\/wp\/v2\/product_tag?post=8840"}],"curies":[{"name":"wp","href":"https:\/\/api.w.org\/{rel}","templated":true}]}}