{"id":8830,"date":"2024-11-21T11:02:55","date_gmt":"2024-11-21T11:02:55","guid":{"rendered":"https:\/\/gamers-zone.de\/?post_type=product&#038;p=8830"},"modified":"2025-02-04T14:46:37","modified_gmt":"2025-02-04T14:46:37","slug":"sharkoon-skiller-sgp30-xxl-hex","status":"publish","type":"product","link":"https:\/\/gamers-zone.de\/en\/product\/sharkoon-skiller-sgp30-xxl-hex\/","title":{"rendered":"Sharkoon SKILLER SGP30 XXL Hex"},"content":{"rendered":"<h5 class=\"font-bigger\"><span style=\"font-size: 14px;\">Produktbeschreibung<\/span><\/h5>\n<h5><span style=\"font-size: 14px;\">Ein gr\u00f6\u00dferer Handlungsspielraum bietet auch mehr Optionen, um ans Ziel zu kommen. Aus diesem Grund ist die Sharkoon SKILLER SGP30 XXL mit 900 x 400 mm nahezu so gro\u00df wie eine Tischplatte. Neben Tastatur und Maus findet so bequem auch weiteres Zubeh\u00f6r auf der Mouse Mat Platz, damit man jederzeit alles im Griff hat. Dank des Druckverfahrens per Sublimation entsteht auf der Oberfl\u00e4che auch bei den wildesten Man\u00f6vern keinerlei Abrieb und die Kautschuk-Unterseite bietet selbst in den brenzligsten Situationen einen sicheren Halt. Neben optimalen Gleiteigenschaften verf\u00fcgt die SKILLER SGP30 XXL \u00fcber eine wasserabweisende Beschichtung und l\u00e4sst sich so spielend leicht unter flie\u00dfendem Wasser von Staub und Schmutz befreien. Dank des flexiblen Materials der SKILLER SGP30 XXL muss man auch unterwegs nicht auf fl\u00fcssige und schnelle Man\u00f6ver verzichten, da sie sich aufgrund ihrer geringen Dicke von 2,5 mm ganz einfach zusammenrollen oder falten und bequem mit auf Reisen nehmen l\u00e4sst. Egal, ob eher dunkel und dezent oder hell und farbenfroh, die breite Motivpalette der SKILLER SGP30 XXL bietet f\u00fcr jeden Geschmack die passende Grundlage f\u00fcr ausgedehnte Spielesessions.<span class=\"font-weight-bold d-block mt-2\">Art.-Nr.: 1703350<\/span><\/span><\/h5>\n<h5 class=\"font-bigger\"><span style=\"font-size: 14px;\">Details<\/span><\/h5>\n<table>\n<tbody>\n<tr>\n<td class=\"c1\">\n<h5><span style=\"font-size: 14px;\">Typ<\/span><\/h5>\n<\/td>\n<td class=\"c4\" colspan=\"3\">\n<h5><span style=\"font-size: 14px;\">Gaming-Mauspad<\/span><\/h5>\n<\/td>\n<\/tr>\n<tr>\n<td class=\"c1\">\n<h5><span style=\"font-size: 14px;\">Farbe<\/span><\/h5>\n<\/td>\n<td class=\"c4\" colspan=\"3\">\n<h5><span style=\"font-size: 14px;\">hellgrau\/dunkelgrau<\/span><\/h5>\n<\/td>\n<\/tr>\n<tr>\n<td class=\"c1\">\n<h5><span style=\"font-size: 14px;\">EAN<\/span><\/h5>\n<\/td>\n<td class=\"c4\" colspan=\"3\">\n<h5><span style=\"font-size: 14px;\">4044951032198<\/span><\/h5>\n<\/td>\n<\/tr>\n<tr>\n<td class=\"c1\">\n<h5><span style=\"font-size: 14px;\">Material<\/span><\/h5>\n<\/td>\n<td class=\"c4\" colspan=\"3\">\n<h5><span style=\"font-size: 14px;\">Stoff, Naturgummi<\/span><\/h5>\n<\/td>\n<\/tr>\n<tr>\n<td class=\"c1\">\n<h5><span style=\"font-size: 14px;\">Oberfl\u00e4chenstruktur<\/span><\/h5>\n<\/td>\n<td class=\"c4\" colspan=\"3\">\n<h5><span style=\"font-size: 14px;\">glatt<\/span><\/h5>\n<\/td>\n<\/tr>\n<tr>\n<td class=\"c1\">\n<h5><span style=\"font-size: 14px;\">Dimensions<\/span><\/h5>\n<\/td>\n<td class=\"c4\" colspan=\"3\">\n<h5><span style=\"font-size: 14px;\">XXL<\/span><\/h5>\n<\/td>\n<\/tr>\n<tr>\n<td class=\"c1\">\n<h5><span style=\"font-size: 14px;\">Einstufung<\/span><\/h5>\n<\/td>\n<td class=\"c4\" colspan=\"3\">\n<h5><span style=\"font-size: 14px;\">Mid-Sense<\/span><\/h5>\n<\/td>\n<\/tr>\n<tr>\n<td class=\"c1\">\n<h5><span style=\"font-size: 14px;\">Details<\/span><\/h5>\n<\/td>\n<td class=\"c4\" colspan=\"3\">\n<h5><span style=\"font-size: 14px;\">wasserabweisende Oberfl\u00e4che, rutschfeste Unterseite, abgen\u00e4hte Kanten<\/span><\/h5>\n<\/td>\n<\/tr>\n<tr>\n<td class=\"c1\">\n<h5><span style=\"font-size: 14px;\">Aufbau<\/span><\/h5>\n<\/td>\n<td class=\"c4\" colspan=\"3\">\n<h5><span style=\"font-size: 14px;\">Textil-Oberfl\u00e4che, rutschfeste Kautschuk-Unterseite, DurableStitch-Vern\u00e4hung<\/span><\/h5>\n<\/td>\n<\/tr>\n<tr>\n<td class=\"c1\">\n<h5><span style=\"font-size: 14px;\">Feature<\/span><\/h5>\n<\/td>\n<td class=\"c4\" colspan=\"3\">\n<h5><span style=\"font-size: 14px;\">Flexibles Material<\/span><\/h5>\n<\/td>\n<\/tr>\n<tr>\n<td class=\"c1\">\n<h5><span style=\"font-size: 14px;\">Abmessungen<\/span><\/h5>\n<\/td>\n<td class=\"c4\" colspan=\"3\">\n<h5><span style=\"font-size: 14px;\">Breite: 900 mm x H\u00f6he: 2,5 mm x Tiefe\/L\u00e4nge: 400 mm<\/span><\/h5>\n<\/td>\n<\/tr>\n<tr>\n<td class=\"c1\">\n<h5><span style=\"font-size: 14px;\">Gewicht<\/span><\/h5>\n<\/td>\n<td class=\"c4\" colspan=\"3\">\n<h5><span style=\"font-size: 14px;\">565 Gramm<\/span><\/h5>\n<\/td>\n<\/tr>\n<\/tbody>\n<\/table>\n<h5><span style=\"font-size: 14px;\"><strong>WEEE-Nummer<\/strong>\u00a054978142<\/span><\/h5>\n<h5><span style=\"font-size: 12px;\">Sharkoon<\/span><br \/>\n<span style=\"font-size: 12px;\">Gr\u00fcninger Weg 48<\/span><br \/>\n<span style=\"font-size: 12px;\">35415 Polheim<\/span><br \/>\n<span style=\"font-size: 12px;\">DE<\/span><br \/>\n<span style=\"font-size: 12px;\"><a href=\"mailto:info@sharkoon.com\" aria-label=\"Kontaktiere info@sharkoon.com\">info@sharkoon.com<\/a><\/span><br \/>\n<span style=\"font-size: 12px;\"><a href=\"https:\/\/de.sharkoon.com\/\" target=\"_blank\" rel=\"noopener\">https:\/\/de.sharkoon.com\/<\/a><\/span><\/h5>","protected":false},"excerpt":{"rendered":"<h5><span style=\"font-size: 14px;\">Ein gr\u00f6\u00dferer Handlungsspielraum bietet auch mehr Optionen, um ans Ziel zu kommen. <\/span><\/h5>","protected":false},"featured_media":8831,"comment_status":"open","ping_status":"closed","template":"","meta":{"iawp_total_views":7},"product_brand":[],"product_cat":[171,128],"product_tag":[2218,2207,2239,1633,2213,2208,2241,2212,2252,2237,2240,2238,2216,2221,2209,2263,2264,2262,2265,2235,2222,2236,2232],"class_list":{"0":"post-8830","1":"product","2":"type-product","3":"status-publish","4":"has-post-thumbnail","6":"product_cat-computer-mauspads","7":"product_cat-gaming-ausstattung","8":"product_tag-ergonomisches-mauspad","9":"product_tag-gaming-mauspad","10":"product_tag-gaming-schreibtisch-zubehoer","11":"product_tag-gaming-zubehoer","12":"product_tag-genaehte-raender","13":"product_tag-grosses-mauspad","14":"product_tag-hochwertiges-gaming-mauspad","15":"product_tag-langlebiges-mauspad","16":"product_tag-lava-design-mauspad","17":"product_tag-maus-und-tastaturpad","18":"product_tag-mauspad-fuer-alle-maustypen","19":"product_tag-mauspad-fuer-schnelle-bewegungen","20":"product_tag-praezises-mauspad","21":"product_tag-reibungslose-gleitfaehigkeit","22":"product_tag-rutschfestes-mauspad","23":"product_tag-sharkoon-skiller-hex","24":"product_tag-sharkoon-skiller-sgp30","25":"product_tag-sharkoon-skiller-sgp30-xxl-hex","26":"product_tag-skiller-sgp30-xxl","27":"product_tag-speed-oberflaeche","28":"product_tag-stabiles-mauspad","29":"product_tag-wasserfestes-mauspad","30":"product_tag-xxl-mauspad","31":"product_shipping_class-lagerware","33":"first","34":"instock","35":"sale","36":"taxable","37":"shipping-taxable","38":"purchasable","39":"product-type-simple"},"_links":{"self":[{"href":"https:\/\/gamers-zone.de\/en\/wp-json\/wp\/v2\/product\/8830","targetHints":{"allow":["GET"]}}],"collection":[{"href":"https:\/\/gamers-zone.de\/en\/wp-json\/wp\/v2\/product"}],"about":[{"href":"https:\/\/gamers-zone.de\/en\/wp-json\/wp\/v2\/types\/product"}],"replies":[{"embeddable":true,"href":"https:\/\/gamers-zone.de\/en\/wp-json\/wp\/v2\/comments?post=8830"}],"version-history":[{"count":0,"href":"https:\/\/gamers-zone.de\/en\/wp-json\/wp\/v2\/product\/8830\/revisions"}],"wp:featuredmedia":[{"embeddable":true,"href":"https:\/\/gamers-zone.de\/en\/wp-json\/wp\/v2\/media\/8831"}],"wp:attachment":[{"href":"https:\/\/gamers-zone.de\/en\/wp-json\/wp\/v2\/media?parent=8830"}],"wp:term":[{"taxonomy":"product_brand","embeddable":true,"href":"https:\/\/gamers-zone.de\/en\/wp-json\/wp\/v2\/product_brand?post=8830"},{"taxonomy":"product_cat","embeddable":true,"href":"https:\/\/gamers-zone.de\/en\/wp-json\/wp\/v2\/product_cat?post=8830"},{"taxonomy":"product_tag","embeddable":true,"href":"https:\/\/gamers-zone.de\/en\/wp-json\/wp\/v2\/product_tag?post=8830"}],"curies":[{"name":"wp","href":"https:\/\/api.w.org\/{rel}","templated":true}]}}