{"id":8821,"date":"2024-11-21T10:13:18","date_gmt":"2024-11-21T10:13:18","guid":{"rendered":"https:\/\/gamers-zone.de\/?post_type=product&#038;p=8821"},"modified":"2025-02-04T14:48:59","modified_gmt":"2025-02-04T14:48:59","slug":"sharkoon-skiller-sgp30-xxl-d2-mauspad","status":"publish","type":"product","link":"https:\/\/gamers-zone.de\/en\/product\/sharkoon-skiller-sgp30-xxl-d2-mauspad\/","title":{"rendered":"Sharkoon SKILLER SGP30 XXL D2 Mauspad"},"content":{"rendered":"<h5 class=\"font-bigger\"><span style=\"font-size: 14px;\">Produktbeschreibung<\/span><\/h5>\n<h5><span style=\"font-size: 14px;\">Die Sharkoon SKILLER SGP30 XXL Gaming-Mouse-Mat ist mit einer Breite von 900 Millimetern und einer Tiefe von 400 Millimetern nahezu so gro\u00df wie eine Tischplatte, sodass neben Tastatur und Maus auch weiteres Zubeh\u00f6r bequem auf ihr Platz finden. Dank des Druckverfahrens per Sublimation entsteht auf der Oberfl\u00e4che selbst bei den wildesten Man\u00f6vern keinerlei Abrieb. Aufgrund der Kautschuk-Unterseite bietet die Mouse Mat zudem auch in den brenzligsten Situationen einen sicheren Halt. Die Textiloberfl\u00e4che der SKILLER SGP30 verf\u00fcgt neben optimalen Gleiteigenschaften \u00fcber eine eine wasserabweisende Beschichtung. So l\u00e4sst se sich spielend leicht unter flie\u00dfendem Wasser von Staub und Schmutz befreien. Aufgrund der geringen Dicke der SKILLER SGP30 l\u00e4sst sich diese ganz einfach zusammenrollen oder falten und bequem mit auf Reisen nehmen. So hat man auch unterwegs die perfekte Grundlage, um jederzeit geschmeidig agieren zu k\u00f6nnen.<span class=\"font-weight-bold d-block mt-2\">Art.-Nr.: 1917448<\/span><\/span><\/h5>\n<table>\n<tbody>\n<tr>\n<td class=\"c1\">\n<h5><span style=\"font-size: 12px;\">Typ<\/span><\/h5>\n<\/td>\n<td class=\"c4\" colspan=\"3\">\n<h5><span style=\"font-size: 12px;\">Gaming-Mauspad<\/span><\/h5>\n<\/td>\n<\/tr>\n<tr>\n<td class=\"c1\">\n<h5><span style=\"font-size: 12px;\">Farbe<\/span><\/h5>\n<\/td>\n<td class=\"c4\" colspan=\"3\">\n<h5><span style=\"font-size: 12px;\">schwarz\/lila<\/span><\/h5>\n<\/td>\n<\/tr>\n<tr>\n<td class=\"c1\">\n<h5><span style=\"font-size: 12px;\">EAN<\/span><\/h5>\n<\/td>\n<td class=\"c4\" colspan=\"3\">\n<h5><span style=\"font-size: 12px;\">4044951039487<\/span><\/h5>\n<\/td>\n<\/tr>\n<tr>\n<td class=\"c1\">\n<h5><span style=\"font-size: 12px;\">Material<\/span><\/h5>\n<\/td>\n<td class=\"c4\" colspan=\"3\">\n<h5><span style=\"font-size: 12px;\">Stoff, Naturgummi<\/span><\/h5>\n<\/td>\n<\/tr>\n<tr>\n<td class=\"c1\">\n<h5><span style=\"font-size: 12px;\">Oberfl\u00e4chenstruktur<\/span><\/h5>\n<\/td>\n<td class=\"c4\" colspan=\"3\">\n<h5><span style=\"font-size: 12px;\">fein<\/span><\/h5>\n<\/td>\n<\/tr>\n<tr>\n<td class=\"c1\">\n<h5><span style=\"font-size: 12px;\">Dimensions<\/span><\/h5>\n<\/td>\n<td class=\"c4\" colspan=\"3\">\n<h5><span style=\"font-size: 12px;\">XXL<\/span><\/h5>\n<\/td>\n<\/tr>\n<tr>\n<td class=\"c1\">\n<h5><span style=\"font-size: 12px;\">Einstufung<\/span><\/h5>\n<\/td>\n<td class=\"c4\" colspan=\"3\">\n<h5><span style=\"font-size: 12px;\">Mid-Sense<\/span><\/h5>\n<\/td>\n<\/tr>\n<tr>\n<td class=\"c1\">\n<h5><span style=\"font-size: 12px;\">Details<\/span><\/h5>\n<\/td>\n<td class=\"c4\" colspan=\"3\">\n<h5><span style=\"font-size: 12px;\">wasserabweisende Oberfl\u00e4che, rutschfeste Unterseite, abgen\u00e4hte Kanten<\/span><\/h5>\n<\/td>\n<\/tr>\n<tr>\n<td class=\"c1\">\n<h5><span style=\"font-size: 12px;\">Abmessungen<\/span><\/h5>\n<\/td>\n<td class=\"c4\" colspan=\"3\">\n<h5><span style=\"font-size: 12px;\">Breite: 900 mm x H\u00f6he: 2,5 mm x Tiefe\/L\u00e4nge: 400 mm<\/span><\/h5>\n<\/td>\n<\/tr>\n<tr>\n<td class=\"c1\">\n<h5><span style=\"font-size: 12px;\">Gewicht<\/span><\/h5>\n<\/td>\n<td class=\"c4\" colspan=\"3\">\n<h5><span style=\"font-size: 12px;\">680 Gramm<\/span><\/h5>\n<\/td>\n<\/tr>\n<\/tbody>\n<\/table>\n<p>&nbsp;<\/p>\n<h5><span style=\"font-size: 10px;\"><strong>WEEE-Nummer<\/strong>\u00a054978142<\/span><\/h5>\n<div class=\"row\">\n<div class=\"col-auto\">\n<div class=\"card mt-1\">\n<h5><span style=\"font-size: 10px;\"><button class=\"btn btn-link align-baseline text-left weeeNummerInfo\" type=\"button\" data-bs-toggle=\"collapse\" data-bs-target=\"#weeeInfo\" aria-expanded=\"true\" aria-controls=\"weeeInfo\"><strong>Verantwortliche Person f\u00fcr die EU<\/strong>\u00a0<\/button><\/span><\/h5>\n<h5 id=\"weeeInfo\" class=\"card-body collapse show\"><span style=\"font-size: 10px;\">Sharkoon<\/span><br \/>\n<span style=\"font-size: 10px;\">Gr\u00fcninger Weg 48<\/span><br \/>\n<span style=\"font-size: 10px;\">35415 Polheim<\/span><br \/>\n<span style=\"font-size: 10px;\">DE<\/span><br \/>\n<span style=\"font-size: 10px;\"><a href=\"mailto:info@sharkoon.com\" aria-label=\"Kontaktiere info@sharkoon.com\">info@sharkoon.com<\/a><\/span><br \/>\n<span style=\"font-size: 10px;\"><a href=\"https:\/\/de.sharkoon.com\/\" target=\"_blank\" rel=\"noopener\">https:\/\/de.sharkoon.com\/<\/a><\/span><\/h5>\n<\/div>\n<\/div>\n<\/div>","protected":false},"excerpt":{"rendered":"<h5><span style=\"font-size: 14px;\">Die Sharkoon SKILLER SGP30 XXL Gaming-Mouse-Mat ist mit einer Breite von 900 Millimetern und einer Tiefe von 400 Millimetern nahezu so gro\u00df wie eine Tischplatte.<\/span><\/h5>","protected":false},"featured_media":8822,"comment_status":"open","ping_status":"closed","template":"","meta":{"iawp_total_views":10},"product_brand":[],"product_cat":[171,128],"product_tag":[2218,2207,2239,1633,2213,2208,2241,2212,2252,2237,2240,2238,2216,2221,2209,2270,2271,2260,2269,2235,2222,2236,2232],"class_list":{"0":"post-8821","1":"product","2":"type-product","3":"status-publish","4":"has-post-thumbnail","6":"product_cat-computer-mauspads","7":"product_cat-gaming-ausstattung","8":"product_tag-ergonomisches-mauspad","9":"product_tag-gaming-mauspad","10":"product_tag-gaming-schreibtisch-zubehoer","11":"product_tag-gaming-zubehoer","12":"product_tag-genaehte-raender","13":"product_tag-grosses-mauspad","14":"product_tag-hochwertiges-gaming-mauspad","15":"product_tag-langlebiges-mauspad","16":"product_tag-lava-design-mauspad","17":"product_tag-maus-und-tastaturpad","18":"product_tag-mauspad-fuer-alle-maustypen","19":"product_tag-mauspad-fuer-schnelle-bewegungen","20":"product_tag-praezises-mauspad","21":"product_tag-reibungslose-gleitfaehigkeit","22":"product_tag-rutschfestes-mauspad","23":"product_tag-sgp30-xxl","24":"product_tag-sgp30-xxl-d2-mauspad","25":"product_tag-sharkoon-skiller-mauspad","26":"product_tag-sharkoon-skiller-sgp30-xxl-d2-mauspad","27":"product_tag-speed-oberflaeche","28":"product_tag-stabiles-mauspad","29":"product_tag-wasserfestes-mauspad","30":"product_tag-xxl-mauspad","31":"product_shipping_class-lagerware","33":"first","34":"instock","35":"sale","36":"taxable","37":"shipping-taxable","38":"purchasable","39":"product-type-simple"},"_links":{"self":[{"href":"https:\/\/gamers-zone.de\/en\/wp-json\/wp\/v2\/product\/8821","targetHints":{"allow":["GET"]}}],"collection":[{"href":"https:\/\/gamers-zone.de\/en\/wp-json\/wp\/v2\/product"}],"about":[{"href":"https:\/\/gamers-zone.de\/en\/wp-json\/wp\/v2\/types\/product"}],"replies":[{"embeddable":true,"href":"https:\/\/gamers-zone.de\/en\/wp-json\/wp\/v2\/comments?post=8821"}],"version-history":[{"count":0,"href":"https:\/\/gamers-zone.de\/en\/wp-json\/wp\/v2\/product\/8821\/revisions"}],"wp:featuredmedia":[{"embeddable":true,"href":"https:\/\/gamers-zone.de\/en\/wp-json\/wp\/v2\/media\/8822"}],"wp:attachment":[{"href":"https:\/\/gamers-zone.de\/en\/wp-json\/wp\/v2\/media?parent=8821"}],"wp:term":[{"taxonomy":"product_brand","embeddable":true,"href":"https:\/\/gamers-zone.de\/en\/wp-json\/wp\/v2\/product_brand?post=8821"},{"taxonomy":"product_cat","embeddable":true,"href":"https:\/\/gamers-zone.de\/en\/wp-json\/wp\/v2\/product_cat?post=8821"},{"taxonomy":"product_tag","embeddable":true,"href":"https:\/\/gamers-zone.de\/en\/wp-json\/wp\/v2\/product_tag?post=8821"}],"curies":[{"name":"wp","href":"https:\/\/api.w.org\/{rel}","templated":true}]}}