{"id":8712,"date":"2024-11-07T17:43:16","date_gmt":"2024-11-07T17:43:16","guid":{"rendered":"https:\/\/gamers-zone.de\/?post_type=product&#038;p=8712"},"modified":"2026-05-14T13:15:11","modified_gmt":"2026-05-14T13:15:11","slug":"kirby-and-the-forgotten-land-switch","status":"publish","type":"product","link":"https:\/\/gamers-zone.de\/en\/product\/kirby-and-the-forgotten-land-switch\/","title":{"rendered":"Kirby: And the forgotten land SWITCH (EU-Import)"},"content":{"rendered":"<h5><span style=\"font-size: 14px;\"><strong>Kirby and the Forgotten Land f\u00fcr Nintendo Switch \u2013 Ein episches Abenteuer in einer geheimnisvollen Welt!<\/strong><\/span><\/h5>\n<h5><span style=\"font-size: 14px;\">Begleite Kirby auf seinem gr\u00f6\u00dften Abenteuer in <strong>Kirby and the Forgotten Land<\/strong> f\u00fcr die Nintendo Switch! In diesem packenden 3D-Actionspiel erkundest du eine geheimnisvolle Welt voller Ruinen und Herausforderungen. Erlebe spannende K\u00e4mpfe, entdecke verborgene Geheimnisse und nutze Kirbys besondere F\u00e4higkeiten, um dich gegen m\u00e4chtige Gegner zu behaupten. Mit einem Freund an deiner Seite wird das Abenteuer noch gr\u00f6\u00dfer!<\/span><\/h5>\n<h5><span style=\"font-size: 14px;\"><strong>Hauptmerkmale<\/strong>:<\/span><\/h5>\n<ul>\n<li>\n<h5><span style=\"font-size: 14px;\"><strong>Offene 3D-Welten<\/strong>: Erkunde eine gro\u00dfe, mysteri\u00f6se Welt, die vollgepackt ist mit R\u00e4tseln, Hindernissen und versteckten Sch\u00e4tzen.<\/span><\/h5>\n<\/li>\n<li>\n<h5><span style=\"font-size: 14px;\"><strong>Kirbys einzigartige F\u00e4higkeiten<\/strong>: Kopiere die F\u00e4higkeiten deiner Gegner und nutze sie f\u00fcr deinen Sieg.<\/span><\/h5>\n<\/li>\n<li>\n<h5><span style=\"font-size: 14px;\"><strong>Mehrspieler-Modus<\/strong>: Spiele im lokalen Koop-Modus mit einem Freund, der die Rolle von Bandana Waddle Dee \u00fcbernimmt \u2013 gemeinsam habt ihr doppelt so viel Spa\u00df!<\/span><\/h5>\n<\/li>\n<li>\n<h5><span style=\"font-size: 14px;\"><strong>Wundersch\u00f6ne Grafik<\/strong>: Die lebendige, detaillierte Umgebung und der charmante Stil machen das Abenteuer zu einem echten Hingucker.<\/span><\/h5>\n<\/li>\n<\/ul>\n<h5><span style=\"font-size: 14px;\"><strong>Warum Kirby and the Forgotten Land f\u00fcr Nintendo Switch?<\/strong><\/span><\/h5>\n<h5><span style=\"font-size: 14px;\">Ob alleine oder zu zweit, <strong>Kirby and the Forgotten Land<\/strong> ist ein Abenteuer voller Magie und Spa\u00df, das f\u00fcr Jung und Alt geeignet ist. Die liebevoll gestaltete Welt, das vielseitige Gameplay und die M\u00f6glichkeit, das Abenteuer gemeinsam zu erleben, machen dieses Spiel zu einem unvergesslichen Erlebnis f\u00fcr alle Nintendo-Fans.<\/span><\/h5>\n<h5><span style=\"font-size: 14px;\"><strong>Bestelle jetzt und erlebe das vergessene Land mit Kirby!<\/strong><\/span><\/h5>\n<h5><span style=\"font-size: 14px;\">Hinweis: Dieses Produkt ist ein Import aus der EU. Trotz des Imports enth\u00e4lt das Spiel selbst den deutschen Text sowie weitere Sprachoptionen, sodass Sie Ihr Spielerlebnis uneingeschr\u00e4nkt genie\u00dfen k\u00f6nnen. Die Funktionalit\u00e4t ist vollst\u00e4ndig mit Ger\u00e4ten in Deutschland und der EU kompatibel. Bei den EU Importen ist die Verpackung meistens in Englisch geschrieben, in seltenen F\u00e4llen, auch andere Sprachen. Durch den EU-Import k\u00f6nnen wir Ihnen das Spiel zu einem g\u00fcnstigeren Preis anbieten, ohne dass Ihnen dadurch Nachteile entstehen \u2013 Sie erhalten die gleiche hochwertige Qualit\u00e4t wie bei einem in Deutschland gekauften Produkt. Unabh\u00e4ngig von der Version, wird die deutsche Sprachausgabe von den Entwicklern nicht immer angeboten, sondern nur als Untertitel.<\/span><\/h5>","protected":false},"excerpt":{"rendered":"<h5><span style=\"font-size: 14px;\">Begleite Kirby auf seinem gr\u00f6\u00dften Abenteuer in <strong>Kirby and the Forgotten Land<\/strong> f\u00fcr die Nintendo Switch!<\/span><\/h5>","protected":false},"featured_media":8714,"comment_status":"open","ping_status":"closed","template":"","meta":{"iawp_total_views":9},"product_brand":[3073],"product_cat":[106,120,108,149,119,121,153],"product_tag":[967,432,971,758,219,923,970,930,966,969,216,973,383,212,968,975,972,431,612,974],"class_list":{"0":"post-8712","1":"product","2":"type-product","3":"status-publish","4":"has-post-thumbnail","6":"product_brand-nintendo","7":"product_cat-abenteuer","8":"product_cat-einzelspieler","9":"product_cat-gelegenheitsspiel","10":"product_cat-jump-and-run","11":"product_cat-koop-spiele","12":"product_cat-mehrspieler","13":"product_cat-nintendo-switch-spiele","14":"product_tag-3d-actionspiel","15":"product_tag-abenteuer","16":"product_tag-bandana-waddle-dee","17":"product_tag-bosskaempfe","18":"product_tag-familienfreundlich","19":"product_tag-geheimnisse-entdecken","20":"product_tag-hindernisse","21":"product_tag-jump-n-run","22":"product_tag-kirby-and-the-forgotten-land","23":"product_tag-kirby-faehigkeiten","24":"product_tag-koop-modus","25":"product_tag-magische-welt","26":"product_tag-mehrspieler","27":"product_tag-nintendo-switch","28":"product_tag-nintendo-fans","29":"product_tag-nintendo-highlight","30":"product_tag-open-world-elemente","31":"product_tag-plattformspiel","32":"product_tag-raetsel","33":"product_tag-spielspass","34":"product_shipping_class-lagerware","36":"first","37":"instock","38":"sale","39":"taxable","40":"shipping-taxable","41":"purchasable","42":"product-type-simple"},"_links":{"self":[{"href":"https:\/\/gamers-zone.de\/en\/wp-json\/wp\/v2\/product\/8712","targetHints":{"allow":["GET"]}}],"collection":[{"href":"https:\/\/gamers-zone.de\/en\/wp-json\/wp\/v2\/product"}],"about":[{"href":"https:\/\/gamers-zone.de\/en\/wp-json\/wp\/v2\/types\/product"}],"replies":[{"embeddable":true,"href":"https:\/\/gamers-zone.de\/en\/wp-json\/wp\/v2\/comments?post=8712"}],"version-history":[{"count":1,"href":"https:\/\/gamers-zone.de\/en\/wp-json\/wp\/v2\/product\/8712\/revisions"}],"predecessor-version":[{"id":14043,"href":"https:\/\/gamers-zone.de\/en\/wp-json\/wp\/v2\/product\/8712\/revisions\/14043"}],"wp:featuredmedia":[{"embeddable":true,"href":"https:\/\/gamers-zone.de\/en\/wp-json\/wp\/v2\/media\/8714"}],"wp:attachment":[{"href":"https:\/\/gamers-zone.de\/en\/wp-json\/wp\/v2\/media?parent=8712"}],"wp:term":[{"taxonomy":"product_brand","embeddable":true,"href":"https:\/\/gamers-zone.de\/en\/wp-json\/wp\/v2\/product_brand?post=8712"},{"taxonomy":"product_cat","embeddable":true,"href":"https:\/\/gamers-zone.de\/en\/wp-json\/wp\/v2\/product_cat?post=8712"},{"taxonomy":"product_tag","embeddable":true,"href":"https:\/\/gamers-zone.de\/en\/wp-json\/wp\/v2\/product_tag?post=8712"}],"curies":[{"name":"wp","href":"https:\/\/api.w.org\/{rel}","templated":true}]}}