{"id":8707,"date":"2024-11-07T17:20:17","date_gmt":"2024-11-07T17:20:17","guid":{"rendered":"https:\/\/gamers-zone.de\/?post_type=product&#038;p=8707"},"modified":"2026-05-14T12:58:47","modified_gmt":"2026-05-14T12:58:47","slug":"princes-peach-showtime-switch","status":"publish","type":"product","link":"https:\/\/gamers-zone.de\/en\/product\/princes-peach-showtime-switch\/","title":{"rendered":"Princes Peach: Showtime SWITCH (EU-Import)"},"content":{"rendered":"<h5><span style=\"font-size: 14px;\"><strong>Princess Peach: Showtime! f\u00fcr Nintendo Switch \u2013 Prinzessin Peach im Rampenlicht<\/strong><\/span><\/h5>\n<h5><span style=\"font-size: 14px;\">Begleite Prinzessin Peach in ihrem ganz eigenen Abenteuer in <strong>Princess Peach: Showtime!<\/strong> f\u00fcr die Nintendo Switch. Dieses farbenfrohe Action-Spiel bietet eine spannende Geschichte, in der Peach nicht nur ihre Freunde rettet, sondern auch ihre vielf\u00e4ltigen Talente auf der gro\u00dfen B\u00fchne zeigt. K\u00e4mpfe, l\u00f6se R\u00e4tsel und entdecke abwechslungsreiche Welten \u2013 und das alles im einzigartigen Stil der Nintendo-Welt!<\/span><\/h5>\n<h5><span style=\"font-size: 14px;\"><strong>Hauptmerkmale<\/strong>:<\/span><\/h5>\n<ul>\n<li>\n<h5><span style=\"font-size: 14px;\"><strong>Fesselnde Abenteuer<\/strong>: Hilf Peach, ihre Freunde zu befreien und entdecke eine v\u00f6llig neue Seite an ihr.<\/span><\/h5>\n<\/li>\n<li>\n<h5><span style=\"font-size: 14px;\"><strong>Abwechslungsreiche Spielstile<\/strong>: Nutze Peachs F\u00e4higkeiten, um Gegner zu besiegen, R\u00e4tsel zu l\u00f6sen und Hindernisse zu \u00fcberwinden.<\/span><\/h5>\n<\/li>\n<li>\n<h5><span style=\"font-size: 14px;\"><strong>Atemberaubende Grafiken und Animationen<\/strong>: Genie\u00df das liebevolle Design und die detailreichen Umgebungen, die das Abenteuer zum Leben erwecken.<\/span><\/h5>\n<\/li>\n<li>\n<h5><span style=\"font-size: 14px;\"><strong>Einzelspieler-Erlebnis<\/strong>: Das Spiel ist f\u00fcr Solo-Spieler konzipiert und bietet ein packendes Einzelspieler-Abenteuer voller Charme und Spannung.<\/span><\/h5>\n<\/li>\n<\/ul>\n<h5><span style=\"font-size: 14px;\"><strong>Warum Princess Peach: Showtime! f\u00fcr Nintendo Switch?<\/strong><\/span><\/h5>\n<h5><span style=\"font-size: 14px;\">Princess Peach erobert in ihrem ersten eigenen Abenteuer die Herzen der Spieler. Ob als Einsteiger oder erfahrener Nintendo-Fan \u2013 <strong>Princess Peach: Showtime!<\/strong> bietet dir eine fantastische Reise durch kreative Level und Herausforderungen, die dir zeigen, was Peach wirklich alles kann. Ein Muss f\u00fcr alle Nintendo-Fans, die etwas Neues und Einzigartiges suchen.<\/span><\/h5>\n<h5><span style=\"font-size: 14px;\"><strong>Jetzt bestellen und mit Peach ins Rampenlicht treten!<\/strong><\/span><\/h5>\n<h5><span style=\"font-size: 14px;\">Hinweis: Dieses Produkt ist ein Import aus der EU. Trotz des Imports enth\u00e4lt das Spiel selbst den deutschen Text sowie weitere Sprachoptionen, sodass Sie Ihr Spielerlebnis uneingeschr\u00e4nkt genie\u00dfen k\u00f6nnen. Die Funktionalit\u00e4t ist vollst\u00e4ndig mit Ger\u00e4ten in Deutschland und der EU kompatibel. Bei den EU Importen ist die Verpackung meistens in Englisch geschrieben, in seltenen F\u00e4llen, auch andere Sprachen. Durch den EU-Import k\u00f6nnen wir Ihnen das Spiel zu einem g\u00fcnstigeren Preis anbieten, ohne dass Ihnen dadurch Nachteile entstehen \u2013 Sie erhalten die gleiche hochwertige Qualit\u00e4t wie bei einem in Deutschland gekauften Produkt. Unabh\u00e4ngig von der Version, wird die deutsche Sprachausgabe von den Entwicklern nicht immer angeboten, sondern nur als Untertitel.<\/span><\/h5>","protected":false},"excerpt":{"rendered":"<h5><span style=\"font-size: 14px;\">Begleite Prinzessin Peach in ihrem ganz eigenen Abenteuer in <strong>Princess Peach: Showtime!<\/strong><\/span><\/h5>","protected":false},"featured_media":8710,"comment_status":"open","ping_status":"closed","template":"","meta":{"iawp_total_views":0},"product_brand":[3073],"product_cat":[106,120,108,149,153,165],"product_tag":[432,977,985,369,987,219,982,979,930,981,984,973,986,212,968,975,937,980,976,978,983],"class_list":{"0":"post-8707","1":"product","2":"type-product","3":"status-publish","4":"has-post-thumbnail","6":"product_brand-nintendo","7":"product_cat-abenteuer","8":"product_cat-einzelspieler","9":"product_cat-gelegenheitsspiel","10":"product_cat-jump-and-run","11":"product_cat-nintendo-switch-spiele","12":"product_cat-raetzel","13":"product_tag-abenteuer","14":"product_tag-action-spiel","15":"product_tag-charmantes-gameplay","16":"product_tag-einzelspieler","17":"product_tag-einzigartiges-spielerlebnis","18":"product_tag-familienfreundlich","19":"product_tag-farbenfrohe-grafik","20":"product_tag-hindernisse-ueberwinden","21":"product_tag-jump-n-run","22":"product_tag-kreative-level","23":"product_tag-liebevolles-design","24":"product_tag-magische-welt","25":"product_tag-neue-herausforderungen","26":"product_tag-nintendo-switch","27":"product_tag-nintendo-fans","28":"product_tag-nintendo-highlight","29":"product_tag-packende-story","30":"product_tag-peach-faehigkeiten","31":"product_tag-princess-peach-showtime","32":"product_tag-raetsel-loesen","33":"product_tag-solo-spiel","34":"product_shipping_class-lagerware","36":"first","37":"instock","38":"sale","39":"taxable","40":"shipping-taxable","41":"purchasable","42":"product-type-simple"},"_links":{"self":[{"href":"https:\/\/gamers-zone.de\/en\/wp-json\/wp\/v2\/product\/8707","targetHints":{"allow":["GET"]}}],"collection":[{"href":"https:\/\/gamers-zone.de\/en\/wp-json\/wp\/v2\/product"}],"about":[{"href":"https:\/\/gamers-zone.de\/en\/wp-json\/wp\/v2\/types\/product"}],"replies":[{"embeddable":true,"href":"https:\/\/gamers-zone.de\/en\/wp-json\/wp\/v2\/comments?post=8707"}],"version-history":[{"count":1,"href":"https:\/\/gamers-zone.de\/en\/wp-json\/wp\/v2\/product\/8707\/revisions"}],"predecessor-version":[{"id":14044,"href":"https:\/\/gamers-zone.de\/en\/wp-json\/wp\/v2\/product\/8707\/revisions\/14044"}],"wp:featuredmedia":[{"embeddable":true,"href":"https:\/\/gamers-zone.de\/en\/wp-json\/wp\/v2\/media\/8710"}],"wp:attachment":[{"href":"https:\/\/gamers-zone.de\/en\/wp-json\/wp\/v2\/media?parent=8707"}],"wp:term":[{"taxonomy":"product_brand","embeddable":true,"href":"https:\/\/gamers-zone.de\/en\/wp-json\/wp\/v2\/product_brand?post=8707"},{"taxonomy":"product_cat","embeddable":true,"href":"https:\/\/gamers-zone.de\/en\/wp-json\/wp\/v2\/product_cat?post=8707"},{"taxonomy":"product_tag","embeddable":true,"href":"https:\/\/gamers-zone.de\/en\/wp-json\/wp\/v2\/product_tag?post=8707"}],"curies":[{"name":"wp","href":"https:\/\/api.w.org\/{rel}","templated":true}]}}