{"id":8589,"date":"2024-10-24T11:53:24","date_gmt":"2024-10-24T11:53:24","guid":{"rendered":"https:\/\/gamers-zone.de\/?post_type=product&#038;p=8589"},"modified":"2026-05-14T13:52:05","modified_gmt":"2026-05-14T13:52:05","slug":"assassins-creed-animus-ezio-14","status":"publish","type":"product","link":"https:\/\/gamers-zone.de\/en\/product\/assassins-creed-animus-ezio-14\/","title":{"rendered":"Assassin&#8217;s Creed &#8211; Animus Ezio 1:4"},"content":{"rendered":"<h5><span style=\"font-size: 14px;\">Beschreibung Assassin&#8217;s Creed &#8211; Animus Ezio 1:4<\/span><\/h5>\n<h5><span style=\"font-size: 14px;\">Pure Arts ist stolz darauf, Animus Ezio zu pr\u00e4sentieren, die neueste Statue im Ma\u00dfstab 1:4, die unsere Assassin&#8217;s Creed Animus Collection vervollst\u00e4ndigt! Holen Sie sich Ezio Auditore nach Hause, wie er sich majest\u00e4tisch aus der ikonischen Santa Maria del Fiore mit beiden Klingen im Anschlag materialisiert. Die wei\u00dfen LED-Lichter, die in den Animus-Effekt hinter Ezio integriert sind, sorgen f\u00fcr ein stimmungsvolles Ambiente.<\/span><\/h5>\n<h5><span style=\"font-size: 14px;\">Licensed by Ubisoft<\/span><br \/>\n<span style=\"font-size: 14px;\">Scale: 1\/4<\/span><br \/>\n<span style=\"font-size: 14px;\">Material: Polyresin<\/span><br \/>\n<span style=\"font-size: 14px;\">Begrenzung: 2.500<\/span><\/h5>\n<h5><span style=\"font-size: 14px;\">Product &amp; Package Information<\/span><\/h5>\n<h5><span style=\"font-size: 14px;\">Qty: 1 statue<\/span><br \/>\n<span style=\"font-size: 14px;\">H\u00f6he: 70 cm<\/span><br \/>\n<span style=\"font-size: 14px;\">Breite: 58 cm<\/span><br \/>\n<span style=\"font-size: 14px;\">Tiefe: 39 cm<\/span><br \/>\n<span style=\"font-size: 14px;\">Gewicht: 13,5 kg<\/span><\/h5>\n<h5><span style=\"font-size: 14px;\">Abmessungen der Versandbox<\/span><br \/>\n<span style=\"font-size: 14px;\">H\u00f6he: 81 cm<\/span><br \/>\n<span style=\"font-size: 14px;\">Breite: 70 cm<\/span><br \/>\n<span style=\"font-size: 14px;\">Tiefe: 44,5 cm<\/span><br \/>\n<span style=\"font-size: 14px;\">Gewicht: 19,2 kg<\/span><\/h5>\n<h5><span style=\"font-size: 14px;\">\u00a9 2019 Ubisoft Entertainment. Alle Rechte vorbehalten. Assassin&#8217;s Creed, Ubisoft und das Ubisoft-Logo sind eingetragene oder nicht eingetragene Marken von Ubisoft Entertainment in den USA und\/oder anderen L\u00e4ndern.<\/span><\/h5>","protected":false},"excerpt":{"rendered":"<h5><span style=\"font-size: 14px;\">Pure Arts ist stolz darauf, Animus Ezio zu pr\u00e4sentieren, die neueste Statue im Ma\u00dfstab 1:4.<\/span><\/h5>","protected":false},"featured_media":8596,"comment_status":"open","ping_status":"closed","template":"","meta":{"iawp_total_views":59},"product_brand":[3071],"product_cat":[156],"product_tag":[1392,1389,1412,1441,1387,1439,1444,1398,1446,1419,1437,1447,1404,1440,1413,1442,1391,1411,1430,1438,1443,1445],"class_list":{"0":"post-8589","1":"product","2":"type-product","3":"status-publish","4":"has-post-thumbnail","6":"product_brand-purearts","7":"product_cat-fanartikel","8":"product_tag-14-massstab","9":"product_tag-animus","10":"product_tag-animus-statue","11":"product_tag-assassin","12":"product_tag-assassins-creed","13":"product_tag-assassins-creed-animus-collection","14":"product_tag-assassins-creed-figur","15":"product_tag-assassins-creed-fanartikel","16":"product_tag-collectors-item","17":"product_tag-detailreiche-skulptur","18":"product_tag-ezio-auditore","19":"product_tag-gaming-merchandise","20":"product_tag-gaming-sammlung","21":"product_tag-ikonische-klingen","22":"product_tag-led-beleuchtung","23":"product_tag-majestaetisch","24":"product_tag-polyresin","25":"product_tag-purearts","26":"product_tag-sammlerstueck","27":"product_tag-santa-maria-del-fiore","28":"product_tag-stimmungsvolles-ambiente","29":"product_tag-videospiel-sammlung","30":"product_shipping_class-pureart-artikel","32":"first","33":"instock","34":"sale","35":"taxable","36":"shipping-taxable","37":"purchasable","38":"product-type-simple"},"_links":{"self":[{"href":"https:\/\/gamers-zone.de\/en\/wp-json\/wp\/v2\/product\/8589","targetHints":{"allow":["GET"]}}],"collection":[{"href":"https:\/\/gamers-zone.de\/en\/wp-json\/wp\/v2\/product"}],"about":[{"href":"https:\/\/gamers-zone.de\/en\/wp-json\/wp\/v2\/types\/product"}],"replies":[{"embeddable":true,"href":"https:\/\/gamers-zone.de\/en\/wp-json\/wp\/v2\/comments?post=8589"}],"version-history":[{"count":1,"href":"https:\/\/gamers-zone.de\/en\/wp-json\/wp\/v2\/product\/8589\/revisions"}],"predecessor-version":[{"id":14115,"href":"https:\/\/gamers-zone.de\/en\/wp-json\/wp\/v2\/product\/8589\/revisions\/14115"}],"wp:featuredmedia":[{"embeddable":true,"href":"https:\/\/gamers-zone.de\/en\/wp-json\/wp\/v2\/media\/8596"}],"wp:attachment":[{"href":"https:\/\/gamers-zone.de\/en\/wp-json\/wp\/v2\/media?parent=8589"}],"wp:term":[{"taxonomy":"product_brand","embeddable":true,"href":"https:\/\/gamers-zone.de\/en\/wp-json\/wp\/v2\/product_brand?post=8589"},{"taxonomy":"product_cat","embeddable":true,"href":"https:\/\/gamers-zone.de\/en\/wp-json\/wp\/v2\/product_cat?post=8589"},{"taxonomy":"product_tag","embeddable":true,"href":"https:\/\/gamers-zone.de\/en\/wp-json\/wp\/v2\/product_tag?post=8589"}],"curies":[{"name":"wp","href":"https:\/\/api.w.org\/{rel}","templated":true}]}}