{"id":8577,"date":"2024-10-24T10:16:36","date_gmt":"2024-10-24T10:16:36","guid":{"rendered":"https:\/\/gamers-zone.de\/?post_type=product&#038;p=8577"},"modified":"2025-02-04T10:28:10","modified_gmt":"2025-02-04T10:28:10","slug":"the-witcher-3-wild-hunt-geralt-16","status":"publish","type":"product","link":"https:\/\/gamers-zone.de\/en\/product\/the-witcher-3-wild-hunt-geralt-16\/","title":{"rendered":"The Witcher 3 &#8211; Wild Hunt Geralt 1:6"},"content":{"rendered":"<h5><span style=\"font-size: 14px;\">The Witcher 3 &#8211; Wild Hunt Geralt 1:6<\/span><\/h5>\n<h5><span style=\"font-size: 14px;\">\u201eHexer wurden geschaffen, um Monster zu t\u00f6ten. Es spielt keine Rolle, wer den Zettel aufgeh\u00e4ngt hat, die M\u00fcnze muss nur stimmen, das ist alles.\u201c &#8211; Geralt von Rivia<\/span><\/h5>\n<h5><span style=\"font-size: 14px;\">PureArts ist stolz darauf, das atemberaubende Cover von Blood &amp; Wine zum Leben zu erwecken, das Geralt von Rivia zeigt, wie er aufmerksam von seinem Thron blickt, einen blutigen Kelch in der einen Hand und sein verbessertes silbernes Greifenschwert in der anderen h\u00e4lt, w\u00e4hrend der abgetrennte Arm des Hochvampirs Dettlaff zu seinen F\u00fc\u00dfen liegt.<\/span><\/h5>\n<h5><span style=\"font-size: 14px;\">All die scharfen Details unserer gr\u00f6\u00dferen Deluxe-Version, aber in einem kleineren 1\/6-Format.<\/span><\/h5>\n<h5><span style=\"font-size: 14px;\">PRODUKT-HIGHLIGHTS:<\/span><\/h5>\n<h5><span style=\"font-size: 14px;\">Skulptur im Ma\u00dfstab 1\/6 mit sehr detaillierten Haut- und Kleidungstexturen<\/span><br \/>\n<span style=\"font-size: 14px;\">Detaillierter Sockel mit abgetrenntem Arm des Hohen Vampirs Dettlaff.<\/span><br \/>\n<span style=\"font-size: 14px;\">Die Statue enth\u00e4lt das Silberschwert des Greifen und sein Stahlschwert<\/span><\/h5>\n<h5><span style=\"font-size: 14px;\">PRODUCT FEATURES:<\/span><\/h5>\n<h5><span style=\"font-size: 14px;\">Lizenziert durch CDPR<\/span><br \/>\n<span style=\"font-size: 14px;\">Ma\u00dfstab: 1\/6<\/span><br \/>\n<span style=\"font-size: 14px;\">Material: Polyresin<\/span><br \/>\n<span style=\"font-size: 14px;\">Gr\u00f6\u00dfe der Auflage: Offene Auflage<\/span><\/h5>\n<h5><span style=\"font-size: 14px;\">Product &amp; Package Information<\/span><\/h5>\n<h5><span style=\"font-size: 14px;\">H\u00f6he: 29 cm<\/span><br \/>\n<span style=\"font-size: 14px;\">Breite: 24 cm<\/span><br \/>\n<span style=\"font-size: 14px;\">Tiefe: 24 cm<\/span><br \/>\n<span style=\"font-size: 14px;\">Gewicht: 4,5 kg<\/span><br \/>\n<span style=\"font-size: 14px;\">Abmessungen des Versandkartons: 62,5cm x 27cm x 52cm<\/span><br \/>\n<span style=\"font-size: 14px;\">Gewicht der Versandbox: 7kg<\/span><\/h5>\n<h5><span style=\"font-size: 14px;\">CD PROJEKT\u00ae, The Witcher\u00ae*, sind eingetragene Marken der CD PROJEKT Capital Group.<\/span><br \/>\n<span style=\"font-size: 14px;\">The Witcher-Spiele \u00a9 CD PROJEKT S.A. Alle Rechte vorbehalten.<\/span><br \/>\n<span style=\"font-size: 14px;\">\u00a92022 PUREARTS LIMITED. Alle Rechte vorbehalten.<\/span><\/h5>","protected":false},"excerpt":{"rendered":"<h5><span style=\"font-size: 14px;\">PureArts ist stolz darauf, das atemberaubende Cover von Blood &amp; Wine zum Leben zu erwecken, das Geralt von Rivia zeigt.<\/span><\/h5>","protected":false},"featured_media":8585,"comment_status":"open","ping_status":"closed","template":"","meta":{"iawp_total_views":15},"product_brand":[],"product_cat":[156],"product_tag":[1449,1455,1448,1458,1456,1460,1453,1447,1462,650,1459,1450,1454,1433,1451,1411,1430,1452,647,1463,1464,1461,1457,1445],"class_list":{"0":"post-8577","1":"product","2":"type-product","3":"status-publish","4":"has-post-thumbnail","6":"product_cat-fanartikel","7":"product_tag-16-massstab","8":"product_tag-abgetrennter-arm","9":"product_tag-blood-wine","10":"product_tag-deluxe-version","11":"product_tag-detaillierte-skulptur","12":"product_tag-detaillierter-sockel","13":"product_tag-dettlaff","14":"product_tag-gaming-merchandise","15":"product_tag-geralt-statue","16":"product_tag-geralt-von-rivia","17":"product_tag-hauttexturen","18":"product_tag-hexer","19":"product_tag-hochvampir","20":"product_tag-kleidungstexturen","21":"product_tag-monsterjaeger","22":"product_tag-purearts","23":"product_tag-sammlerstueck","24":"product_tag-silbernes-greifenschwert","25":"product_tag-the-witcher-3","26":"product_tag-the-witcher-3-fanartikel","27":"product_tag-the-witcher-merchandise","28":"product_tag-the-witcher-sammlerfigur","29":"product_tag-videospiel-figur","30":"product_tag-videospiel-sammlung","31":"product_shipping_class-pureart-artikel","33":"first","34":"instock","35":"sale","36":"taxable","37":"shipping-taxable","38":"purchasable","39":"product-type-simple"},"_links":{"self":[{"href":"https:\/\/gamers-zone.de\/en\/wp-json\/wp\/v2\/product\/8577","targetHints":{"allow":["GET"]}}],"collection":[{"href":"https:\/\/gamers-zone.de\/en\/wp-json\/wp\/v2\/product"}],"about":[{"href":"https:\/\/gamers-zone.de\/en\/wp-json\/wp\/v2\/types\/product"}],"replies":[{"embeddable":true,"href":"https:\/\/gamers-zone.de\/en\/wp-json\/wp\/v2\/comments?post=8577"}],"version-history":[{"count":0,"href":"https:\/\/gamers-zone.de\/en\/wp-json\/wp\/v2\/product\/8577\/revisions"}],"wp:featuredmedia":[{"embeddable":true,"href":"https:\/\/gamers-zone.de\/en\/wp-json\/wp\/v2\/media\/8585"}],"wp:attachment":[{"href":"https:\/\/gamers-zone.de\/en\/wp-json\/wp\/v2\/media?parent=8577"}],"wp:term":[{"taxonomy":"product_brand","embeddable":true,"href":"https:\/\/gamers-zone.de\/en\/wp-json\/wp\/v2\/product_brand?post=8577"},{"taxonomy":"product_cat","embeddable":true,"href":"https:\/\/gamers-zone.de\/en\/wp-json\/wp\/v2\/product_cat?post=8577"},{"taxonomy":"product_tag","embeddable":true,"href":"https:\/\/gamers-zone.de\/en\/wp-json\/wp\/v2\/product_tag?post=8577"}],"curies":[{"name":"wp","href":"https:\/\/api.w.org\/{rel}","templated":true}]}}