{"id":8568,"date":"2024-10-24T08:30:58","date_gmt":"2024-10-24T08:30:58","guid":{"rendered":"https:\/\/gamers-zone.de\/?post_type=product&#038;p=8568"},"modified":"2025-02-04T10:29:03","modified_gmt":"2025-02-04T10:29:03","slug":"soul-embrace-siegfried-statue-massstab-14","status":"publish","type":"product","link":"https:\/\/gamers-zone.de\/en\/product\/soul-embrace-siegfried-statue-massstab-14\/","title":{"rendered":"Soul Embrace &#8211; Siegfried Statue Ma\u00dfstab 1:4"},"content":{"rendered":"<h5><span style=\"font-size: 14px;\">Beschreibung Soul Embrace &#8211; Siegfried Statue Ma\u00dfstab 1:4<\/span><\/h5>\n<h5><span style=\"font-size: 14px;\">PureArts pr\u00e4sentiert die neue hochdetaillierte 1\/4 Statue aus Polystone, die Siegfried aus der SOULCALIBUR Franchise darstellt ist.<\/span><\/h5>\n<h5><span style=\"font-size: 14px;\">Wie in der Er\u00f6ffnungsszene von SOULCALIBUR III entfesselt Siegfried die Seelenumarmung, indem er das Soul Calibur durch den Seelenrand f\u00fchrt. Genie\u00dfe die wundersch\u00f6n detaillierte Skulptur auf einem massiven Sockel mit LED-Effekten im Ma\u00dfstab 1:4!<\/span><\/h5>\n<h5><span style=\"font-size: 14px;\">Produkt-Highlights<\/span><\/h5>\n<h5><span style=\"font-size: 14px;\">Pose und Aufbau inspiriert von der Er\u00f6ffnungsszene von SOULCALIBUR III<\/span><br \/>\n<span style=\"font-size: 14px;\">LED-beleuchtete Basis<\/span><br \/>\n<span style=\"font-size: 14px;\">Gro\u00dfe Basis mit Soul Edge und LED-System<\/span><\/h5>\n<h5><span style=\"font-size: 14px;\">Produktmerkmale<\/span><\/h5>\n<h5><span style=\"font-size: 14px;\">Lizenz: BANDAI NAMCO Entertainment Inc.<\/span><br \/>\n<span style=\"font-size: 14px;\">Ma\u00dfstab: Ma\u00dfstab 1\/4<\/span><br \/>\n<span style=\"font-size: 14px;\">Material: Polyresin<\/span><br \/>\n<span style=\"font-size: 14px;\">Limitierte Auflage von 500 St\u00fcck<\/span><\/h5>\n<h5><span style=\"font-size: 14px;\">Product &amp; Package Information<\/span><\/h5>\n<h5><span style=\"font-size: 14px;\">Anzahl: 1 Statue<\/span><br \/>\n<span style=\"font-size: 14px;\">H\u00f6he: 62,5 cm<\/span><br \/>\n<span style=\"font-size: 14px;\">Breite: 53 cm<\/span><br \/>\n<span style=\"font-size: 14px;\">Tiefe: 41 cm<\/span><br \/>\n<span style=\"font-size: 14px;\">Gewicht: 8 kg<\/span><br \/>\n<span style=\"font-size: 14px;\">Verpackte Abmessungen: L70cm x B44,5cm x H81cm<\/span><br \/>\n<span style=\"font-size: 14px;\">Gewicht der Packung: 10 kg<\/span><\/h5>\n<h5><span style=\"font-size: 14px;\">SOULCALIBUR&#x2122; &amp; \u00a9BANDAI NAMCO Entertainment Inc.<\/span><br \/>\n<span style=\"font-size: 14px;\">\u00a92021 PUREARTS LIMITED. Alle Rechte vorbehalten<\/span><\/h5>","protected":false},"excerpt":{"rendered":"<h5><span style=\"font-size: 14px;\">PureArts pr\u00e4sentiert die neue hochdetaillierte 1\/4 Statue aus Polystone, die Siegfried aus der SOULCALIBUR Franchise darstellt ist.<\/span><\/h5>","protected":false},"featured_media":8575,"comment_status":"open","ping_status":"closed","template":"","meta":{"iawp_total_views":6},"product_brand":[],"product_cat":[156],"product_tag":[1449,1455,1448,1458,1456,1460,1453,1447,1462,650,1459,1450,1454,1433,1451,1411,1430,1452,647,1463,1464,1461,1457,1445],"class_list":{"0":"post-8568","1":"product","2":"type-product","3":"status-publish","4":"has-post-thumbnail","6":"product_cat-fanartikel","7":"product_tag-16-massstab","8":"product_tag-abgetrennter-arm","9":"product_tag-blood-wine","10":"product_tag-deluxe-version","11":"product_tag-detaillierte-skulptur","12":"product_tag-detaillierter-sockel","13":"product_tag-dettlaff","14":"product_tag-gaming-merchandise","15":"product_tag-geralt-statue","16":"product_tag-geralt-von-rivia","17":"product_tag-hauttexturen","18":"product_tag-hexer","19":"product_tag-hochvampir","20":"product_tag-kleidungstexturen","21":"product_tag-monsterjaeger","22":"product_tag-purearts","23":"product_tag-sammlerstueck","24":"product_tag-silbernes-greifenschwert","25":"product_tag-the-witcher-3","26":"product_tag-the-witcher-3-fanartikel","27":"product_tag-the-witcher-merchandise","28":"product_tag-the-witcher-sammlerfigur","29":"product_tag-videospiel-figur","30":"product_tag-videospiel-sammlung","31":"product_shipping_class-pureart-artikel","33":"first","34":"instock","35":"sale","36":"taxable","37":"shipping-taxable","38":"purchasable","39":"product-type-simple"},"_links":{"self":[{"href":"https:\/\/gamers-zone.de\/en\/wp-json\/wp\/v2\/product\/8568","targetHints":{"allow":["GET"]}}],"collection":[{"href":"https:\/\/gamers-zone.de\/en\/wp-json\/wp\/v2\/product"}],"about":[{"href":"https:\/\/gamers-zone.de\/en\/wp-json\/wp\/v2\/types\/product"}],"replies":[{"embeddable":true,"href":"https:\/\/gamers-zone.de\/en\/wp-json\/wp\/v2\/comments?post=8568"}],"version-history":[{"count":0,"href":"https:\/\/gamers-zone.de\/en\/wp-json\/wp\/v2\/product\/8568\/revisions"}],"wp:featuredmedia":[{"embeddable":true,"href":"https:\/\/gamers-zone.de\/en\/wp-json\/wp\/v2\/media\/8575"}],"wp:attachment":[{"href":"https:\/\/gamers-zone.de\/en\/wp-json\/wp\/v2\/media?parent=8568"}],"wp:term":[{"taxonomy":"product_brand","embeddable":true,"href":"https:\/\/gamers-zone.de\/en\/wp-json\/wp\/v2\/product_brand?post=8568"},{"taxonomy":"product_cat","embeddable":true,"href":"https:\/\/gamers-zone.de\/en\/wp-json\/wp\/v2\/product_cat?post=8568"},{"taxonomy":"product_tag","embeddable":true,"href":"https:\/\/gamers-zone.de\/en\/wp-json\/wp\/v2\/product_tag?post=8568"}],"curies":[{"name":"wp","href":"https:\/\/api.w.org\/{rel}","templated":true}]}}