{"id":8500,"date":"2024-10-20T18:22:09","date_gmt":"2024-10-20T18:22:09","guid":{"rendered":"https:\/\/gamers-zone.de\/?post_type=product&#038;p=8500"},"modified":"2025-02-04T10:31:26","modified_gmt":"2025-02-04T10:31:26","slug":"batman-px-pvc-massstab-18-classic-version-dc-held","status":"publish","type":"product","link":"https:\/\/gamers-zone.de\/en\/product\/batman-px-pvc-massstab-18-classic-version-dc-held\/","title":{"rendered":"Batman PX PVC Ma\u00dfstab 1:8 Classic Version DC Held"},"content":{"rendered":"<h5><span style=\"font-size: 14px;\">DC HEROES BATMAN PX PVC 1\/8 STATUE CLASSIC VERSION<\/span><\/h5>\n<h5><span style=\"font-size: 14px;\">Halten Sie das ikonische Kunstwerk eines der ber\u00fchmtesten Batman&#x2122;-K\u00fcnstler aller Zeiten fest mit dieser beeindruckenden Statue des Kreuzritters mit Umhang von PureArts! Mit einer beeindruckenden Gr\u00f6\u00dfe von 11\u201c im Ma\u00dfstab 1\/8 weht Batmans Umhang um ihn herum, wobei die Originalillustration von Neal Adams bis hin zum Sockel, der den Schatten des emblematischen Designs seines Umhangs reflektiert, originalgetreu nachgebildet wurde. Dieses exklusive PREVIEWS Sammlerst\u00fcck wurde sorgf\u00e4ltig aus PVC und ABS-Materialien gefertigt und wird in einer sammlerfreundlichen, vollfarbig illustrierten Fensterbox pr\u00e4sentiert. Als Zeugnis des zeitlosen Verm\u00e4chtnisses von Neal Adams ist diese beeindruckende Darstellung des Dunklen Ritters sicher eine wertvolle Erg\u00e4nzung f\u00fcr jede DC-Sammlung!<\/span><\/h5>","protected":false},"excerpt":{"rendered":"<h5><span style=\"font-size: 14px;\">Halten Sie das ikonische Kunstwerk eines der ber\u00fchmtesten Batman&#x2122;-K\u00fcnstler aller Zeiten fest mit dieser beeindruckenden Statue des Kreuzritters mit Umhang von PureArts! <\/span><\/h5>","protected":false},"featured_media":8524,"comment_status":"open","ping_status":"closed","template":"","meta":{"iawp_total_views":12},"product_brand":[],"product_cat":[156],"product_tag":[1467,1480,1466,1482,1478,1476,1486,1469,1477,1475,1474,1488,1465,1487,1484,1321,1481,1471,1470,1473,1411,1468,1485,1430,1483,1472,1479],"class_list":{"0":"post-8500","1":"product","2":"type-product","3":"status-publish","4":"has-post-thumbnail","6":"product_cat-fanartikel","7":"product_tag-1-8-massstab","8":"product_tag-abs-material","9":"product_tag-batman","10":"product_tag-batman-design","11":"product_tag-batman-fans","12":"product_tag-batman-kunstwerk","13":"product_tag-batman-umhang","14":"product_tag-classic-version","15":"product_tag-comic-statue","16":"product_tag-dark-knight","17":"product_tag-dc-comics","18":"product_tag-dc-comics-merchandise","19":"product_tag-dc-heroes","20":"product_tag-dc-sammlerstueck","21":"product_tag-dc-universe","22":"product_tag-duestere-atmosphaere","23":"product_tag-fensterbox-verpackung","24":"product_tag-kreuzritter","25":"product_tag-neal-adams","26":"product_tag-previews-exklusiv","27":"product_tag-purearts","28":"product_tag-pvc-statue","29":"product_tag-sammler-edition","30":"product_tag-sammlerstueck","31":"product_tag-superhelden-statue","32":"product_tag-umhang","33":"product_tag-zeitloses-vermaechtnis","34":"product_shipping_class-pureart-artikel","36":"first","37":"instock","38":"sale","39":"taxable","40":"shipping-taxable","41":"purchasable","42":"product-type-simple"},"_links":{"self":[{"href":"https:\/\/gamers-zone.de\/en\/wp-json\/wp\/v2\/product\/8500","targetHints":{"allow":["GET"]}}],"collection":[{"href":"https:\/\/gamers-zone.de\/en\/wp-json\/wp\/v2\/product"}],"about":[{"href":"https:\/\/gamers-zone.de\/en\/wp-json\/wp\/v2\/types\/product"}],"replies":[{"embeddable":true,"href":"https:\/\/gamers-zone.de\/en\/wp-json\/wp\/v2\/comments?post=8500"}],"version-history":[{"count":0,"href":"https:\/\/gamers-zone.de\/en\/wp-json\/wp\/v2\/product\/8500\/revisions"}],"wp:featuredmedia":[{"embeddable":true,"href":"https:\/\/gamers-zone.de\/en\/wp-json\/wp\/v2\/media\/8524"}],"wp:attachment":[{"href":"https:\/\/gamers-zone.de\/en\/wp-json\/wp\/v2\/media?parent=8500"}],"wp:term":[{"taxonomy":"product_brand","embeddable":true,"href":"https:\/\/gamers-zone.de\/en\/wp-json\/wp\/v2\/product_brand?post=8500"},{"taxonomy":"product_cat","embeddable":true,"href":"https:\/\/gamers-zone.de\/en\/wp-json\/wp\/v2\/product_cat?post=8500"},{"taxonomy":"product_tag","embeddable":true,"href":"https:\/\/gamers-zone.de\/en\/wp-json\/wp\/v2\/product_tag?post=8500"}],"curies":[{"name":"wp","href":"https:\/\/api.w.org\/{rel}","templated":true}]}}