{"id":8492,"date":"2024-10-20T17:52:16","date_gmt":"2024-10-20T17:52:16","guid":{"rendered":"https:\/\/gamers-zone.de\/?post_type=product&#038;p=8492"},"modified":"2025-02-04T10:32:55","modified_gmt":"2025-02-04T10:32:55","slug":"superman-classic-px-pvc-1-8-statue-dc-held","status":"publish","type":"product","link":"https:\/\/gamers-zone.de\/en\/product\/superman-classic-px-pvc-1-8-statue-dc-held\/","title":{"rendered":"Superman Classic PX PVC 1\/8 Statue DC Held"},"content":{"rendered":"<h5><span style=\"font-size: 14px;\">DC HEROES SUPERMAN CLASSIC PX PVC 1\/8 STATUE<\/span><\/h5>\n<h5><span style=\"font-size: 14px;\">Erfasse die Quintessenz des Werks eines der einflussreichsten Superman&#x2122;-Sch\u00f6pfer aller Zeiten mit dieser beeindruckenden Statue des Mannes aus Stahl von PureArts! Mit einer beeindruckenden Gr\u00f6\u00dfe von 12\u201c im Ma\u00dfstab 1\/8 h\u00e4lt Superman seinen wallenden Umhang gegen den starken Wind und stellt seine Pose aus einem ikonischen Panel aus John Byrnes revolution\u00e4rer Miniserie Man of Steel&#x2122; von 1986 nach. Dieses exklusive PREVIEWS Sammlerst\u00fcck wurde sorgf\u00e4ltig aus PVC und ABS-Materialien gefertigt und wird in einer sammlerfreundlichen, vollfarbig illustrierten Fensterbox pr\u00e4sentiert. Diese dynamische Darstellung von Superman&#x2122; ist eine Hommage an das bleibende Verm\u00e4chtnis von John Byrne und wird mit Sicherheit eine wertvolle Erg\u00e4nzung f\u00fcr jede DC-Sammlung sein!<\/span><\/h5>\n<h5><\/h5>\n<h5><\/h5>","protected":false},"excerpt":{"rendered":"<h5><span style=\"font-size: 14px;\">Erfasse die Quintessenz des Werks eines der einflussreichsten Superman&#x2122;-Sch\u00f6pfer aller Zeiten mit dieser beeindruckenden Statue des Mannes aus Stahl von PureArts! <\/span><\/h5>","protected":false},"featured_media":8520,"comment_status":"open","ping_status":"closed","template":"","meta":{"iawp_total_views":8},"product_brand":[],"product_cat":[156],"product_tag":[1467,1480,1469,1477,1474,1488,1465,1484,1498,1481,1490,1500,1491,1473,1411,1494,1468,1430,1496,1483,1489,1495,1492,1499,1497,1493,1479],"class_list":{"0":"post-8492","1":"product","2":"type-product","3":"status-publish","4":"has-post-thumbnail","6":"product_cat-fanartikel","7":"product_tag-1-8-massstab","8":"product_tag-abs-material","9":"product_tag-classic-version","10":"product_tag-comic-statue","11":"product_tag-dc-comics","12":"product_tag-dc-comics-merchandise","13":"product_tag-dc-heroes","14":"product_tag-dc-universe","15":"product_tag-dynamic-statue","16":"product_tag-fensterbox-verpackung","17":"product_tag-john-byrne","18":"product_tag-john-byrne-hommage","19":"product_tag-man-of-steel","20":"product_tag-previews-exklusiv","21":"product_tag-purearts","22":"product_tag-pvc-material","23":"product_tag-pvc-statue","24":"product_tag-sammlerstueck","25":"product_tag-superhelden-sammler","26":"product_tag-superhelden-statue","27":"product_tag-superman","28":"product_tag-superman-fans","29":"product_tag-superman-kunstwerk","30":"product_tag-superman-miniserie","31":"product_tag-superman-pose","32":"product_tag-superman-umhang","33":"product_tag-zeitloses-vermaechtnis","34":"product_shipping_class-pureart-artikel","36":"first","37":"instock","38":"sale","39":"taxable","40":"shipping-taxable","41":"purchasable","42":"product-type-simple"},"_links":{"self":[{"href":"https:\/\/gamers-zone.de\/en\/wp-json\/wp\/v2\/product\/8492","targetHints":{"allow":["GET"]}}],"collection":[{"href":"https:\/\/gamers-zone.de\/en\/wp-json\/wp\/v2\/product"}],"about":[{"href":"https:\/\/gamers-zone.de\/en\/wp-json\/wp\/v2\/types\/product"}],"replies":[{"embeddable":true,"href":"https:\/\/gamers-zone.de\/en\/wp-json\/wp\/v2\/comments?post=8492"}],"version-history":[{"count":0,"href":"https:\/\/gamers-zone.de\/en\/wp-json\/wp\/v2\/product\/8492\/revisions"}],"wp:featuredmedia":[{"embeddable":true,"href":"https:\/\/gamers-zone.de\/en\/wp-json\/wp\/v2\/media\/8520"}],"wp:attachment":[{"href":"https:\/\/gamers-zone.de\/en\/wp-json\/wp\/v2\/media?parent=8492"}],"wp:term":[{"taxonomy":"product_brand","embeddable":true,"href":"https:\/\/gamers-zone.de\/en\/wp-json\/wp\/v2\/product_brand?post=8492"},{"taxonomy":"product_cat","embeddable":true,"href":"https:\/\/gamers-zone.de\/en\/wp-json\/wp\/v2\/product_cat?post=8492"},{"taxonomy":"product_tag","embeddable":true,"href":"https:\/\/gamers-zone.de\/en\/wp-json\/wp\/v2\/product_tag?post=8492"}],"curies":[{"name":"wp","href":"https:\/\/api.w.org\/{rel}","templated":true}]}}