{"id":8455,"date":"2024-10-20T16:07:57","date_gmt":"2024-10-20T16:07:57","guid":{"rendered":"https:\/\/gamers-zone.de\/?post_type=product&#038;p=8455"},"modified":"2026-05-09T08:03:20","modified_gmt":"2026-05-09T08:03:20","slug":"herr-der-ringe-hexenkoenig-von-angmar-11-kunst-maske","status":"publish","type":"product","link":"https:\/\/gamers-zone.de\/en\/product\/herr-der-ringe-hexenkoenig-von-angmar-11-kunst-maske\/","title":{"rendered":"Herr der Ringe Hexenk\u00f6nig von Angmar Kunst Maske"},"content":{"rendered":"<h5><span style=\"font-size: 14px;\">Herr der Ringe Hexenk\u00f6nig von Angmar Kunst Maske<\/span><\/h5>\n<h5><span style=\"font-size: 14px;\">\u201eDu Narr. Kein Mensch kann mich t\u00f6ten.\u201c &#8211; Der Hexenk\u00f6nig<\/span><\/h5>\n<h5><span style=\"font-size: 14px;\">Der Hexenk\u00f6nig, Herr der Nazg\u00fbl und zweiter Befehlshaber von Sauron selbst, ist ein m\u00e4chtiger Feind, der Verderben, Verzweiflung und Tod \u00fcber Mittelerde bringt. Vielleicht werden wir seinen wahren Namen nie erfahren, aber wir kennen ihn als den Hexenk\u00f6nig von Angmar und sein Machtzentrum Minas Morgul.<\/span><\/h5>\n<h5><span style=\"font-size: 14px;\">Der zweite Teil unserer Der Herr der Ringe-Serie, die extrem limitierte The Witch-king of Angmar 1:1 Art Mask Exclusive Edition, ist ein Muss f\u00fcr alle LOTR-Fans: ein Sammlerst\u00fcck im B\u00fcstenstil. Mit einer H\u00f6he von knapp einem Meter thront dieser massive Helm auf einem schaurig beleuchteten Turm der Zauberei in Minas Morgul.<\/span><\/h5>\n<h5><span style=\"font-size: 14px;\">Merkmale:<\/span><\/h5>\n<h5><span style=\"font-size: 14px;\">Hochdetaillierte Nachbildung des Helms des Hexenk\u00f6nigs<\/span><br \/>\n<span style=\"font-size: 14px;\">Sockel mit dem Turm der Zauberei in Minas Morgul<\/span><br \/>\n<span style=\"font-size: 14px;\">Gr\u00fcnes LED-Lichtsystem<\/span><\/h5>\n<h5><span style=\"font-size: 14px;\">Produkt-Details:<\/span><\/h5>\n<h5><span style=\"font-size: 14px;\">Lizensiert von Warner Bros.<\/span><br \/>\n<span style=\"font-size: 14px;\">Material: Polyresin<\/span><br \/>\n<span style=\"font-size: 14px;\">Ma\u00dfstab: 1:1<\/span><br \/>\n<span style=\"font-size: 14px;\">Standard Edition Gr\u00f6\u00dfe: 2500<\/span><\/h5>\n<p><span style=\"font-size: 14px;\">Ben\u00f6tigt 3 AA-Batterien (nicht enthalten)<\/span><\/p>\n<h5><span style=\"font-size: 14px;\">Product &amp; Package Information<\/span><\/h5>\n<h5><span style=\"font-size: 14px;\">Qty: 1 statue<\/span><br \/>\n<span style=\"font-size: 14px;\">Statue Gr\u00f6\u00dfe: H34.5 in x L17 in x W16 in (88cm x 43cm x 40.5cm)<\/span><br \/>\n<span style=\"font-size: 14px;\">Statue Gewicht: 17.5lbs (8kg)<\/span><br \/>\n<span style=\"font-size: 14px;\">Versandkarton Gr\u00f6\u00dfe: L28 in x W20 in x H16 in (72cm x 52cm x 42 cm)<\/span><br \/>\n<span style=\"font-size: 14px;\">Gewicht der Versandbox: 22lbs (10kg) (est)<\/span><\/h5>\n<h5><span style=\"font-size: 14px;\">NLP Mittelerde Ent. Lic. an New Line. (s22)<\/span><br \/>\n<span style=\"font-size: 14px;\">\u00a92022 PUREARTS LIMITED. Alle Rechte vorbehalten.<\/span><\/h5>","protected":false},"excerpt":{"rendered":"<h5><span style=\"font-size: 14px;\">Herr der Ringe &#8211; Hexenk\u00f6nig von Angmar 1:1 Kunst Maske \/ PureArts ist bekannt f\u00fcr seine unglaublich detaillierten Skulpturen und hochwertigen Lackierungen.<\/span><\/h5>","protected":false},"featured_media":8533,"comment_status":"open","ping_status":"closed","template":"","meta":{"iawp_total_views":75},"product_brand":[],"product_cat":[156],"product_tag":[1532,1531,1533,1544,1541,1546,1538,1545,1524,1548,1537,1525,1536,1526,1413,914,1527,1530,1535,1539,1528,1542,1430,1529,1540,1547,1543,1534],"class_list":{"0":"post-8455","1":"product","2":"type-product","3":"status-publish","4":"has-post-thumbnail","6":"product_cat-fanartikel","7":"product_tag-11-massstab","8":"product_tag-art-mask","9":"product_tag-bueste","10":"product_tag-die-rueckkehr-des-koenigs","11":"product_tag-dunkle-macht","12":"product_tag-exklusive-edition","13":"product_tag-filmrequisite","14":"product_tag-gruene-led-beleuchtung","15":"product_tag-herr-der-ringe","16":"product_tag-herr-der-ringe-fans","17":"product_tag-hexenkoenig-helm","18":"product_tag-hexenkoenig-von-angmar","19":"product_tag-hochdetaillierte-nachbildung","20":"product_tag-kunst-maske","21":"product_tag-led-beleuchtung","22":"product_tag-limitierte-edition","23":"product_tag-lotr","24":"product_tag-minas-morgul","25":"product_tag-minas-morgul-turm","26":"product_tag-mittelerde","27":"product_tag-nazgul","28":"product_tag-sammlerobjekt","29":"product_tag-sammlerstueck","30":"product_tag-sauron","31":"product_tag-saurons-befehlshaber","32":"product_tag-the-witch-king-of-angmar","33":"product_tag-tolkien","34":"product_tag-zauberturm","35":"product_shipping_class-pureart-artikel","37":"first","38":"instock","39":"sale","40":"taxable","41":"shipping-taxable","42":"purchasable","43":"product-type-simple"},"_links":{"self":[{"href":"https:\/\/gamers-zone.de\/en\/wp-json\/wp\/v2\/product\/8455","targetHints":{"allow":["GET"]}}],"collection":[{"href":"https:\/\/gamers-zone.de\/en\/wp-json\/wp\/v2\/product"}],"about":[{"href":"https:\/\/gamers-zone.de\/en\/wp-json\/wp\/v2\/types\/product"}],"replies":[{"embeddable":true,"href":"https:\/\/gamers-zone.de\/en\/wp-json\/wp\/v2\/comments?post=8455"}],"version-history":[{"count":0,"href":"https:\/\/gamers-zone.de\/en\/wp-json\/wp\/v2\/product\/8455\/revisions"}],"wp:featuredmedia":[{"embeddable":true,"href":"https:\/\/gamers-zone.de\/en\/wp-json\/wp\/v2\/media\/8533"}],"wp:attachment":[{"href":"https:\/\/gamers-zone.de\/en\/wp-json\/wp\/v2\/media?parent=8455"}],"wp:term":[{"taxonomy":"product_brand","embeddable":true,"href":"https:\/\/gamers-zone.de\/en\/wp-json\/wp\/v2\/product_brand?post=8455"},{"taxonomy":"product_cat","embeddable":true,"href":"https:\/\/gamers-zone.de\/en\/wp-json\/wp\/v2\/product_cat?post=8455"},{"taxonomy":"product_tag","embeddable":true,"href":"https:\/\/gamers-zone.de\/en\/wp-json\/wp\/v2\/product_tag?post=8455"}],"curies":[{"name":"wp","href":"https:\/\/api.w.org\/{rel}","templated":true}]}}