{"id":8453,"date":"2024-10-20T15:57:50","date_gmt":"2024-10-20T15:57:50","guid":{"rendered":"https:\/\/gamers-zone.de\/?post_type=product&#038;p=8453"},"modified":"2025-02-04T10:37:09","modified_gmt":"2025-02-04T10:37:09","slug":"lord-of-the-rings-sauron-11-scale-art-mask","status":"publish","type":"product","link":"https:\/\/gamers-zone.de\/en\/product\/lord-of-the-rings-sauron-11-scale-art-mask\/","title":{"rendered":"Herr der Ringe Sauron Kunstmaske im Ma\u00dfstab 1:1"},"content":{"rendered":"<h5><span style=\"font-size: 14px;\">Herr der Ringe Sauron Kunstmaske im Ma\u00dfstab 1:1<\/span><\/h5>\n<h5><span style=\"font-size: 14px;\">\u201eDies ist der Ring des Meisters, der Eine Ring, der \u00fcber sie alle herrscht.\u201c &#8211; Gandalf<\/span><\/h5>\n<h5><span style=\"font-size: 14px;\">Der dunkle Herrscher Sauron, Sch\u00f6pfer des Einen Ringes und der Ringe der Macht, ist wieder auferstanden. In allen Zeitaltern von Mittelerde gef\u00fcrchtet, herrschte Sauron \u00fcber die L\u00e4nder von Mordor und das gef\u00fcrchtete Barad-d\u00fbr.<\/span><\/h5>\n<h5><span style=\"font-size: 14px;\">PureArts pr\u00e4sentiert mit der Sauron Art Mask das erste offiziell lizenzierte Herr der Ringe Sammlerst\u00fcck. Die Maske wurde sorgf\u00e4ltig aus dem Referenzmaterial des Films modelliert und verf\u00fcgt \u00fcber eine detailgetreue, voll modellierte Barad-d\u00fbr-Basis mit LED-Effekten von geschmolzener Lava und dem flammenden Auge Saurons.<\/span><\/h5>\n<h5><span style=\"font-size: 14px;\">Eigenschaften<\/span><\/h5>\n<h5><span style=\"font-size: 14px;\">MASSIVE, detaillierte Skulptur von Saurons Helm im Ma\u00dfstab 1:1<\/span><br \/>\n<span style=\"font-size: 14px;\">Vollst\u00e4ndig nachgebildeter Barad-d\u00fbr-Sockel<\/span><br \/>\n<span style=\"font-size: 14px;\">LED-Effekte mit gl\u00fchender Lava<\/span><br \/>\n<span style=\"font-size: 14px;\">LED-Auge Saurons durch die Maske sichtbar<\/span><br \/>\n<span style=\"font-size: 14px;\">Einzeln nummeriert<\/span><br \/>\n<span style=\"font-size: 14px;\">Produktdetails<\/span><\/h5>\n<h5><span style=\"font-size: 14px;\">Material: Polyresin<\/span><br \/>\n<span style=\"font-size: 14px;\">Stromversorgung: 3 AA-Batterien (nicht im Lieferumfang enthalten)<\/span><br \/>\n<span style=\"font-size: 14px;\">Standard-Auflage: 7000 St\u00fcck<\/span><\/h5>\n<h5><span style=\"font-size: 14px;\">Product &amp; Package Information<\/span><\/h5>\n<h5><span style=\"font-size: 14px;\">Qty: 1 statue<\/span><br \/>\n<span style=\"font-size: 14px;\">Statue Gr\u00f6\u00dfe: L11 in x W12 in x H35 in (28cm x 30.5cm x 89cm)<\/span><br \/>\n<span style=\"font-size: 14px;\">Statue Gewicht: 18lbs (8kg)<\/span><br \/>\n<span style=\"font-size: 14px;\">Versandkarton Gr\u00f6\u00dfe: L16 in x W20 in x H28 in (42cm x 52cm x 72 cm)<\/span><br \/>\n<span style=\"font-size: 14px;\">Gewicht der Versandbox: 22lbs (10kg) (est)<\/span><\/h5>\n<h5><span style=\"font-size: 14px;\">NLP Mittelerde Ent. Lic. an New Line. (s22)<\/span><br \/>\n<span style=\"font-size: 14px;\">\u00a92022 PUREARTS LIMITED. Alle Rechte vorbehalten.<\/span><\/h5>","protected":false},"excerpt":{"rendered":"<h5><span style=\"font-size: 12px;\"><span style=\"font-size: 14px;\">PureArts pr\u00e4sentiert mit der Sauron Art Mask das erste offiziell lizenzierte Herr der Ringe Sammlerst\u00fcck.<\/span> <\/span><\/h5>","protected":false},"featured_media":8538,"comment_status":"open","ping_status":"closed","template":"","meta":{"iawp_total_views":63},"product_brand":[],"product_cat":[156],"product_tag":[1532,1551,1561,1559,1550,1565,1546,1538,1556,1564,1524,1558,1567,1549,1557,1563,1413,1539,1552,1562,1569,1568,1430,1529,1554,1566,1553,1555,1543,1560],"class_list":{"0":"post-8453","1":"product","2":"type-product","3":"status-publish","4":"has-post-thumbnail","6":"product_cat-fanartikel","7":"product_tag-11-massstab","8":"product_tag-barad-dur","9":"product_tag-barad-dur-sockel","10":"product_tag-dark-lord","11":"product_tag-der-eine-ring","12":"product_tag-detailgetreue-nachbildung","13":"product_tag-exklusive-edition","14":"product_tag-filmrequisite","15":"product_tag-flammendes-auge","16":"product_tag-gluehende-lava","17":"product_tag-herr-der-ringe","18":"product_tag-herr-der-ringe-sammlerstueck","19":"product_tag-herrschaft-von-sauron","20":"product_tag-kunstmaske","21":"product_tag-lava-effekte","22":"product_tag-led-auge","23":"product_tag-led-beleuchtung","24":"product_tag-mittelerde","25":"product_tag-mordor","26":"product_tag-offiziell-lizenziert","27":"product_tag-ring-der-macht","28":"product_tag-ringkrieg","29":"product_tag-sammlerstueck","30":"product_tag-sauron","31":"product_tag-sauron-helm","32":"product_tag-sauron-kunst","33":"product_tag-sauron-maske","34":"product_tag-saurons-auge","35":"product_tag-tolkien","36":"product_tag-vollstaendig-modelliert","37":"product_shipping_class-pureart-artikel","39":"first","40":"instock","41":"sale","42":"taxable","43":"shipping-taxable","44":"purchasable","45":"product-type-simple"},"_links":{"self":[{"href":"https:\/\/gamers-zone.de\/en\/wp-json\/wp\/v2\/product\/8453","targetHints":{"allow":["GET"]}}],"collection":[{"href":"https:\/\/gamers-zone.de\/en\/wp-json\/wp\/v2\/product"}],"about":[{"href":"https:\/\/gamers-zone.de\/en\/wp-json\/wp\/v2\/types\/product"}],"replies":[{"embeddable":true,"href":"https:\/\/gamers-zone.de\/en\/wp-json\/wp\/v2\/comments?post=8453"}],"version-history":[{"count":0,"href":"https:\/\/gamers-zone.de\/en\/wp-json\/wp\/v2\/product\/8453\/revisions"}],"wp:featuredmedia":[{"embeddable":true,"href":"https:\/\/gamers-zone.de\/en\/wp-json\/wp\/v2\/media\/8538"}],"wp:attachment":[{"href":"https:\/\/gamers-zone.de\/en\/wp-json\/wp\/v2\/media?parent=8453"}],"wp:term":[{"taxonomy":"product_brand","embeddable":true,"href":"https:\/\/gamers-zone.de\/en\/wp-json\/wp\/v2\/product_brand?post=8453"},{"taxonomy":"product_cat","embeddable":true,"href":"https:\/\/gamers-zone.de\/en\/wp-json\/wp\/v2\/product_cat?post=8453"},{"taxonomy":"product_tag","embeddable":true,"href":"https:\/\/gamers-zone.de\/en\/wp-json\/wp\/v2\/product_tag?post=8453"}],"curies":[{"name":"wp","href":"https:\/\/api.w.org\/{rel}","templated":true}]}}