{"id":8448,"date":"2024-10-17T16:57:55","date_gmt":"2024-10-17T16:57:55","guid":{"rendered":"https:\/\/gamers-zone.de\/?post_type=product&#038;p=8448"},"modified":"2025-02-04T10:39:36","modified_gmt":"2025-02-04T10:39:36","slug":"cyberpunk-2077-ultimate-16-articulated-bundle","status":"publish","type":"product","link":"https:\/\/gamers-zone.de\/en\/product\/cyberpunk-2077-ultimate-16-articulated-bundle\/","title":{"rendered":"Cyberpunk 2077 &#8211; ULTIMATE 1:6 Articulated Bundle"},"content":{"rendered":"<h5><span style=\"font-size: 14px;\">Beschreibung Cyberpunk 2077 &#8211; ULTIMATE 1:6 Articulated Bundle<\/span><\/h5>\n<h5><span style=\"font-size: 14px;\">Diese futuristische und detailgetreue Kollektion enth\u00e4lt eine originalgetreue Nachbildung von V, dem spielbaren Hauptcharakter aus Cyberpunk 2077\u00ae, pr\u00e4sentiert von PureArts und CD Projekt Red.<\/span><\/h5>\n<h5><span style=\"font-size: 14px;\">Das gesamte Verhalten von V ist in dieser beweglichen Figur im Ma\u00dfstab 1:6 perfekt wiedergegeben, und die Cyberpunk-Atmosph\u00e4re wird durch ein ausgekl\u00fcgeltes LED-System, das sich unter dem Kragen der Lederjacke verbirgt, zum Leben erweckt.<\/span><\/h5>\n<h5><span style=\"font-size: 14px;\">Um die Kollektion zu vervollst\u00e4ndigen, hat PureArts Yaiba Kusanagi geschaffen, eine exakte Nachbildung des Sportmotorrads, das V im Videospiel f\u00e4hrt. Jedes Detail ist genau und reproduziert auf dieser 1 \/ 6 Ma\u00dfstab badass Maschine, einschlie\u00dflich Roll-R\u00e4der und Vorder-und R\u00fccklicht Optionen.<\/span><\/h5>\n<h5><span style=\"font-size: 14px;\">Dieses Set enth\u00e4lt V m\u00e4nnlich und weiblich, das Yaiba Kusanagi Sportbike und den Militech Spider Bot.<\/span><\/h5>\n<h5><span style=\"font-size: 14px;\">Ma\u00dfstab: 1\/6<\/span><br \/>\n<span style=\"font-size: 14px;\">Inhalt: (1) V M\u00e4nnlich + (1) V Weiblich + (1) Sportbike + (1) Militech Spider Bot<\/span><br \/>\n<span style=\"font-size: 14px;\">Material: PVC\/ABS und Stoff<\/span><br \/>\n<span style=\"font-size: 14px;\">Limitierung: 2077<\/span><\/h5>\n<h5><span style=\"font-size: 14px;\">Allen V-Figuren gemeinsam:<\/span><\/h5>\n<h5><span style=\"font-size: 14px;\">Voll beweglicher K\u00f6rper im Ma\u00dfstab 1:6 (\u00fcber 30 Gelenkpunkte)<\/span><br \/>\n<span style=\"font-size: 14px;\">Handbemalte Kopfskulptur mit detaillierter Hauttextur und Kiroshi-Optik<\/span><br \/>\n<span style=\"font-size: 14px;\">Ma\u00dfgeschneiderte Kleidung<\/span><br \/>\n<span style=\"font-size: 14px;\">Lederjacke mit blauen Lichtern am Kragen<\/span><br \/>\n<span style=\"font-size: 14px;\">Schwarzes Baumwoll-T-Shirt<\/span><br \/>\n<span style=\"font-size: 14px;\">Militech M-10AF Lexington<\/span><br \/>\n<span style=\"font-size: 14px;\">gebrannter Sockel<\/span><br \/>\n<span style=\"font-size: 14px;\">(1) Rechte Hand h\u00e4lt die Militech M-10AF Lexington<\/span><br \/>\n<span style=\"font-size: 14px;\">(1) Rechte Faust<\/span><br \/>\n<span style=\"font-size: 14px;\">(1) Linke Faust<\/span><br \/>\n<span style=\"font-size: 14px;\">Nur f\u00fcr V-Mann-Kits:<\/span><\/h5>\n<h5><span style=\"font-size: 14px;\">Schmale Jeans<\/span><br \/>\n<span style=\"font-size: 14px;\">Schwarze Turnschuhe aus Textil mit orangefarbenen Lichtern an der Au\u00dfensohle<\/span><br \/>\n<span style=\"font-size: 14px;\">Konstitutionelle Arme M2067 Defender<\/span><br \/>\n<span style=\"font-size: 14px;\">(1) Linker Arm mit beweglicher Mantis-Klinge<\/span><br \/>\n<span style=\"font-size: 14px;\">(2) H\u00e4nde halten den Constitutional Arms M2067 Defender<\/span><br \/>\n<span style=\"font-size: 14px;\">Nur f\u00fcr Baus\u00e4tze f\u00fcr V-Frauen:<\/span><\/h5>\n<h5><span style=\"font-size: 14px;\">Schwarze, hautenge, tief sitzende Lederhose mit silbernem Karabiner-Schl\u00fcsselanh\u00e4nger<\/span><\/h5>\n<h5><span style=\"font-size: 14px;\">Schwarze Leder-Motorradschuhe mit Plateau<\/span><\/h5>\n<h5><span style=\"font-size: 14px;\">Kang Tao G-58 Dian<\/span><\/h5>\n<h5><span style=\"font-size: 14px;\">(2) Starke Arme<\/span><\/h5>\n<h5><span style=\"font-size: 14px;\">(2) H\u00e4nde halten das Kang Tao G-58 Dian<\/span><\/h5>\n<h5><span style=\"font-size: 14px;\">Das Yaiba Kusanagi Sportmotorrad hat die folgenden Eigenschaften::<\/span><\/h5>\n<h5><span style=\"font-size: 14px;\">Ein (1) vollst\u00e4ndig modelliertes Motorrad<\/span><br \/>\n<span style=\"font-size: 14px;\">Einige Druckgussteile<\/span><br \/>\n<span style=\"font-size: 14px;\">Beleuchtung: vorne und hinten<\/span><br \/>\n<span style=\"font-size: 14px;\">Rollendes Rad vorne und hinten<\/span><br \/>\n<span style=\"font-size: 14px;\">Produkt- und Verpackungsdaten<\/span><\/h5>\n<h5><span style=\"font-size: 14px;\">Anzahl: (1) V m\u00e4nnliche Figur + (1) V weibliche Figur + (1) Sportmotorrad + (1) Militech Spider Bot <\/span><\/h5>\n<h5><span style=\"font-size: 14px;\">Figuren H\u00f6he:\u00a0 29 cm<\/span><br \/>\n<span style=\"font-size: 14px;\">Breite der Figuren: 14 cm<\/span><br \/>\n<span style=\"font-size: 14px;\">Tiefe der Figuren: 8,9 cm<\/span><br \/>\n<span style=\"font-size: 14px;\">Gewicht der Figuren: 907 g<\/span><\/h5>\n<h5><span style=\"font-size: 14px;\">H\u00f6he des Fahrrads:\u00a0 17,8 cm\u00a0<\/span><br \/>\n<span style=\"font-size: 14px;\">L\u00e4nge des Fahrrads:\u00a0 42 cm\u00a0<\/span><br \/>\n<span style=\"font-size: 14px;\">Breite des Fahrrads:\u00a0 14 cm<\/span><br \/>\n<span style=\"font-size: 14px;\">Gewicht des Fahrrads:\u00a0 1,8 kg<\/span><\/h5>\n<h5><span style=\"font-size: 14px;\">CD PROJEKT\u00ae, Cyberpunk\u00ae, Cyberpunk 2077\u00ae sind eingetragene Warenzeichen der CD PROJEKT S.A. \u00a9 2020 CD PROJEKT S.A.<\/span><\/h5>\n<h5><span style=\"font-size: 14px;\">Alle Rechte vorbehalten. Alle anderen Copyrights und Warenzeichen sind Eigentum ihrer jeweiligen Besitzer.<\/span><\/h5>\n<h5><\/h5>","protected":false},"excerpt":{"rendered":"<h5><span style=\"font-size: 14px;\">Cyberpunk 2077 &#8211; ULTIMATE 1:6 Articulated Bundle \/ PureArts ist bekannt f\u00fcr seine unglaublich detaillierten Skulpturen und hochwertigen Lackierungen.<\/span><\/h5>","protected":false},"featured_media":8543,"comment_status":"open","ping_status":"closed","template":"","meta":{"iawp_total_views":9},"product_brand":[],"product_cat":[156],"product_tag":[1596,1597,1605,1598,236,1574,231,1608,1617,1606,1616,1607,1614,1447,1603,1604,222,1613,1602,1618,1610,1612,1430,1619,1620,1609,1601,525,1599,1615,1611,1600],"class_list":{"0":"post-8448","1":"product","2":"type-product","3":"status-publish","4":"has-post-thumbnail","6":"product_cat-fanartikel","7":"product_tag-1596","8":"product_tag-articulated","9":"product_tag-bewegliche-figur","10":"product_tag-bundle","11":"product_tag-cd-projekt-red","12":"product_tag-cyberpunk","13":"product_tag-cyberpunk-2077","14":"product_tag-cyberpunk-2077-kollektion","15":"product_tag-cyberpunk-2077-set","16":"product_tag-cyberpunk-atmosphaere","17":"product_tag-cyberspace","18":"product_tag-detailgetreu","19":"product_tag-futuristische-sammlung","20":"product_tag-gaming-merchandise","21":"product_tag-led-system","22":"product_tag-lederjacke","23":"product_tag-limitierte-auflage","24":"product_tag-maennlich-und-weiblich","25":"product_tag-militech-spider-bot","26":"product_tag-originalgetreue-nachbildung","27":"product_tag-roll-raeder","28":"product_tag-ruecklicht","29":"product_tag-sammlerstueck","30":"product_tag-sci-fi-figur","31":"product_tag-sci-fi-sammler","32":"product_tag-sportbike-nachbildung","33":"product_tag-sportmotorrad","34":"product_tag-v","35":"product_tag-v-figur","36":"product_tag-video-game-figure","37":"product_tag-vorderlicht","38":"product_tag-yaiba-kusanagi","39":"product_shipping_class-pureart-artikel","41":"first","42":"instock","43":"sale","44":"taxable","45":"shipping-taxable","46":"purchasable","47":"product-type-simple"},"_links":{"self":[{"href":"https:\/\/gamers-zone.de\/en\/wp-json\/wp\/v2\/product\/8448","targetHints":{"allow":["GET"]}}],"collection":[{"href":"https:\/\/gamers-zone.de\/en\/wp-json\/wp\/v2\/product"}],"about":[{"href":"https:\/\/gamers-zone.de\/en\/wp-json\/wp\/v2\/types\/product"}],"replies":[{"embeddable":true,"href":"https:\/\/gamers-zone.de\/en\/wp-json\/wp\/v2\/comments?post=8448"}],"version-history":[{"count":0,"href":"https:\/\/gamers-zone.de\/en\/wp-json\/wp\/v2\/product\/8448\/revisions"}],"wp:featuredmedia":[{"embeddable":true,"href":"https:\/\/gamers-zone.de\/en\/wp-json\/wp\/v2\/media\/8543"}],"wp:attachment":[{"href":"https:\/\/gamers-zone.de\/en\/wp-json\/wp\/v2\/media?parent=8448"}],"wp:term":[{"taxonomy":"product_brand","embeddable":true,"href":"https:\/\/gamers-zone.de\/en\/wp-json\/wp\/v2\/product_brand?post=8448"},{"taxonomy":"product_cat","embeddable":true,"href":"https:\/\/gamers-zone.de\/en\/wp-json\/wp\/v2\/product_cat?post=8448"},{"taxonomy":"product_tag","embeddable":true,"href":"https:\/\/gamers-zone.de\/en\/wp-json\/wp\/v2\/product_tag?post=8448"}],"curies":[{"name":"wp","href":"https:\/\/api.w.org\/{rel}","templated":true}]}}