{"id":8435,"date":"2024-10-18T11:51:47","date_gmt":"2024-10-18T11:51:47","guid":{"rendered":"https:\/\/gamers-zone.de\/?post_type=product&#038;p=8435"},"modified":"2025-02-04T10:38:57","modified_gmt":"2025-02-04T10:38:57","slug":"cyberpunk-2077-johnny-silverhand-14-statue","status":"publish","type":"product","link":"https:\/\/gamers-zone.de\/en\/product\/cyberpunk-2077-johnny-silverhand-14-statue\/","title":{"rendered":"Cyberpunk 2077 Johnny Silverhand 1:4 Statue"},"content":{"rendered":"<h5><span style=\"font-size: 14px;\">Cyberpunk 2077 Johnny Silverhand 1:4 Statue<\/span><\/h5>\n<h5><span style=\"font-size: 14px;\">\u201eWach auf, Samurai. Wir m\u00fcssen eine Stadt niederbrennen.<\/span><\/h5>\n<h5><span style=\"font-size: 14px;\">PureArts Studio freut sich, eine Reproduktion von Johnny Silverhand im Ma\u00dfstab 1:4 pr\u00e4sentieren zu k\u00f6nnen, die dem Aussehen der Kultfigur aus dem aktuellen Videospiel Cyberpunk 2077 nachempfunden ist. Johnny, eine zentrale Figur im Spiel, ist auch als Rockerboy und Leads\u00e4nger der Band Samurai bekannt.<\/span><\/h5>\n<h5><span style=\"font-size: 14px;\">PureArts ist bekannt f\u00fcr seine unglaublich detaillierten Skulpturen und hochwertigen Lackierungen, aber diese bahnbrechende Ver\u00f6ffentlichung \u00fcberschreitet die Grenzen von Sammlerfiguren und bietet ein komplettes Medienerlebnis! Der Sockel enth\u00e4lt einen voll integrierten 13,3 Zoll (33,8 cm) HD-LCD-Bildschirm und ein Soundsystem mit zwei Lautsprechern, das den exklusiven offiziellen Soundtrack abspielt und mit zus\u00e4tzlichen Medien und Bildschirmschonern aus dem Spiel geladen ist.<\/span><\/h5>\n<h5><span style=\"font-size: 14px;\">Zu den zus\u00e4tzlichen Details geh\u00f6ren lichtdurchl\u00e4ssige Resinabg\u00fcsse f\u00fcr Glasreproduktionen wie Flaschen und Johnnys get\u00f6nte Sonnenbrille sowie mehrere charakteristische Accessoires, die seiner Pose hinzugef\u00fcgt werden k\u00f6nnen.<\/span><\/h5>\n<h5><span style=\"font-size: 14px;\">F\u00fcr das ultimative Cyberpunk 2077-Erlebnis enth\u00e4lt die Deluxe-Edition der Johnny Silverhand Premium Statue eine Nachbildung der Gitarre des Rockerboys im Ma\u00dfstab 1:4 &#8211; ein Muss f\u00fcr alle Hardrock-Fans! Sowohl die regul\u00e4re als auch die Deluxe-Edition sind auf jeweils 2077 Exemplare limitiert.<\/span><\/h5>\n<h5><span style=\"font-size: 14px;\">PRODUKT-HIGHLIGHTS:<\/span><\/h5>\n<h5><span style=\"font-size: 14px;\">13,3\u201c HD-LCD-Bildschirm<\/span><br \/>\n<span style=\"font-size: 14px;\">Duales Lautsprechersystem<\/span><br \/>\n<span style=\"font-size: 14px;\">Offizieller Soundtrack von Cyberpunk 2077<\/span><br \/>\n<span style=\"font-size: 14px;\">Beleuchteter Display-Sockel<\/span><br \/>\n<span style=\"font-size: 14px;\">Auswechselbares Zubeh\u00f6r (Sonnenbrille, Zigarette und Malorianische Waffen)<\/span><\/h5>\n<h4><span style=\"font-size: 14px;\">ACHTUNG: Gitarre ist nicht im Lieferumfang enthalten!<\/span><\/h4>\n<h5><span style=\"font-size: 14px;\">Gefertigt aus hochwertigem Polystone und handbemalt<\/span><br \/>\n<span style=\"font-size: 14px;\">Einzeln nummeriert mit passendem Echtheitszertifikat<\/span><br \/>\n<span style=\"font-size: 14px;\">Hochdetaillierte Kleidung und Accessoires<\/span><br \/>\n<span style=\"font-size: 14px;\">PRODUCT FEATURES:<\/span><\/h5>\n<h5><span style=\"font-size: 14px;\">Lizensiert von CD PROJEKT RED<\/span><br \/>\n<span style=\"font-size: 14px;\">Scale: 1\/4<\/span><br \/>\n<span style=\"font-size: 14px;\">Material: Polyresin<\/span><br \/>\n<span style=\"font-size: 14px;\">Verf\u00fcgbarkeit: WELTWEIT<\/span><br \/>\n<span style=\"font-size: 14px;\">Limitiert auf 2077 St\u00fcck pro Ausgabe<\/span><br \/>\n<span style=\"font-size: 14px;\">Product &amp; Package Information<\/span><\/h5>\n<h5><span style=\"font-size: 14px;\">Gr\u00f6\u00dfe der Statue: H x B x T = 53 cm x 28 cm x 28 cm<\/span><br \/>\n<span style=\"font-size: 14px;\">Gewicht der Statue: 6,2 kg<\/span><br \/>\n<span style=\"font-size: 14px;\">Gr\u00f6\u00dfe der Schachtel: H x B x T = 66 x 60 x 42 cm<\/span><br \/>\n<span style=\"font-size: 14px;\">Gewicht der Schachtel: 10 kg<\/span><\/h5>\n<h5><span style=\"font-size: 14px;\">CD PROJEKT\u00ae, Cyberpunk\u00ae, Cyberpunk 2077\u00ae sind eingetragene Marken von CD PROJEKT S.A. \u00a9 2020 CD PROJEKT S.A.<\/span><\/h5>\n<h5><span style=\"font-size: 14px;\">Alle Rechte vorbehalten. Alle anderen Copyrights und Marken sind Eigentum der jeweiligen Inhaber.<\/span><\/h5>","protected":false},"excerpt":{"rendered":"<h5><span style=\"font-size: 14px;\">PureArts ist bekannt f\u00fcr seine unglaublich detaillierten Skulpturen und hochwertigen Lackierungen.<\/span><\/h5>","protected":false},"featured_media":8546,"comment_status":"open","ping_status":"closed","template":"","meta":{"iawp_total_views":18},"product_brand":[],"product_cat":[156],"product_tag":[1571,1593,1574,231,1585,1591,1584,1590,1546,1588,1581,1583,1575,1570,1589,1592,1577,222,1586,1580,1582,1572,1587,1579,1573,1578,1576,1595,1594],"class_list":{"0":"post-8435","1":"product","2":"type-product","3":"status-publish","4":"has-post-thumbnail","6":"product_cat-fanartikel","7":"product_tag-14-statue","8":"product_tag-2077-exemplare","9":"product_tag-cyberpunk","10":"product_tag-cyberpunk-2077","11":"product_tag-cyberpunk-2077-erlebnis","12":"product_tag-cyberpunk-sammler","13":"product_tag-deluxe-edition","14":"product_tag-deluxe-sammlerstueck","15":"product_tag-exklusive-edition","16":"product_tag-flaschenabguesse","17":"product_tag-getoente-sonnenbrille","18":"product_tag-gitarre","19":"product_tag-hd-lcd-bildschirm","20":"product_tag-johnny-silverhand","21":"product_tag-johnny-silverhand-accessoires","22":"product_tag-johnny-silverhand-gitarre","23":"product_tag-lautsprecher","24":"product_tag-limitierte-auflage","25":"product_tag-medienerlebnis","26":"product_tag-premium-statue","27":"product_tag-resinabguesse","28":"product_tag-rockerboy","29":"product_tag-rockerboy-statue","30":"product_tag-sammlerfigur","31":"product_tag-samurai-band","32":"product_tag-soundsystem","33":"product_tag-soundtrack","34":"product_tag-soundtrack-edition","35":"product_tag-videospiel-statue","36":"product_shipping_class-pureart-artikel","38":"first","39":"instock","40":"sale","41":"taxable","42":"shipping-taxable","43":"purchasable","44":"product-type-simple"},"_links":{"self":[{"href":"https:\/\/gamers-zone.de\/en\/wp-json\/wp\/v2\/product\/8435","targetHints":{"allow":["GET"]}}],"collection":[{"href":"https:\/\/gamers-zone.de\/en\/wp-json\/wp\/v2\/product"}],"about":[{"href":"https:\/\/gamers-zone.de\/en\/wp-json\/wp\/v2\/types\/product"}],"replies":[{"embeddable":true,"href":"https:\/\/gamers-zone.de\/en\/wp-json\/wp\/v2\/comments?post=8435"}],"version-history":[{"count":0,"href":"https:\/\/gamers-zone.de\/en\/wp-json\/wp\/v2\/product\/8435\/revisions"}],"wp:featuredmedia":[{"embeddable":true,"href":"https:\/\/gamers-zone.de\/en\/wp-json\/wp\/v2\/media\/8546"}],"wp:attachment":[{"href":"https:\/\/gamers-zone.de\/en\/wp-json\/wp\/v2\/media?parent=8435"}],"wp:term":[{"taxonomy":"product_brand","embeddable":true,"href":"https:\/\/gamers-zone.de\/en\/wp-json\/wp\/v2\/product_brand?post=8435"},{"taxonomy":"product_cat","embeddable":true,"href":"https:\/\/gamers-zone.de\/en\/wp-json\/wp\/v2\/product_cat?post=8435"},{"taxonomy":"product_tag","embeddable":true,"href":"https:\/\/gamers-zone.de\/en\/wp-json\/wp\/v2\/product_tag?post=8435"}],"curies":[{"name":"wp","href":"https:\/\/api.w.org\/{rel}","templated":true}]}}