{"id":8073,"date":"2024-10-05T09:50:51","date_gmt":"2024-10-05T09:50:51","guid":{"rendered":"https:\/\/gamers-zone.de\/?post_type=product&#038;p=8073"},"modified":"2025-12-27T08:18:31","modified_gmt":"2025-12-27T08:18:31","slug":"dxracer-craft-xl-black-white-epu-leder","status":"publish","type":"product","link":"https:\/\/gamers-zone.de\/en\/product\/dxracer-craft-xl-black-white-epu-leder\/","title":{"rendered":"DXRacer CRAFT XL Black &#038; White EPU Leder"},"content":{"rendered":"<h5><span style=\"font-size: 16px;\"><strong>DXRacer Craft Series Gaming- und B\u00fcrostuhl<\/strong> \u2013 Vielseitigkeit trifft auf ergonomisches Design<\/span><\/h5>\n<h5><span style=\"font-size: 16px;\">Die <strong>Craft-Serie<\/strong> von DXRacer wurde entwickelt, um die Grenzen von Vielseitigkeit und ergonomischen Vorteilen zu erweitern. Mit einem schlanken Design setzt sie neue Ma\u00dfst\u00e4be. Ihre Wurzeln reichen zur\u00fcck bis zu einem der ersten Produkte von DXRacer, der beliebten <strong>Drifting-Serie<\/strong> aus dem Jahr 2006. Dieser Gaming- und B\u00fcrostuhl \u00fcberzeugt durch seine hervorragende Handwerkskunst, langlebige <strong>Kaltformschaum-Polsterung<\/strong>, hochwertigen <strong>Kunstlederbezug<\/strong> und feine <strong>Nahtdetails<\/strong>.<\/span><\/h5>\n<h5><span style=\"font-size: 16px;\">Der integrierte <strong>verstellbare Lendenwirbelst\u00fctze<\/strong> unterst\u00fctzt dich dabei, auch w\u00e4hrend langer Gaming- oder Arbeitssessions eine gesunde K\u00f6rperhaltung zu bewahren. Das ebenfalls verstellbare <strong>Kopfst\u00fctzenkissen<\/strong> erm\u00f6glicht es dir, deinen Kopf abzulegen und den Druck auf Nacken und Schultern zu verringern. Mit der <strong>h\u00f6henverstellbaren Gasdruckfeder<\/strong>, der <strong>multifunktionalen Steuerungseinheit<\/strong> und der <strong>neigbaren R\u00fcckenlehne<\/strong> kannst du den Stuhl nahezu unendlich an deine bevorzugte Sitzposition anpassen.<\/span><\/h5>\n<h5><span style=\"font-size: 16px;\">Die <strong>4D-Armlehnen<\/strong> sind in vier Richtungen verstellbar und bieten so zahllose Anpassungsm\u00f6glichkeiten. Die gro\u00dfen, <strong>PU-beschichteten Rollen<\/strong> und das <strong>Aluminium-Fu\u00dfkreuz<\/strong> sorgen f\u00fcr ein sanftes Gleiten auf flachen Oberfl\u00e4chen. Die zertifizierte <strong>Klasse-4-Gasdruckfeder<\/strong> hat eine maximale Tragkraft von 150 kg und die empfohlene K\u00f6rpergr\u00f6\u00dfe betr\u00e4gt bis zu 200 cm.<\/span><\/h5>\n<h5><span style=\"font-size: 16px;\">Eigenschaften<\/span><\/h5>\n<ul>\n<li>\n<h5><span style=\"font-size: 16px;\"><strong>Stuhltyp<\/strong>: B\u00fcro<\/span><\/h5>\n<\/li>\n<li>\n<h5><span style=\"font-size: 16px;\"><strong>Polstermaterial<\/strong>: Premium PU-Leder<\/span><\/h5>\n<\/li>\n<li>\n<h5><span style=\"font-size: 16px;\"><strong>Schaumtyp<\/strong>: Hochdichter, formgepresster Schaum<\/span><\/h5>\n<\/li>\n<li>\n<h5><span style=\"font-size: 16px;\"><strong>Armlehnen<\/strong>: 4-dimensional verstellbar<\/span><\/h5>\n<\/li>\n<li>\n<h5><span style=\"font-size: 16px;\"><strong>Rahmenkonstruktion<\/strong>: Stahl<\/span><\/h5>\n<\/li>\n<li>\n<h5><span style=\"font-size: 16px;\"><strong>Kippfunktion<\/strong>: Multi-Tilt<\/span><\/h5>\n<\/li>\n<li>\n<h5><span style=\"font-size: 16px;\"><strong>Neigungswinkel-Arretierung<\/strong>: Ja<\/span><\/h5>\n<\/li>\n<li>\n<h5><span style=\"font-size: 16px;\"><strong>Gasdruckfeder<\/strong>: Klasse 4<\/span><\/h5>\n<\/li>\n<li>\n<h5><span style=\"font-size: 16px;\"><strong>Fu\u00dfkreuz<\/strong>: Verst\u00e4rktes Aluminium<\/span><\/h5>\n<\/li>\n<li>\n<h5><span style=\"font-size: 16px;\"><strong>Rollen<\/strong>: 6 cm \/ 2,36 Zoll PU-beschichtet<\/span><\/h5>\n<\/li>\n<li>\n<h5><span style=\"font-size: 16px;\"><strong>Kopfkissen<\/strong>: Ja<\/span><\/h5>\n<\/li>\n<li>\n<h5><span style=\"font-size: 16px;\"><strong>Farbe<\/strong>: schwarz\/wei\u00df<\/span><\/h5>\n<\/li>\n<\/ul>\n<h5><span style=\"font-size: 16px;\">Gr\u00f6\u00dfe &amp; Gewicht<\/span><\/h5>\n<ul>\n<li>\n<h5><span style=\"font-size: 16px;\"><strong>Empfohlene K\u00f6rpergr\u00f6\u00dfe<\/strong>: 200 cm max.<\/span><\/h5>\n<\/li>\n<li>\n<h5><span style=\"font-size: 16px;\"><strong>Maximale Belastung<\/strong>: 150 kg<\/span><\/h5>\n<\/li>\n<li>\n<h5><span style=\"font-size: 16px;\"><strong>Neigungswinkel<\/strong>: 90-135\u00b0<\/span><\/h5>\n<\/li>\n<li>\n<h5><span style=\"font-size: 16px;\"><strong>Gr\u00f6\u00dfe der Armlehnenpolster (LxB)<\/strong>: 27&#215;10 cm<\/span><\/h5>\n<\/li>\n<li>\n<h5><span style=\"font-size: 16px;\"><strong>Verpackungsgr\u00f6\u00dfe (LxBxH)<\/strong>: 85x72x37 cm<\/span><\/h5>\n<\/li>\n<li>\n<h5><span style=\"font-size: 16px;\"><strong>Gewicht<\/strong>: 27,82 kg<\/span><\/h5>\n<\/li>\n<\/ul>\n<h5><span style=\"font-size: 16px;\">Garantie<\/span><\/h5>\n<ul>\n<li>\n<h5><span style=\"font-size: 16px;\"><strong>Garantie<\/strong>: 2 Jahre<\/span><\/h5>\n<\/li>\n<\/ul>","protected":false},"excerpt":{"rendered":"<p><span style=\"font-size: 16px;\">Die <strong>Craft-Serie<\/strong> von DXRacer wurde entwickelt, um die Grenzen von Vielseitigkeit und ergonomischen Vorteilen zu erweitern.<\/span><\/p>","protected":false},"featured_media":8076,"comment_status":"open","ping_status":"closed","template":"","meta":{"iawp_total_views":2},"product_brand":[],"product_cat":[150],"product_tag":[],"class_list":{"0":"post-8073","1":"product","2":"type-product","3":"status-publish","4":"has-post-thumbnail","6":"product_cat-gaming-stuehle","7":"product_shipping_class-grosse-artikel","9":"first","10":"instock","11":"sale","12":"taxable","13":"shipping-taxable","14":"purchasable","15":"product-type-simple"},"_links":{"self":[{"href":"https:\/\/gamers-zone.de\/en\/wp-json\/wp\/v2\/product\/8073","targetHints":{"allow":["GET"]}}],"collection":[{"href":"https:\/\/gamers-zone.de\/en\/wp-json\/wp\/v2\/product"}],"about":[{"href":"https:\/\/gamers-zone.de\/en\/wp-json\/wp\/v2\/types\/product"}],"replies":[{"embeddable":true,"href":"https:\/\/gamers-zone.de\/en\/wp-json\/wp\/v2\/comments?post=8073"}],"version-history":[{"count":0,"href":"https:\/\/gamers-zone.de\/en\/wp-json\/wp\/v2\/product\/8073\/revisions"}],"wp:featuredmedia":[{"embeddable":true,"href":"https:\/\/gamers-zone.de\/en\/wp-json\/wp\/v2\/media\/8076"}],"wp:attachment":[{"href":"https:\/\/gamers-zone.de\/en\/wp-json\/wp\/v2\/media?parent=8073"}],"wp:term":[{"taxonomy":"product_brand","embeddable":true,"href":"https:\/\/gamers-zone.de\/en\/wp-json\/wp\/v2\/product_brand?post=8073"},{"taxonomy":"product_cat","embeddable":true,"href":"https:\/\/gamers-zone.de\/en\/wp-json\/wp\/v2\/product_cat?post=8073"},{"taxonomy":"product_tag","embeddable":true,"href":"https:\/\/gamers-zone.de\/en\/wp-json\/wp\/v2\/product_tag?post=8073"}],"curies":[{"name":"wp","href":"https:\/\/api.w.org\/{rel}","templated":true}]}}