{"id":7328,"date":"2024-03-18T19:03:31","date_gmt":"2024-03-18T19:03:31","guid":{"rendered":"https:\/\/gamers-zone.de\/?post_type=product&#038;p=7328"},"modified":"2024-05-20T15:55:05","modified_gmt":"2024-05-20T15:55:05","slug":"cyberpunk-2077-phantom-liberty-dlc","status":"publish","type":"product","link":"https:\/\/gamers-zone.de\/en\/product\/cyberpunk-2077-phantom-liberty-dlc\/","title":{"rendered":"Cyberpunk 2077 Phantom Liberty (DLC)"},"content":{"rendered":"<p><span style=\"font-size: 14px;\">&#8222;Cyberpunk 2077: Phantom Liberty&#8220; ist ein mit Spannung erwartetes DLC (Downloadable Content) f\u00fcr das preisgekr\u00f6nte Videospiel &#8222;Cyberpunk 2077&#8220;. Dieses Erweiterungspaket versetzt die Spieler noch tiefer in die d\u00fcstere, futuristische Welt von Night City.<\/span><\/p>\n<p><span style=\"font-size: 14px;\">In &#8222;Phantom Liberty&#8220; tauchen die Spieler in eine fesselnde neue Handlung ein, die von Intrigen, Verrat und revolution\u00e4ren Idealen gepr\u00e4gt ist. Als aufstrebender S\u00f6ldner oder S\u00f6ldnerin werden die Spieler in einen gef\u00e4hrlichen Kampf um Freiheit und Gerechtigkeit verwickelt, der das Schicksal von Night City f\u00fcr immer ver\u00e4ndern k\u00f6nnte.<\/span><\/p>\n<p><span style=\"font-size: 14px;\">Mit neuen Charakteren, Quests und Umgebungen bietet &#8222;Phantom Liberty&#8220; den Spielern die M\u00f6glichkeit, noch tiefer in die faszinierende Welt von &#8222;Cyberpunk 2077&#8220; einzutauchen. Erkunde d\u00fcstere Gassen, hochmoderne Wolkenkratzer und geheime Untergrundorganisationen, w\u00e4hrend du deine F\u00e4higkeiten und Ausr\u00fcstung weiterentwickelst, um den Herausforderungen der Stadt gerecht zu werden.<\/span><\/p>\n<p><span style=\"font-size: 14px;\">Tauche ein in eine immersive Erfahrung voller Action, Spannung und Entscheidungen, die das Schicksal von Night City und seiner Bewohner beeinflussen werden. &#8222;Cyberpunk 2077: Phantom Liberty&#8220; verspricht ein unvergessliches Abenteuer in einer Welt, in der die Grenzen zwischen Mensch und Maschine verschwimmen und die Zukunft ungewiss ist. Bereite dich darauf vor, dich in den Sog der Phantom-Liberty-Revolution ziehen zu lassen!<\/span><\/p>\n<p><span style=\"font-size: 14px;\">Systemanforderungen<\/span><\/p>\n<p><span style=\"font-size: 14px;\">Mindestsystemanforderungen: <\/span><\/p>\n<p><span style=\"font-size: 14px;\">Betriebssystem: Windows 10 (64-bit)<\/span><\/p>\n<p><span style=\"font-size: 14px;\">Prozessor: Intel Core i5-3570K oder AMD FX-8310<\/span><\/p>\n<p><span style=\"font-size: 14px;\">Arbeitsspeicher: 8 GB RAM<\/span><\/p>\n<p><span style=\"font-size: 14px;\">Grafikkarte: NVIDIA GeForce GTX 970 oder AMD Radeon RX 470<\/span><\/p>\n<p><span style=\"font-size: 14px;\">DirectX: 12<\/span><\/p>\n<p><span style=\"font-size: 14px;\">Speicherplatz: 70 GB verf\u00fcgbarer Festplattenspeicher <\/span><\/p>\n<p><span style=\"font-size: 14px;\">SSD Festplatte empfohlen (100 GB f\u00fcr offline Installation)<\/span><\/p>\n<p><span style=\"font-size: 14px;\">Empfohlene Systemanforderungen: <\/span><\/p>\n<p><span style=\"font-size: 14px;\">Betriebssystem: Windows 10 (64-bit)<\/span><\/p>\n<p><span style=\"font-size: 14px;\">Prozessor: Intel Core i7-4790 oder AMD Ryzen 3 3200G<\/span><\/p>\n<p><span style=\"font-size: 14px;\">Arbeitsspeicher: 12 GB RAM<\/span><\/p>\n<p><span style=\"font-size: 14px;\">Grafikkarte: GTX 1060 6GB, GTX 1660 Super oder Radeon RX 590 <\/span><\/p>\n<p><span style=\"font-size: 14px;\">DirectX: 12<\/span><\/p>\n<p><span style=\"font-size: 14px;\">Speicherplatz: 70 GB verf\u00fcgbarer Festplattenspeicher <\/span><\/p>\n<p><span style=\"font-size: 14px;\">SSD Festplatte empfohlen (100 GB f\u00fcr offline Installation)<\/span><\/p>\n<p>&nbsp;<\/p>\n<p><span style=\"font-size: 14px;\">CD PROJEKT\u00ae, Cyberpunk\u00ae, Cyberpunk 2077\u00ae are registered trademarks of CD PROJEKT S.A. \u00a9 2019 CD PROJEKT S.A. <\/span><\/p>\n<p><span style=\"font-size: 14px;\">All rights reserved. All other copyrights and trademarks are the property of their respective owners. <\/span><\/p>","protected":false},"excerpt":{"rendered":"<p><strong><span style=\"font-family: 'Times New Roman'; color: #007cff; font-size: 16px;\">PC &#8211; digitaler Download<\/span><\/strong><\/p>","protected":false},"featured_media":7331,"comment_status":"open","ping_status":"closed","template":"","meta":{"iawp_total_views":6},"product_brand":[],"product_cat":[106,107,117,120,118],"product_tag":[],"class_list":{"0":"post-7328","1":"product","2":"type-product","3":"status-publish","4":"has-post-thumbnail","6":"product_cat-abenteuer","7":"product_cat-action","8":"product_cat-ego-perspektive","9":"product_cat-einzelspieler","10":"product_cat-open-world","12":"first","13":"instock","14":"sale","15":"downloadable","16":"virtual","17":"taxable","18":"purchasable","19":"product-type-simple"},"_links":{"self":[{"href":"https:\/\/gamers-zone.de\/en\/wp-json\/wp\/v2\/product\/7328","targetHints":{"allow":["GET"]}}],"collection":[{"href":"https:\/\/gamers-zone.de\/en\/wp-json\/wp\/v2\/product"}],"about":[{"href":"https:\/\/gamers-zone.de\/en\/wp-json\/wp\/v2\/types\/product"}],"replies":[{"embeddable":true,"href":"https:\/\/gamers-zone.de\/en\/wp-json\/wp\/v2\/comments?post=7328"}],"version-history":[{"count":0,"href":"https:\/\/gamers-zone.de\/en\/wp-json\/wp\/v2\/product\/7328\/revisions"}],"wp:featuredmedia":[{"embeddable":true,"href":"https:\/\/gamers-zone.de\/en\/wp-json\/wp\/v2\/media\/7331"}],"wp:attachment":[{"href":"https:\/\/gamers-zone.de\/en\/wp-json\/wp\/v2\/media?parent=7328"}],"wp:term":[{"taxonomy":"product_brand","embeddable":true,"href":"https:\/\/gamers-zone.de\/en\/wp-json\/wp\/v2\/product_brand?post=7328"},{"taxonomy":"product_cat","embeddable":true,"href":"https:\/\/gamers-zone.de\/en\/wp-json\/wp\/v2\/product_cat?post=7328"},{"taxonomy":"product_tag","embeddable":true,"href":"https:\/\/gamers-zone.de\/en\/wp-json\/wp\/v2\/product_tag?post=7328"}],"curies":[{"name":"wp","href":"https:\/\/api.w.org\/{rel}","templated":true}]}}