{"id":7274,"date":"2024-02-26T17:51:38","date_gmt":"2024-02-26T17:51:38","guid":{"rendered":"https:\/\/gamers-zone.de\/?post_type=product&#038;p=7274"},"modified":"2024-05-20T15:54:48","modified_gmt":"2024-05-20T15:54:48","slug":"hogwarts-legacy","status":"publish","type":"product","link":"https:\/\/gamers-zone.de\/en\/product\/hogwarts-legacy\/","title":{"rendered":"Hogwarts: Legacy &#8211; PC"},"content":{"rendered":"<p>Beschreibung:\u00a0 Hogwarts Legacy<\/p>\n<p>&#8222;Hogwarts Legacy&#8220; ist ein Action-Rollenspiel, das im Harry-Potter-Universum spielt und von Portkey Games entwickelt wurde. Hier ist eine allgemeine Beschreibung des Spiels:<\/p>\n<p>&#8222;Hogwarts Legacy&#8220; versetzt die Spieler in die magische Welt von Harry Potter, allerdings in eine Zeit, die weit vor den Ereignissen der Buch- und Filmreihe liegt. Die Spieler \u00fcbernehmen die Rolle eines angehenden Zaubersch\u00fclers oder einer Zaubersch\u00fclerin, die Hogwarts besucht und die Geheimnisse der Zauberei erlernt.<\/p>\n<p>Die Handlung entfaltet sich in den 1800er Jahren und bietet eine v\u00f6llig neue Perspektive auf die Welt der Zauberer. Die Spieler haben die Freiheit, Hogwarts und seine Umgebung zu erkunden, magische F\u00e4higkeiten zu erlernen, magische Kreaturen zu z\u00e4hmen und Geheimnisse zu l\u00fcften, die die Zaubererwelt pr\u00e4gen.<\/p>\n<p>Das Spiel zeichnet sich durch eine offene Spielwelt aus, in der die Spieler Entscheidungen treffen, Freundschaften schlie\u00dfen und ihre magischen F\u00e4higkeiten verbessern k\u00f6nnen. Die Spieler k\u00f6nnen in verschiedenen Klassen unterrichtet werden, Zaubertr\u00e4nke brauen, magische Kreaturen pflegen und sich in Abenteuern gegen dunkle M\u00e4chte stellen.<\/p>\n<p>Mit einer beeindruckenden Grafik und einem tiefen Eintauchen in die Welt der Magie verspricht &#8222;Hogwarts Legacy&#8220; ein episches Spielerlebnis f\u00fcr Fans von Harry Potter und Liebhaber von Action-Rollenspielen. Das Spiel erm\u00f6glicht es den Spielern, ihre eigene Geschichte in der reichen und faszinierenden Welt der Zauberei zu gestalten.<\/p>\n<p>&nbsp;<\/p>\n<p>Systemanforderungen:<\/p>\n<p>Empfohlen:<\/p>\n<p>Betriebssystem: Windows 10 (64-bit)<\/p>\n<p>Prozessor: Intel Core i7-8700 oder AMD Ryzen 5 3600<\/p>\n<p>Arbeitsspeicher: 16 GB RAM<\/p>\n<p>Grafikkarte: NVIDIA GeForce 1080\u00a0Ti\u00a0oder AMD RX\u00a05700\u00a0XT<\/p>\n<p>DirectX: 12<\/p>\n<p>Speicherplatz: 85 GB verf\u00fcgbarer Festplattenspeicher<\/p>\n<p>SSD Festplatte empfohlen<\/p>\n<p>DirectX-kompatible Soundkarte<\/p>\n<p>Breitband-Internetverbindung f\u00fcr Online-Funktionen<\/p>\n<p>Bitte beachten Sie, dass dies die empfohlenen Anforderungen sind und dass das Spiel m\u00f6glicherweise auch auf Systemen mit niedrigeren Spezifikationen funktionieren kann, jedoch mit m\u00f6glicherweise reduzierter Leistung.<\/p>\n<p>&nbsp;<\/p>\n<div><span class=\"css-d3i3lr\">Unterst\u00fctzte Sprachen<\/span><\/div>\n<ul class=\"css-vs1xw0\">\n<li class=\"css-k204li\"><span class=\"css-119zqif\">TEXT: Englisch, Italienisch, Spanisch (Spanien), Spanisch (Lateinamerika), Arabisch, Japanisch, Portugiesisch (Brasilien), Vereinfachtes Chinesisch, Traditionelles Chinesisch, Franz\u00f6sisch, Deutsch, Koreanisch, Polnisch, Russian<\/span><\/li>\n<li class=\"css-k204li\"><span class=\"css-119zqif\">SPRACHAUSGABE: Englisch, Italienisch, Spanisch (Spanien), Spanisch (Lateinamerika), Japanisch, Portugiesisch (Brasilien), Franz\u00f6sisch, Deutsch<\/span><\/li>\n<\/ul>\n<p>&nbsp;<\/p>\n<p>HOGWARTS LEGACY software \u00a9 2023 Warner Bros. Entertainment Inc. Developed by Avalanche Software. WIZARDING WORLD and HARRY POTTER Publishing Rights \u00a9 J.K. Rowling. PORTKEY GAMES, HOGWARTS LEGACY, WIZARDING WORLD AND HARRY POTTER characters, names and related indicia \u00a9 and &#x2122; Warner Bros. Entertainment Inc. WARNER BROS. GAMES LOGO, WB SHIELD: &#x2122; &amp; \u00a9 Warner Bros. Entertainment Inc. (s23)<\/p>\n<p><a href=\"https:\/\/policies.warnerbros.com\/privacy\/\">Warner Bros. Privacy Center &#8211; Warner Bros.<\/a><\/p>","protected":false},"excerpt":{"rendered":"<p><strong><span style=\"font-family: 'Times New Roman'; color: #007cff; font-size: 16px;\">PC &#8211; digitaler Download<\/span><\/strong><\/p>","protected":false},"featured_media":7276,"comment_status":"open","ping_status":"closed","template":"","meta":{"iawp_total_views":4},"product_brand":[],"product_cat":[106,107,120,112],"product_tag":[],"class_list":{"0":"post-7274","1":"product","2":"type-product","3":"status-publish","4":"has-post-thumbnail","6":"product_cat-abenteuer","7":"product_cat-action","8":"product_cat-einzelspieler","9":"product_cat-rollenspiele","11":"first","12":"instock","13":"downloadable","14":"virtual","15":"taxable","16":"purchasable","17":"product-type-simple"},"_links":{"self":[{"href":"https:\/\/gamers-zone.de\/en\/wp-json\/wp\/v2\/product\/7274","targetHints":{"allow":["GET"]}}],"collection":[{"href":"https:\/\/gamers-zone.de\/en\/wp-json\/wp\/v2\/product"}],"about":[{"href":"https:\/\/gamers-zone.de\/en\/wp-json\/wp\/v2\/types\/product"}],"replies":[{"embeddable":true,"href":"https:\/\/gamers-zone.de\/en\/wp-json\/wp\/v2\/comments?post=7274"}],"version-history":[{"count":0,"href":"https:\/\/gamers-zone.de\/en\/wp-json\/wp\/v2\/product\/7274\/revisions"}],"wp:featuredmedia":[{"embeddable":true,"href":"https:\/\/gamers-zone.de\/en\/wp-json\/wp\/v2\/media\/7276"}],"wp:attachment":[{"href":"https:\/\/gamers-zone.de\/en\/wp-json\/wp\/v2\/media?parent=7274"}],"wp:term":[{"taxonomy":"product_brand","embeddable":true,"href":"https:\/\/gamers-zone.de\/en\/wp-json\/wp\/v2\/product_brand?post=7274"},{"taxonomy":"product_cat","embeddable":true,"href":"https:\/\/gamers-zone.de\/en\/wp-json\/wp\/v2\/product_cat?post=7274"},{"taxonomy":"product_tag","embeddable":true,"href":"https:\/\/gamers-zone.de\/en\/wp-json\/wp\/v2\/product_tag?post=7274"}],"curies":[{"name":"wp","href":"https:\/\/api.w.org\/{rel}","templated":true}]}}