{"id":5875,"date":"2023-02-19T15:02:06","date_gmt":"2023-02-19T15:02:06","guid":{"rendered":"https:\/\/gamers-zone.de\/?post_type=product&#038;p=5875"},"modified":"2025-02-04T13:38:28","modified_gmt":"2025-02-04T13:38:28","slug":"elgato-wave-3","status":"publish","type":"product","link":"https:\/\/gamers-zone.de\/en\/product\/elgato-wave-3\/","title":{"rendered":"Elgato Wave: 3 Mikrofon"},"content":{"rendered":"<h5><span style=\"font-size: 14px;\">Artikelbeschreibung:<\/span><\/h5>\n<h5><span style=\"font-size: 14px;\">MASSGESCHNEIDERT F\u00dcR KREATIVE<\/span><br \/>\n<span style=\"font-size: 14px;\">Hochwertige Inhalte erfordern exzellenten Sound. Sie ben\u00f6tigen ein sendef\u00e4higes Mikrofon, das direkt an Ihr Setup angeschlossen werden kann. Und ein Mischpult mit Effekten, um Audio wie ein Profi zu mischen und zu bearbeiten. Das ist Wave:3 &#8211; Ihre Komplettl\u00f6sung.<\/span><\/h5>\n<h5><span style=\"font-size: 14px;\">BRILLANT DURCH DESIGN<\/span><br \/>\n<span style=\"font-size: 14px;\">Elegante Architektur. Tadelloser Klang. Robuste, taktile Steuerung. Welle: 3 sieht gut aus und klingt gut, ohne die Show zu stehlen.<\/span><\/h5>\n<h5><span style=\"font-size: 14px;\">LEWITT AUDIO INNEN<\/span><br \/>\n<span style=\"font-size: 14px;\">Mit Hauptsitz in Wien, \u00d6sterreich, unterzieht LEWITT Audio seine Mikrofone einer strengen Kalibrierung und Qualit\u00e4tskontrolle in erstklassigen Testeinrichtungen mit erfahrenen Toningenieuren. Das ist der Grund, warum sie ihre Mikrofone in legend\u00e4re Aufnahmestudios bringen, und warum wir Wave Mikrofone mit ihrer Audiotechnologie ausgestattet haben. So erhalten Sie die klangliche Signatur, die Ihr Publikum wahrnehmen wird.<\/span><\/h5>\n<h5><span style=\"font-size: 14px;\">WAVE LINK: DER MISCHER DER SCH\u00d6PFER<\/span><br \/>\n<span style=\"font-size: 14px;\">Wave Link ist eine intuitive Software, die speziell f\u00fcr die Erstellung von Inhalten entwickelt wurde und Ihnen die ultimative Kontrolle \u00fcber Ihren Twitch-Stream, Ihr YouTube-Video oder Ihr Podcast-Audio gibt.<\/span><\/h5>\n<h5><span style=\"font-size: 14px;\">VERST\u00c4RKUNG OHNE CLIPPING<\/span><br \/>\n<span style=\"font-size: 14px;\">Jetzt m\u00fcssen Sie weder live auf die Pegel achten, noch versuchen, verzerrtes Audiomaterial in der Postproduktion zu retten. Wenn der Eingangspegel einen Spitzenwert erreicht, leitet die patentierte Clipguard-Technologie den Ton sofort durch einen zweiten Signalweg, der mit geringerer Lautst\u00e4rke arbeitet. Das Ergebnis ist eine saubere Audioausgabe, egal wie laut Sie schreien.<\/span><\/h5>\n<h5><span style=\"font-size: 14px;\">MEHRKANALBEFEHL<\/span><br \/>\n<span style=\"font-size: 14px;\">Spiele-Audio, Voice-Chat, Musik, Alarme, Samples, mehrere Mikrofone* und mehr. Neun unabh\u00e4ngige Eingangskan\u00e4le erm\u00f6glichen es Ihnen, Audioquellen in Echtzeit zu mischen.<\/span><\/h5>\n<h5><span style=\"font-size: 14px;\">MEISTERHAFTES SUBMIXING<\/span><br \/>\n<span style=\"font-size: 14px;\">Erstellen Sie zwei v\u00f6llig unabh\u00e4ngige Ausgabemischungen &#8211; eine f\u00fcr Sie, eine f\u00fcr Ihr Publikum &#8211; und \u00fcberwachen Sie beide w\u00e4hrend des laufenden Betriebs.<\/span><br \/>\n<span style=\"font-size: 14px;\">*Mehrere Wave-Mikrofone werden zur Zeit nicht unterst\u00fctzt<\/span><\/h5>\n<h5><span style=\"font-size: 14px;\">TAUSENDE VON EFFEKTEN<\/span><br \/>\n<span style=\"font-size: 14px;\">Statten Sie Kan\u00e4le mit VST-Plugins von Drittanbietern wie EQ, Kompression oder Reverb aus. Die M\u00f6glichkeiten, Ihren Sound anzupassen, sind praktisch unbegrenzt.<\/span><\/h5>\n<h5><span style=\"font-size: 14px;\">MEHR FEATURES:<\/span><br \/>\n<span style=\"font-size: 14px;\">M\u00dcHELOSE KONTROLLE<\/span><br \/>\n<span style=\"font-size: 14px;\">Schalten Sie urheberrechtlich gesch\u00fctzte Musik in Ihrem Stream-Mix stumm, um Verst\u00f6\u00dfe zu vermeiden, und h\u00f6ren Sie weiter \u00fcber Ihren Monitor-Mix.<\/span><\/h5>\n<h5><span style=\"font-size: 14px;\">STREAM BEREIT<\/span><br \/>\n<span style=\"font-size: 14px;\">F\u00fcgen Sie Wave Link als Master-Audioquelle in OBS Studio hinzu, um die vollst\u00e4ndige Kontrolle \u00fcber Ihren Audio-Workflow zu \u00fcbernehmen.<\/span><br \/>\n<span style=\"font-size: 14px;\">*CPU-Last abh\u00e4ngig von der VST-Nutzung<\/span><\/h5>\n<h5><span style=\"font-size: 14px;\">INTELLIGENTE VERARBEITUNG<\/span><br \/>\n<span style=\"font-size: 14px;\">Wave Link schont Ihre CPU* &#8211; es wird keine externe Audioverarbeitungshardware ben\u00f6tigt.<\/span><\/h5>\n<h5><span style=\"font-size: 14px;\">IHR ARBEITSFLOW. ENTWICKELT.<\/span><br \/>\n<span style=\"font-size: 14px;\">Stream Deck arbeitet nahtlos mit Wave Link zusammen, um Ihnen die vollst\u00e4ndige Kontrolle im Studio zu erm\u00f6glichen. Legen Sie ganz einfach Tasten fest, um Quellen stumm zu schalten, Pegel einzustellen und Spuren zu \u00fcberspringen &#8211; einfach alles. Oder erstellen Sie Multi-Aktionen, um Audio-, Licht- und Kameraeinstellungen gleichzeitig anzupassen &#8211; alles mit einem einzigen Fingertipp. Das ist fortschrittliche A\/V-Automatisierung mit nur einem Fingertipp. Taktil und vollst\u00e4ndig anpassbar. Eine Hybrid-Mixing-L\u00f6sung wie keine andere.<\/span><\/h5>\n<h5><span style=\"font-size: 14px;\">TECHNISCHE DATEN<\/span><br \/>\n<span style=\"font-size: 14px;\">KAPSEL<\/span><br \/>\n<span style=\"font-size: 14px;\">17 mm Elektret<\/span><br \/>\n<span style=\"font-size: 14px;\">POLAR PATTERN<\/span><br \/>\n<span style=\"font-size: 14px;\">Cardioid<\/span><br \/>\n<span style=\"font-size: 14px;\">AUFL\u00d6SUNG<\/span><br \/>\n<span style=\"font-size: 14px;\">24 Bit<\/span><br \/>\n<span style=\"font-size: 14px;\">SAMPEL RATE<\/span><br \/>\n<span style=\"font-size: 14px;\">48 \/ 96 kHz<\/span><br \/>\n<span style=\"font-size: 14px;\">FREQUENZGANG<\/span><br \/>\n<span style=\"font-size: 14px;\">70 &#8211; 20000 Hz<\/span><\/h5>\n<h5><span style=\"font-size: 14px;\">EMPFINDLICHKEIT<\/span><br \/>\n<span style=\"font-size: 14px;\">-25 dBFS (minimale Verst\u00e4rkung) | 15 dBFS (maximale Verst\u00e4rkung)<\/span><br \/>\n<span style=\"font-size: 14px;\">MAX SPL<\/span><br \/>\n<span style=\"font-size: 14px;\">120dB (140dB Clipguard aktiviert)<\/span><br \/>\n<span style=\"font-size: 14px;\">DYNAMISCHER BEREICH<\/span><br \/>\n<span style=\"font-size: 14px;\">95dB (115dB Clipguard eingeschaltet)<\/span><br \/>\n<span style=\"font-size: 14px;\">SCHNITTSTELLE<\/span><br \/>\n<span style=\"font-size: 14px;\">USB-C<\/span><\/h5>\n<h5><span style=\"font-size: 14px;\">Systemanforderungen<\/span><br \/>\n<span style=\"font-size: 14px;\">Windows 10 64-Bit<\/span><br \/>\n<span style=\"font-size: 14px;\">4GB RAM, USB- 2.0 Anschluss<\/span><br \/>\n<span style=\"font-size: 14px;\">macOS 10.15 oder neuer<\/span><br \/>\n<span style=\"font-size: 14px;\">4GB RAM, USB- 2.0 Anschluss<\/span><\/h5>\n<h5><span style=\"font-size: 14px;\">Lieferumfang:<\/span><br \/>\n<span style=\"font-size: 14px;\">-Elgato Wave:3 Mikrofon<\/span><br \/>\n<span style=\"font-size: 14px;\">-USB-C Kabel 2,5m<\/span><br \/>\n<span style=\"font-size: 14px;\">-Standfu\u00df<\/span><br \/>\n<span style=\"font-size: 14px;\">-Tischarm Adapter<\/span><br \/>\n<span style=\"font-size: 14px;\">-Schnellstart Anleitung<\/span><\/h5>","protected":false},"excerpt":{"rendered":"<h5><span style=\"font-size: 14px;\">Das erstklassige Elgato Wave: 3 Mikrofon- und Digital Mixing-L\u00f6sung f\u00fcr h\u00f6chste Anspr\u00fcche.<\/span><\/h5>","protected":false},"featured_media":6410,"comment_status":"open","ping_status":"closed","template":"","meta":{"iawp_total_views":35},"product_brand":[],"product_cat":[128,130],"product_tag":[875,869,880,859,877,879,876,864,860,872,865,878,870,873,861,863,874,866,862,871,868,867],"class_list":{"0":"post-5875","1":"product","2":"type-product","3":"status-publish","4":"has-post-thumbnail","6":"product_cat-gaming-ausstattung","7":"product_cat-mikrofone","8":"product_tag-audioeffekte","9":"product_tag-clipguard-technologie","10":"product_tag-content-creation","11":"product_tag-elgato-wave3","12":"product_tag-equalizer","13":"product_tag-gaming-mikrofon","14":"product_tag-kompressor","15":"product_tag-lewitt-audio","16":"product_tag-mikrofon","17":"product_tag-obs-studio","18":"product_tag-podcast-mikrofon","19":"product_tag-reverb","20":"product_tag-sound-mixing","21":"product_tag-stream-deck","22":"product_tag-streaming-mikrofon","23":"product_tag-studioqualitaet","24":"product_tag-submixing","25":"product_tag-twitch-streaming","26":"product_tag-usb-mikrofon","27":"product_tag-vst-plugins","28":"product_tag-wave-link-software","29":"product_tag-youtube-audio","31":"first","32":"instock","33":"sale","34":"taxable","35":"shipping-taxable","36":"purchasable","37":"product-type-simple"},"_links":{"self":[{"href":"https:\/\/gamers-zone.de\/en\/wp-json\/wp\/v2\/product\/5875","targetHints":{"allow":["GET"]}}],"collection":[{"href":"https:\/\/gamers-zone.de\/en\/wp-json\/wp\/v2\/product"}],"about":[{"href":"https:\/\/gamers-zone.de\/en\/wp-json\/wp\/v2\/types\/product"}],"replies":[{"embeddable":true,"href":"https:\/\/gamers-zone.de\/en\/wp-json\/wp\/v2\/comments?post=5875"}],"version-history":[{"count":0,"href":"https:\/\/gamers-zone.de\/en\/wp-json\/wp\/v2\/product\/5875\/revisions"}],"wp:featuredmedia":[{"embeddable":true,"href":"https:\/\/gamers-zone.de\/en\/wp-json\/wp\/v2\/media\/6410"}],"wp:attachment":[{"href":"https:\/\/gamers-zone.de\/en\/wp-json\/wp\/v2\/media?parent=5875"}],"wp:term":[{"taxonomy":"product_brand","embeddable":true,"href":"https:\/\/gamers-zone.de\/en\/wp-json\/wp\/v2\/product_brand?post=5875"},{"taxonomy":"product_cat","embeddable":true,"href":"https:\/\/gamers-zone.de\/en\/wp-json\/wp\/v2\/product_cat?post=5875"},{"taxonomy":"product_tag","embeddable":true,"href":"https:\/\/gamers-zone.de\/en\/wp-json\/wp\/v2\/product_tag?post=5875"}],"curies":[{"name":"wp","href":"https:\/\/api.w.org\/{rel}","templated":true}]}}