{"id":5766,"date":"2023-02-15T08:51:29","date_gmt":"2023-02-15T08:51:29","guid":{"rendered":"https:\/\/gamers-zone.de\/?post_type=product&#038;p=5766"},"modified":"2025-02-04T13:28:28","modified_gmt":"2025-02-04T13:28:28","slug":"razer-basilik-v3-pro","status":"publish","type":"product","link":"https:\/\/gamers-zone.de\/en\/product\/razer-basilik-v3-pro\/","title":{"rendered":"Razer Basilik V3 Pro"},"content":{"rendered":"<h5><span style=\"font-size: 14px;\"><strong><span style=\"color: #007cff;\"><span style=\"font-family: Times New Roman, serif;\">Artikelbeschreibung:<\/span><\/span><\/strong><\/span><\/h5>\n<h5><span style=\"font-size: 14px;\"><strong><span style=\"color: #007cff;\"><span style=\"font-family: Times New Roman, serif;\">Der K\u00f6nig kehrt zur\u00fcck, um das Spiel zu verbessern. Hier kommt die Razer Basilisk V3 Pro &#8211; fortschrittlichste Razer Gaming-Maus. Bis an die Z\u00e4hne bewaffnet mit branchenf\u00fchrender Technologie, sch\u00f6pfst du dein maximales Potenzial mit einer Waffe aus, die die bekannten Grenzen von Leistung, Anpassung, Konnektivit\u00e4t und Kontrolle \u00fcberschreitet. <\/span><\/span><\/strong><\/span><\/h5>\n<h5><span style=\"font-size: 14px;\"><strong><span style=\"color: #007cff;\"><span style=\"font-family: Times New Roman, serif;\">-F\u00fcr Rechtsh\u00e4nder<\/span><\/span><\/strong><\/span><\/h5>\n<h5><span style=\"font-size: 14px;\"><strong><span style=\"color: #007cff;\"><span style=\"font-family: Times New Roman, serif;\">-Razer Chroma&#x2122; RGB Beleuchtung<\/span><\/span><\/strong><\/span><\/h5>\n<h5><span style=\"font-size: 14px;\"><strong><span style=\"color: #007cff;\"><span style=\"font-family: Times New Roman, serif;\">-Bis zu 90h Batterieleistung (HyperSpeed)<\/span><\/span><\/strong><\/span><\/h5>\n<h5><span style=\"font-size: 14px;\"><strong><span style=\"color: #007cff;\"><span style=\"font-family: Times New Roman, serif;\">-Bluetooth<\/span><\/span><\/strong><\/span><\/h5>\n<h5><span style=\"font-size: 14px;\"><strong><span style=\"color: #007cff;\"><span style=\"font-family: Times New Roman, serif;\">-Razer&#x2122; HyperSpeed Kabellos <\/span><\/span><\/strong><\/span><\/h5>\n<h5><span style=\"font-size: 14px;\"><strong><span style=\"color: #007cff;\"><span style=\"font-family: Times New Roman, serif;\">-Anschlusskabel Speedflex Kabel USB Typ C<\/span><\/span><\/strong><\/span><\/h5>\n<h5><span style=\"font-size: 14px;\"><strong><span style=\"color: #007cff;\"><span style=\"font-family: Times New Roman, serif;\">-4-Wege Razer&#x2122; HyperScroll tilt wheel<\/span><\/span><\/strong><\/span><\/h5>\n<h5><span style=\"font-size: 14px;\"><strong><span style=\"color: #007cff;\"><span style=\"font-family: Times New Roman, serif;\">-Elektronisch bet\u00e4tigte gekerbte und frei drehende Modi<\/span><\/span><\/strong><\/span><\/h5>\n<h5><span style=\"font-size: 14px;\"><strong><span style=\"color: #007cff;\"><span style=\"font-family: Times New Roman, serif;\">-Focus Pro 30K Optical Sensor<\/span><\/span><\/strong><\/span><\/h5>\n<h5><span style=\"font-size: 14px;\"><strong><span style=\"color: #007cff;\"><span style=\"font-family: Times New Roman, serif;\">-Max DPI &#8211; 30000<\/span><\/span><\/strong><\/span><\/h5>\n<h5><span style=\"font-size: 14px;\"><strong><span style=\"color: #007cff;\"><span style=\"font-family: Times New Roman, serif;\">-Max IPS &#8211; 750<\/span><\/span><\/strong><\/span><\/h5>\n<h5><span style=\"font-size: 14px;\"><strong><span style=\"color: #007cff;\"><span style=\"font-family: Times New Roman, serif;\">-Max G &#8211; 70<\/span><\/span><\/strong><\/span><\/h5>\n<h5><span style=\"font-size: 14px;\"><strong><span style=\"color: #007cff;\"><span style=\"font-family: Times New Roman, serif;\">-11 Programmierbare Kn\u00f6pfe <\/span><\/span><\/strong><\/span><\/h5>\n<h5><span style=\"font-size: 14px;\"><strong><span style=\"color: #007cff;\"><span style=\"font-family: Times New Roman, serif;\">-Optical Mouse Switches Gen-3<\/span><\/span><\/strong><\/span><\/h5>\n<h5><span style=\"font-size: 14px;\"><strong><span style=\"color: #007cff;\"><span style=\"font-family: Times New Roman, serif;\">-Bis zu 90 Mio. Klicks Lebensdauer<\/span><\/span><\/strong><\/span><\/h5>\n<h5><span style=\"font-size: 14px;\"><strong><span style=\"color: #007cff;\"><span style=\"font-family: Times New Roman, serif;\">-5 Profile auf der Maus speicherbar<\/span><\/span><\/strong><\/span><\/h5>\n<h5><span style=\"font-size: 14px;\"><strong><span style=\"color: #007cff;\"><span style=\"font-family: Times New Roman, serif;\">-Mausfu\u00df 100% PTFE<\/span><\/span><\/strong><\/span><\/h5>\n<h5><span style=\"font-size: 14px;\"><strong><span style=\"color: #007cff;\"><span style=\"font-family: Times New Roman, serif;\">-L\u00e4nge: 130mm x Breite 75,4mm x H\u00f6he 42,5mm und 112g ohne Kabel<\/span><\/span><\/strong><\/span><\/h5>\n<h5><span style=\"font-size: 14px;\"><strong><span style=\"color: #007cff;\"><span style=\"font-family: Times New Roman, serif;\">-Razer Mouse Dock Pro mit Razer Wireless Charging Puck (beide separat erh\u00e4ltlich)<\/span><\/span><\/strong><\/span><\/h5>","protected":false},"excerpt":{"rendered":"<h5><span style=\"font-size: 14px;\"><strong><span style=\"color: #007cff;\"><span style=\"font-family: Times New Roman, serif;\">Der K\u00f6nig kehrt zur\u00fcck, um das Spiel zu verbessern. Hier kommt die Razer Basilisk V3 Pro &#8211; fortschrittlichste Razer Gaming-Maus. <\/span><\/span><\/strong><\/span><\/h5>","protected":false},"featured_media":6409,"comment_status":"open","ping_status":"closed","template":"","meta":{"iawp_total_views":10},"product_brand":[],"product_cat":[133,128,125],"product_tag":[],"class_list":{"0":"post-5766","1":"product","2":"type-product","3":"status-publish","4":"has-post-thumbnail","6":"product_cat-aktuelle-angebote","7":"product_cat-gaming-ausstattung","8":"product_cat-gaming-maus","10":"first","11":"instock","12":"sale","13":"taxable","14":"shipping-taxable","15":"purchasable","16":"product-type-simple"},"_links":{"self":[{"href":"https:\/\/gamers-zone.de\/en\/wp-json\/wp\/v2\/product\/5766","targetHints":{"allow":["GET"]}}],"collection":[{"href":"https:\/\/gamers-zone.de\/en\/wp-json\/wp\/v2\/product"}],"about":[{"href":"https:\/\/gamers-zone.de\/en\/wp-json\/wp\/v2\/types\/product"}],"replies":[{"embeddable":true,"href":"https:\/\/gamers-zone.de\/en\/wp-json\/wp\/v2\/comments?post=5766"}],"version-history":[{"count":0,"href":"https:\/\/gamers-zone.de\/en\/wp-json\/wp\/v2\/product\/5766\/revisions"}],"wp:featuredmedia":[{"embeddable":true,"href":"https:\/\/gamers-zone.de\/en\/wp-json\/wp\/v2\/media\/6409"}],"wp:attachment":[{"href":"https:\/\/gamers-zone.de\/en\/wp-json\/wp\/v2\/media?parent=5766"}],"wp:term":[{"taxonomy":"product_brand","embeddable":true,"href":"https:\/\/gamers-zone.de\/en\/wp-json\/wp\/v2\/product_brand?post=5766"},{"taxonomy":"product_cat","embeddable":true,"href":"https:\/\/gamers-zone.de\/en\/wp-json\/wp\/v2\/product_cat?post=5766"},{"taxonomy":"product_tag","embeddable":true,"href":"https:\/\/gamers-zone.de\/en\/wp-json\/wp\/v2\/product_tag?post=5766"}],"curies":[{"name":"wp","href":"https:\/\/api.w.org\/{rel}","templated":true}]}}