{"id":4872,"date":"2022-12-10T16:06:54","date_gmt":"2022-12-10T16:06:54","guid":{"rendered":"https:\/\/gamers-zone.de\/produkt\/cyberpunk-2077\/"},"modified":"2024-05-13T10:38:25","modified_gmt":"2024-05-13T10:38:25","slug":"cyberpunk-2077","status":"publish","type":"product","link":"https:\/\/gamers-zone.de\/en\/product\/cyberpunk-2077\/","title":{"rendered":"Cyberpunk 2077 &#8211; PC Hauptspiel"},"content":{"rendered":"<p><span style=\"font-size: 16px; font-family: 'Times New Roman'; color: #007cff;\"><strong>Cyberpunk 2077<\/strong> ist ein Open-World-Action-Adventure-RPG, bei dem du in Night City einen Cyberpunk-S\u00f6ldner spielst, der ums \u00dcberleben k\u00e4mpft. Passe deinen Charakter und deinen Spielstil nach Belieben an, w\u00e4hrend du Auftr\u00e4ge annimmst, deinen Ruf verbesserst und Upgrades freischaltest \u2013 jetzt mit Verbesserungen und brandneuen, kostenlosen Bonus-Inhalten! Deine Beziehungen mit anderen Charakteren und deine Entscheidungen ver\u00e4ndern die Geschichte und die Welt um dich herum. Hier entstehen Legenden. Wie wird deine aussehen?<\/span><\/p>\n<p><span style=\"font-family: 'Times New Roman', serif; font-size: 16px; color: #007cff;\">Steige als Cyberpunk, einem gesetzlosen Gro\u00dfstadt-S\u00f6ldner, ausgestattet mit kybernetischen Verbesserungen, in den Stra\u00dfen von Night City zur Legende auf. <\/span><\/p>\n<p><span style=\"font-family: 'Times New Roman', serif; font-size: 16px; color: #007cff;\">In Night City wird es nie langweilig. Du entscheidest, wann du wohin gehen m\u00f6chtest und wie du dorthin kommst. <\/span><\/p>\n<p><span style=\"font-family: 'Times New Roman', serif; font-size: 16px; color: #007cff;\">St\u00fcrze dich in gef\u00e4hrliche Abenteuer und baue Beziehungen zu einzigartigen Charakteren auf, deren Schicksal von deinen Entscheidungen abh\u00e4ngt. <\/span><\/p>\n<p><span style=\"color: #007cff;\"><strong><span style=\"font-family: 'Times New Roman', serif; font-size: 16px;\">AUSGESTATTET MIT VERBESSERUNGEN<\/span><\/strong><\/span><\/p>\n<p><span style=\"font-family: 'Times New Roman', serif; font-size: 16px; color: #007cff;\">Erlebe Cyberpunk 2077 mit jeder Menge Verbesserungen an Gameplay und \u00d6konomie, an der Stadt, an der Kartennutzung und vielem mehr.<\/span><\/p>\n<p><span style=\"color: #007cff;\"><strong><span style=\"font-family: 'Times New Roman', serif; font-size: 16px;\">INKLUSIVE KOSTENLOSER BONUS-INHALTE<\/span><\/strong><\/span><\/p>\n<p><span style=\"font-family: 'Times New Roman', serif; font-size: 16px; color: #007cff;\">Sichere dir jede Menge kostenloser Gegenst\u00e4nde, darunter neue Fern- und Nahkampfwaffen, zus\u00e4tzliche Anpassungsm\u00f6glichkeiten und mehr. <\/span><\/p>\n<p>&nbsp;<\/p>\n<p><span style=\"color: #007cff;\"><strong><span style=\"font-family: 'Times New Roman', serif; font-size: 16px;\">Systemanforderungen<\/span><\/strong><\/span><\/p>\n<p><span style=\"color: #007cff;\"><strong><span style=\"font-family: 'Times New Roman', serif; font-size: 16px;\">Mindestsystemanforderungen: <\/span><\/strong><\/span><\/p>\n<p><span style=\"font-family: 'Times New Roman', serif; font-size: 16px; color: #007cff;\">Betriebssystem: Windows 10 (64-bit)<\/span><\/p>\n<p><span style=\"font-family: 'Times New Roman', serif; font-size: 16px; color: #007cff;\">Prozessor: Intel Core i5-3570K oder AMD FX-8310<\/span><\/p>\n<p><span style=\"font-family: 'Times New Roman', serif; font-size: 16px; color: #007cff;\">Arbeitsspeicher: 8 GB RAM<\/span><\/p>\n<p><span style=\"font-family: 'Times New Roman', serif; font-size: 16px; color: #007cff;\">Grafikkarte: NVIDIA GeForce GTX 970 oder AMD Radeon RX 470<\/span><\/p>\n<p><span style=\"font-family: 'Times New Roman', serif; font-size: 16px; color: #007cff;\">DirectX: 12<\/span><\/p>\n<p><span style=\"font-family: 'Times New Roman', serif; font-size: 16px; color: #007cff;\">Speicherplatz: 70 GB verf\u00fcgbarer Festplattenspeicher <\/span><\/p>\n<p><span style=\"font-family: 'Times New Roman', serif; font-size: 16px; color: #007cff;\">SSD Festplatte empfohlen (100 GB f\u00fcr offline Installation)<\/span><\/p>\n<p><span style=\"font-family: 'Times New Roman', serif; font-size: 16px; color: #007cff;\"><br \/>\n<strong>Empfohlene Systemanforderungen: <\/strong><\/span><\/p>\n<p><span style=\"font-family: 'Times New Roman', serif; font-size: 16px; color: #007cff;\">Betriebssystem: Windows 10 (64-bit)<\/span><\/p>\n<p><span style=\"font-family: 'Times New Roman', serif; font-size: 16px; color: #007cff;\">Prozessor: Intel Core i7-4790 oder AMD Ryzen 3 3200G<\/span><\/p>\n<p><span style=\"font-family: 'Times New Roman', serif; font-size: 16px; color: #007cff;\">Arbeitsspeicher: 12 GB RAM<\/span><\/p>\n<p><span style=\"font-family: 'Times New Roman', serif; font-size: 16px; color: #007cff;\">Grafikkarte: GTX 1060 6GB, GTX 1660 Super oder Radeon RX 590 <\/span><\/p>\n<p><span style=\"font-family: 'Times New Roman', serif; font-size: 16px; color: #007cff;\">DirectX: 12<\/span><\/p>\n<p><span style=\"font-family: 'Times New Roman', serif; font-size: 16px; color: #007cff;\">Speicherplatz: 70 GB verf\u00fcgbarer Festplattenspeicher <\/span><\/p>\n<p><span style=\"font-family: 'Times New Roman', serif; font-size: 16px; color: #007cff;\">SSD Festplatte empfohlen (100 GB f\u00fcr offline Installation)<\/span><\/p>\n<p>&nbsp;<\/p>\n<p><span style=\"font-family: 'Times New Roman', serif; font-size: 16px; color: #007cff;\">CD PROJEKT\u00ae, Cyberpunk\u00ae, Cyberpunk 2077\u00ae are registered trademarks of CD PROJEKT S.A. \u00a9 2019 CD PROJEKT S.A. <\/span><\/p>\n<p><span style=\"font-family: 'Times New Roman', serif; font-size: 16px; color: #007cff;\">All rights reserved. All other copyrights and trademarks are the property of their respective owners. <\/span><\/p>","protected":false},"excerpt":{"rendered":"<p><strong><span style=\"font-family: 'Times New Roman'; color: #007cff; font-size: 16px;\">PC &#8211; digitaler Download<\/span><\/strong><\/p>","protected":false},"featured_media":5505,"comment_status":"open","ping_status":"closed","template":"","meta":{"iawp_total_views":6},"product_brand":[],"product_cat":[106,107,117,120,118],"product_tag":[],"class_list":{"0":"post-4872","1":"product","2":"type-product","3":"status-publish","4":"has-post-thumbnail","6":"product_cat-abenteuer","7":"product_cat-action","8":"product_cat-ego-perspektive","9":"product_cat-einzelspieler","10":"product_cat-open-world","12":"first","13":"instock","14":"sale","15":"downloadable","16":"virtual","17":"taxable","18":"purchasable","19":"product-type-simple"},"_links":{"self":[{"href":"https:\/\/gamers-zone.de\/en\/wp-json\/wp\/v2\/product\/4872","targetHints":{"allow":["GET"]}}],"collection":[{"href":"https:\/\/gamers-zone.de\/en\/wp-json\/wp\/v2\/product"}],"about":[{"href":"https:\/\/gamers-zone.de\/en\/wp-json\/wp\/v2\/types\/product"}],"replies":[{"embeddable":true,"href":"https:\/\/gamers-zone.de\/en\/wp-json\/wp\/v2\/comments?post=4872"}],"version-history":[{"count":0,"href":"https:\/\/gamers-zone.de\/en\/wp-json\/wp\/v2\/product\/4872\/revisions"}],"wp:featuredmedia":[{"embeddable":true,"href":"https:\/\/gamers-zone.de\/en\/wp-json\/wp\/v2\/media\/5505"}],"wp:attachment":[{"href":"https:\/\/gamers-zone.de\/en\/wp-json\/wp\/v2\/media?parent=4872"}],"wp:term":[{"taxonomy":"product_brand","embeddable":true,"href":"https:\/\/gamers-zone.de\/en\/wp-json\/wp\/v2\/product_brand?post=4872"},{"taxonomy":"product_cat","embeddable":true,"href":"https:\/\/gamers-zone.de\/en\/wp-json\/wp\/v2\/product_cat?post=4872"},{"taxonomy":"product_tag","embeddable":true,"href":"https:\/\/gamers-zone.de\/en\/wp-json\/wp\/v2\/product_tag?post=4872"}],"curies":[{"name":"wp","href":"https:\/\/api.w.org\/{rel}","templated":true}]}}