{"id":11289,"date":"2025-03-19T08:47:34","date_gmt":"2025-03-19T08:47:34","guid":{"rendered":"https:\/\/gamers-zone.de\/?post_type=product&#038;p=11289"},"modified":"2025-03-20T08:19:16","modified_gmt":"2025-03-20T08:19:16","slug":"assassins-creed-shadows-day-1-edition-ps5","status":"publish","type":"product","link":"https:\/\/gamers-zone.de\/en\/product\/assassins-creed-shadows-day-1-edition-ps5\/","title":{"rendered":"Assassin\u2019s Creed: Shadows Day 1 Edition PS5"},"content":{"rendered":"<h5 data-start=\"107\" data-end=\"160\"><span style=\"font-size: 14px;\"><strong data-start=\"107\" data-end=\"158\">Assassin\u2019s Creed: Shadows \u2013 Day 1 Edition \u2013 PS5<\/strong><\/span><\/h5>\n<h5 data-start=\"162\" data-end=\"609\"><span style=\"font-size: 14px;\"><strong data-start=\"162\" data-end=\"214\">Erlebe die ultimative Assassin\u2019s Creed-Erfahrung<\/strong> mit der <strong data-start=\"223\" data-end=\"240\">Day 1 Edition<\/strong> von <strong data-start=\"245\" data-end=\"274\">Assassin\u2019s Creed: Shadows<\/strong> f\u00fcr die <strong data-start=\"283\" data-end=\"300\">PlayStation 5<\/strong>. Tauche ein in das d\u00fcstere und faszinierende feudale Japan des 16. Jahrhunderts, in einer epischen Geschichte, die von den <strong data-start=\"424\" data-end=\"449\">historischen Legenden<\/strong> der Sengoku-Zeit inspiriert ist. Die <strong data-start=\"487\" data-end=\"504\">Day 1 Edition<\/strong> enth\u00e4lt exklusive Boni und zus\u00e4tzliche Inhalte, die dir helfen, das Spiel in vollen Z\u00fcgen zu genie\u00dfen!<\/span><\/h5>\n<h5 data-start=\"611\" data-end=\"657\"><span style=\"font-size: 14px;\"><strong data-start=\"615\" data-end=\"655\">Exklusive Inhalte der Day 1 Edition:<\/strong><\/span><\/h5>\n<ul data-start=\"658\" data-end=\"1013\">\n<li data-start=\"658\" data-end=\"757\">\n<h5><span style=\"font-size: 14px;\"><strong data-start=\"660\" data-end=\"681\">Zus\u00e4tzliche Skins<\/strong>: Ziert deinen Charakter mit exklusiven Skins f\u00fcr <strong data-start=\"731\" data-end=\"739\">Naoe<\/strong> and <strong data-start=\"744\" data-end=\"754\">Yasuke<\/strong>.<\/span><\/h5>\n<\/li>\n<li data-start=\"758\" data-end=\"883\">\n<h5><span style=\"font-size: 14px;\"><strong data-start=\"760\" data-end=\"785\">Erweiterte Ausr\u00fcstung<\/strong>: Zugang zu <strong data-start=\"797\" data-end=\"823\">spezialisierten Waffen<\/strong> and <strong data-start=\"828\" data-end=\"841\">R\u00fcstungen<\/strong>, die dir im Kampf Vorteile verschaffen.<\/span><\/h5>\n<\/li>\n<li data-start=\"884\" data-end=\"1013\">\n<h5><span style=\"font-size: 14px;\"><strong data-start=\"886\" data-end=\"904\">Bonusmissionen<\/strong>: Erhalte exklusiven Zugang zu speziellen <strong data-start=\"946\" data-end=\"965\">Story-Missionen<\/strong>, die nur in der Day 1 Edition verf\u00fcgbar sind.<\/span><\/h5>\n<\/li>\n<\/ul>\n<h5 data-start=\"1015\" data-end=\"1041\"><span style=\"font-size: 14px;\"><strong data-start=\"1019\" data-end=\"1039\">Story &amp; Gameplay<\/strong><\/span><\/h5>\n<ul data-start=\"1043\" data-end=\"1552\">\n<li data-start=\"1043\" data-end=\"1325\">\n<h5><span style=\"font-size: 14px;\"><strong data-start=\"1045\" data-end=\"1053\">Naoe<\/strong> \u2013 Eine meisterhafte <strong data-start=\"1074\" data-end=\"1096\">Shinobi-Assassinin<\/strong>, die sich durch dunkle, geheime Wege bewegt und ihre Feinde aus dem Schatten heraus erledigt. Ihr geschickter Einsatz von Wurfsternen, Dolchen und akrobatischen Bewegungen l\u00e4sst sie unbemerkt durch feindliche Linien schl\u00fcpfen.<\/span><\/h5>\n<\/li>\n<li data-start=\"1326\" data-end=\"1552\">\n<h5><span style=\"font-size: 14px;\"><strong data-start=\"1328\" data-end=\"1338\">Yasuke<\/strong> \u2013 Der \u201eschwarze Samurai\u201c ist ein wahrer Krieger, der in packenden <strong data-start=\"1405\" data-end=\"1426\">1-gegen-1-Duellen<\/strong> mit seinen Katana-Fertigkeiten und seiner R\u00fcstung triumphiert. Seine St\u00e4rke und Macht sind in der ganzen Region gef\u00fcrchtet.<\/span><\/h5>\n<\/li>\n<\/ul>\n<h5 data-start=\"1554\" data-end=\"1595\"><span style=\"font-size: 14px;\"><strong data-start=\"1558\" data-end=\"1593\">Features &amp; Gameplay-Highlights:<\/strong><\/span><\/h5>\n<ul data-start=\"1597\" data-end=\"2808\">\n<li data-start=\"1597\" data-end=\"1899\">\n<h5 data-start=\"1599\" data-end=\"1899\"><span style=\"font-size: 14px;\"><strong data-start=\"1599\" data-end=\"1647\">Realistische Darstellung des feudalen Japans<\/strong><\/span><br data-start=\"1647\" data-end=\"1650\" \/><span style=\"font-size: 14px;\">Erkunde eine <strong data-start=\"1665\" data-end=\"1691\">lebendige, offene Welt<\/strong>, die von <strong data-start=\"1701\" data-end=\"1734\">dynamischen Wetterbedingungen<\/strong> und wechselnden Jahreszeiten gepr\u00e4gt ist. Vom ruhigen Bambuswald bis hin zu den pr\u00e4chtigen <strong data-start=\"1826\" data-end=\"1837\">Tempeln<\/strong> and <strong data-start=\"1842\" data-end=\"1852\">Burgen<\/strong> wirst du in die Sch\u00f6nheit Japans eintauchen.<\/span><\/h5>\n<\/li>\n<li data-start=\"1901\" data-end=\"2122\">\n<h5 data-start=\"1903\" data-end=\"2122\"><span style=\"font-size: 14px;\"><strong data-start=\"1903\" data-end=\"1952\">Zwei Charaktere mit einzigartigen F\u00e4higkeiten<\/strong><\/span><br data-start=\"1952\" data-end=\"1955\" \/><span style=\"font-size: 14px;\">W\u00e4hle aus, ob du die <strong data-start=\"1978\" data-end=\"1998\">Tarnung und List<\/strong> einer Shinobi oder die <strong data-start=\"2022\" data-end=\"2046\">Kraft und Tapferkeit<\/strong> eines Samurai in den intensiven K\u00e4mpfen und Stealth-Missionen bevorzugst.<\/span><\/h5>\n<\/li>\n<li data-start=\"2124\" data-end=\"2333\">\n<h5 data-start=\"2126\" data-end=\"2333\"><span style=\"font-size: 14px;\"><strong data-start=\"2126\" data-end=\"2146\">Taktische K\u00e4mpfe<\/strong><\/span><br data-start=\"2146\" data-end=\"2149\" \/><span style=\"font-size: 14px;\">F\u00fchre <strong data-start=\"2157\" data-end=\"2182\">strategische Angriffe<\/strong> mit <strong data-start=\"2187\" data-end=\"2215\">pr\u00e4zisen Kampfmechaniken<\/strong> und erweiterten <strong data-start=\"2232\" data-end=\"2252\">Pariermechaniken<\/strong> durch. Besiege deine Feinde durch geschickte Man\u00f6ver und ein perfektes Timing.<\/span><\/h5>\n<\/li>\n<li data-start=\"2335\" data-end=\"2568\">\n<h5 data-start=\"2337\" data-end=\"2568\"><span style=\"font-size: 14px;\"><strong data-start=\"2337\" data-end=\"2363\">Spionage und Anpassung<\/strong><\/span><br data-start=\"2363\" data-end=\"2366\" \/><span style=\"font-size: 14px;\">Baue ein <strong data-start=\"2377\" data-end=\"2406\">geheimes Spionagenetzwerk<\/strong> auf, rekrutiere Verb\u00fcndete und <strong data-start=\"2438\" data-end=\"2476\">personalisiere deinen Unterschlupf<\/strong>. Deine Entscheidungen und Allianzen beeinflussen die Welt und den Verlauf der Geschichte.<\/span><\/h5>\n<\/li>\n<li data-start=\"2570\" data-end=\"2808\">\n<h5 data-start=\"2572\" data-end=\"2808\"><span style=\"font-size: 14px;\"><strong data-start=\"2572\" data-end=\"2591\">PS5-Technologie<\/strong><\/span><br data-start=\"2591\" data-end=\"2594\" \/><span style=\"font-size: 14px;\">Nutze die Leistungsf\u00e4higkeit der <strong data-start=\"2629\" data-end=\"2636\">PS5<\/strong> mit einer <strong data-start=\"2647\" data-end=\"2676\">atemberaubenden 4K-Grafik<\/strong>, blitzschnellen Ladezeiten und der verbesserten <strong data-start=\"2725\" data-end=\"2761\">DualSense-Controller-Integration<\/strong>, die eine noch tiefere Immersion erm\u00f6glicht.<\/span><\/h5>\n<\/li>\n<\/ul>\n<h5 data-start=\"2810\" data-end=\"2838\"><span style=\"font-size: 14px;\"><strong data-start=\"2814\" data-end=\"2836\">Technische Details<\/strong><\/span><\/h5>\n<ul data-start=\"2839\" data-end=\"3101\">\n<li data-start=\"2839\" data-end=\"2871\">\n<h5><span style=\"font-size: 14px;\"><strong data-start=\"2841\" data-end=\"2855\">Plattform:<\/strong> PlayStation 5<\/span><\/h5>\n<\/li>\n<li data-start=\"2872\" data-end=\"2899\">\n<h5><span style=\"font-size: 14px;\"><strong data-start=\"2874\" data-end=\"2889\">Entwickler:<\/strong> Ubisoft<\/span><\/h5>\n<\/li>\n<li data-start=\"2900\" data-end=\"2952\">\n<h5><span style=\"font-size: 14px;\"><strong data-start=\"2902\" data-end=\"2912\">Genre:<\/strong> Action-Adventure, Open-World, Stealth<\/span><\/h5>\n<\/li>\n<li data-start=\"2953\" data-end=\"2986\">\n<h5><span style=\"font-size: 14px;\"><strong data-start=\"2955\" data-end=\"2970\">Spielmodus:<\/strong> Single player<\/span><\/h5>\n<\/li>\n<li data-start=\"2987\" data-end=\"3060\">\n<h5><span style=\"font-size: 14px;\"><strong data-start=\"2989\" data-end=\"3001\">Sprache:<\/strong> Deutsche &amp; englische Sprachausgabe, Untertitel verf\u00fcgbar<\/span><\/h5>\n<\/li>\n<li data-start=\"3061\" data-end=\"3101\">\n<h5><span style=\"font-size: 14px;\"><strong data-start=\"3063\" data-end=\"3082\">Altersfreigabe:<\/strong> USK ab 18 Jahren<\/span><\/h5>\n<\/li>\n<\/ul>\n<h5><span style=\"font-size: 14px;\">Die <strong data-start=\"3473\" data-end=\"3490\">Day 1 Edition<\/strong> sorgt f\u00fcr ein noch umfangreicheres Spielerlebnis und bietet exklusive Inhalte, die du nicht verpassen solltest!<\/span><\/h5>\n<h5><span style=\"font-size: 14px;\"><strong>Hinweis<\/strong>: Dieses Produkt ist ein EU Import. Trotz des Imports enth\u00e4lt das Spiel selbst die deutsche Sprache sowie weitere Sprachoptionen, sodass Sie Ihr Spielerlebnis uneingeschr\u00e4nkt genie\u00dfen k\u00f6nnen. Durch den EU-Import k\u00f6nnen wir Ihnen das Spiel zu einem g\u00fcnstigeren Preis anbieten, ohne dass Ihnen dadurch Nachteile entstehen \u2013 Sie erhalten die gleiche hochwertige Qualit\u00e4t wie bei einem in Deutschland gekauften Produkt.<\/span><\/h5>\n<h5 class=\"sc-d571b66f-0 iqNTWx\"><span style=\"font-size: 14px;\">Ubisoft EMEA<\/span><\/h5>\n<h5 class=\"sc-d571b66f-0 htKvVi\"><span style=\"font-size: 14px;\">2 avenue Pasteur<\/span><\/h5>\n<h5 class=\"sc-d571b66f-0 htKvVi\"><span style=\"font-size: 14px;\">94160\u00a0Saint-Mand\u00e9<\/span><\/h5>\n<h5 class=\"sc-d571b66f-0 htKvVi\"><span style=\"font-size: 14px;\">Frankreich<\/span><\/h5>\n<h5 class=\"sc-d571b66f-0 htKvVi\"><span style=\"font-size: 14px;\">https:\/\/www.ubisoft.com\/help<\/span><\/h5>","protected":false},"excerpt":{"rendered":"<h5 data-start=\"162\" data-end=\"609\"><span style=\"font-size: 14px;\"><strong data-start=\"162\" data-end=\"214\">Erlebe die ultimative Assassin\u2019s Creed-Erfahrung<\/strong> mit der <strong data-start=\"223\" data-end=\"240\">Day 1 Edition<\/strong> von <strong data-start=\"245\" data-end=\"274\">Assassin\u2019s Creed: Shadows<\/strong> f\u00fcr die <strong data-start=\"283\" data-end=\"300\">PlayStation 5<\/strong>. <\/span><\/h5>","protected":false},"featured_media":11293,"comment_status":"open","ping_status":"closed","template":"","meta":{"iawp_total_views":14},"product_brand":[],"product_cat":[106,107,120,118,147],"product_tag":[2387,380,2377,2388,2385,2383,2386,2378,1668,2384,2379,2389,1333,505,188,190,2380,487,2381,2390,2382,634,2391],"class_list":{"0":"post-11289","1":"product","2":"type-product","3":"status-publish","4":"has-post-thumbnail","6":"product_cat-abenteuer","7":"product_cat-action","8":"product_cat-einzelspieler","9":"product_cat-open-world","10":"product_cat-playstation-5-spiele","11":"product_tag-1-gegen-1-duelle","12":"product_tag-4k-grafik","13":"product_tag-assassins-creed-shadows","14":"product_tag-attentate","15":"product_tag-ausruestungsboni","16":"product_tag-boni","17":"product_tag-bonusmissionen","18":"product_tag-day-1-edition","19":"product_tag-dualsense-controller","20":"product_tag-exklusive-skins","21":"product_tag-feudales-japan","22":"product_tag-historische-legenden","23":"product_tag-katana","24":"product_tag-offene-welt","25":"product_tag-playstation-5","26":"product_tag-ps5","27":"product_tag-samurai","28":"product_tag-schnelle-ladezeiten","29":"product_tag-shinobi","30":"product_tag-spionagenetzwerk","31":"product_tag-stealth-gameplay","32":"product_tag-ubisoft","33":"product_tag-unterschlupf","34":"product_shipping_class-lagerware","36":"first","37":"instock","38":"featured","39":"taxable","40":"shipping-taxable","41":"purchasable","42":"product-type-simple"},"_links":{"self":[{"href":"https:\/\/gamers-zone.de\/en\/wp-json\/wp\/v2\/product\/11289","targetHints":{"allow":["GET"]}}],"collection":[{"href":"https:\/\/gamers-zone.de\/en\/wp-json\/wp\/v2\/product"}],"about":[{"href":"https:\/\/gamers-zone.de\/en\/wp-json\/wp\/v2\/types\/product"}],"replies":[{"embeddable":true,"href":"https:\/\/gamers-zone.de\/en\/wp-json\/wp\/v2\/comments?post=11289"}],"version-history":[{"count":0,"href":"https:\/\/gamers-zone.de\/en\/wp-json\/wp\/v2\/product\/11289\/revisions"}],"wp:featuredmedia":[{"embeddable":true,"href":"https:\/\/gamers-zone.de\/en\/wp-json\/wp\/v2\/media\/11293"}],"wp:attachment":[{"href":"https:\/\/gamers-zone.de\/en\/wp-json\/wp\/v2\/media?parent=11289"}],"wp:term":[{"taxonomy":"product_brand","embeddable":true,"href":"https:\/\/gamers-zone.de\/en\/wp-json\/wp\/v2\/product_brand?post=11289"},{"taxonomy":"product_cat","embeddable":true,"href":"https:\/\/gamers-zone.de\/en\/wp-json\/wp\/v2\/product_cat?post=11289"},{"taxonomy":"product_tag","embeddable":true,"href":"https:\/\/gamers-zone.de\/en\/wp-json\/wp\/v2\/product_tag?post=11289"}],"curies":[{"name":"wp","href":"https:\/\/api.w.org\/{rel}","templated":true}]}}