{"id":10418,"date":"2025-03-04T15:51:00","date_gmt":"2025-03-04T15:51:00","guid":{"rendered":"https:\/\/gamers-zone.de\/?post_type=product&#038;p=10418"},"modified":"2026-05-02T09:25:52","modified_gmt":"2026-05-02T09:25:52","slug":"dxracer-formula-l-aus-hochwertigem-stoff","status":"publish","type":"product","link":"https:\/\/gamers-zone.de\/en\/product\/dxracer-formula-l-aus-hochwertigem-stoff\/","title":{"rendered":"DXRacer FORMULA L aus hochwertigem Stoff"},"content":{"rendered":"<h5><span style=\"font-size: 14px;\">Beschreibung des Produkts<\/span><br \/>\n<span style=\"font-size: 14px;\">Die Formula-Serie von DXRacer bietet ein erstklassiges Sitzgef\u00fchl zum Einstiegspreis. Alle Komponenten und Materialien, die in der Formula-Serie verwendet werden, wurden sorgf\u00e4ltig ausgew\u00e4hlt, um die Unterst\u00fctzung zu bieten, die Sie bei langen Sitzungen vor dem Computer verdienen.<\/span><\/h5>\n<h5><span style=\"font-size: 14px;\">Die eindimensionalen Armlehnen, die Kopfst\u00fctze und die Lendenkissen sind im Lieferumfang enthalten und bieten zus\u00e4tzliche Anpassungsm\u00f6glichkeiten. Die Steuereinheit erm\u00f6glicht es Ihnen, den Sitz entweder zu entriegeln, so dass Sie vor- und zur\u00fcckwippen k\u00f6nnen, oder den Sitz vollst\u00e4ndig in einer horizontalen Position zu arretieren. Die R\u00fcckenlehne ist zwischen 90 und 135 Grad verstellbar.<\/span><\/h5>\n<h5><span style=\"font-size: 14px;\">Der SGS-zertifizierte Gaslift h\u00e4lt zusammen mit dem robusten Sternfu\u00df ein Gewicht von bis zu 150 kg, und der hochwertige Kaltschaum hilft Ihnen, Ihre Haltung gerade zu halten und R\u00fcckenschmerzen vorzubeugen. Die 2-Zoll-PU-Laufrollen gleiten sanft \u00fcber ebene Fl\u00e4chen. Die empfohlene K\u00f6rpergr\u00f6\u00dfe betr\u00e4gt bis zu 185 cm.<\/span><\/h5>\n<h5><span style=\"font-size: 14px;\">Spezifikation<\/span><br \/>\n<span style=\"font-size: 14px;\">Eigenschaften<\/span><br \/>\n<span style=\"font-size: 14px;\">Stuhltyp Gaming\/Office<\/span><br \/>\n<span style=\"font-size: 14px;\">Polstermaterial Hochwertiger Stoff<\/span><br \/>\n<span style=\"font-size: 14px;\">Schaumstofftyp Hochdichter, formgebender Schaumstoff<\/span><br \/>\n<span style=\"font-size: 14px;\">Armlehnen 1-direktional<\/span><br \/>\n<span style=\"font-size: 14px;\">Rahmenkonstruktion Stahl<\/span><br \/>\n<span style=\"font-size: 14px;\">Neigungsfunktion Vollst\u00e4ndige Neigung<\/span><br \/>\n<span style=\"font-size: 14px;\">Neigungswinkelsperre Nein<\/span><br \/>\n<span style=\"font-size: 14px;\">Hydraulik Gaskolben Klasse 4<\/span><br \/>\n<span style=\"font-size: 14px;\">Fu\u00dfkreuz Premium-Nylon<\/span><br \/>\n<span style=\"font-size: 14px;\">Rollen 2,36 Zoll \/ 6 cm PU-beschichtet<\/span><br \/>\n<span style=\"font-size: 14px;\">Kopfpolster Ja<\/span><br \/>\n<span style=\"font-size: 14px;\">Lendenkissen Ja<\/span><br \/>\n<span style=\"font-size: 14px;\">Farbe schwarz oder grau\/wei\u00df<\/span><br \/>\n<span style=\"font-size: 14px;\">Gr\u00f6\u00dfe und Gewicht<\/span><br \/>\n<span style=\"font-size: 14px;\">Empfohlene H\u00f6he 145-185 cm<\/span><br \/>\n<span style=\"font-size: 14px;\">Maximale Belastung 150 kg<\/span><br \/>\n<span style=\"font-size: 14px;\">R\u00fcckenlehne 90-135 \u00b0<\/span><br \/>\n<span style=\"font-size: 14px;\">Gr\u00f6\u00dfe des Armlehnenpolsters (LxB) 25&#215;9 cm<\/span><br \/>\n<span style=\"font-size: 14px;\">Packma\u00df (LxBxH) 86x68x32,5 cm<\/span><br \/>\n<span style=\"font-size: 14px;\">Gewicht 20,15 kg<\/span><\/h5>\n<p><span style=\"font-size: 14px;\">Garantie 2 Jahre Garantie<\/span><\/p>","protected":false},"excerpt":{"rendered":"<h5><span style=\"font-size: 14px;\">Die Formula-Serie von DXRacer bietet ein erstklassiges Sitzgef\u00fchl zum unschlagbaren Preis.<\/span><\/h5>","protected":false},"featured_media":10545,"comment_status":"open","ping_status":"closed","template":"","meta":{"iawp_total_views":8},"product_brand":[],"product_cat":[128,150],"product_tag":[2332,2322,2344,2339,2366,2326,2362,2327,2324,2337,2363,2329,2357,2330,2342,2335,2343,2334,2338,2333,2328,2365,2336,1845,2331,2364],"class_list":{"0":"post-10418","1":"product","2":"type-product","3":"status-publish","4":"has-post-thumbnail","6":"product_cat-gaming-ausstattung","7":"product_cat-gaming-stuehle","8":"product_tag-1d-armlehnen","9":"product_tag-dxracer","10":"product_tag-dxracer-gaming-stuhl","11":"product_tag-empfohlene-koerpergroesse-145-185-cm","12":"product_tag-ergonomische-sitzhaltung","13":"product_tag-ergonomischer-stuhl","14":"product_tag-formula-l","15":"product_tag-gaming-sessel","16":"product_tag-gaming-stuhl","17":"product_tag-gasfeder-klasse-4","18":"product_tag-hochwertiger-stoff","19":"product_tag-hoehenverstellbar","20":"product_tag-home-office-stuhl","21":"product_tag-kaltschaumpolsterung","22":"product_tag-komfortabler-stuhl","23":"product_tag-kopfpolster","24":"product_tag-langlebiger-stuhl","25":"product_tag-lendenkissen","26":"product_tag-maximale-belastung-150-kg","27":"product_tag-neigungsfunktion","28":"product_tag-office-stuhl","29":"product_tag-premium-nylon-fusskreuz","30":"product_tag-pu-beschichtete-rollen","31":"product_tag-schwarz","32":"product_tag-stahlrahmen","33":"product_tag-verstellbare-rueckenlehne","34":"product_shipping_class-grosse-artikel","36":"first","37":"instock","38":"sale","39":"taxable","40":"shipping-taxable","41":"purchasable","42":"product-type-variable"},"_links":{"self":[{"href":"https:\/\/gamers-zone.de\/en\/wp-json\/wp\/v2\/product\/10418","targetHints":{"allow":["GET"]}}],"collection":[{"href":"https:\/\/gamers-zone.de\/en\/wp-json\/wp\/v2\/product"}],"about":[{"href":"https:\/\/gamers-zone.de\/en\/wp-json\/wp\/v2\/types\/product"}],"replies":[{"embeddable":true,"href":"https:\/\/gamers-zone.de\/en\/wp-json\/wp\/v2\/comments?post=10418"}],"version-history":[{"count":0,"href":"https:\/\/gamers-zone.de\/en\/wp-json\/wp\/v2\/product\/10418\/revisions"}],"wp:featuredmedia":[{"embeddable":true,"href":"https:\/\/gamers-zone.de\/en\/wp-json\/wp\/v2\/media\/10545"}],"wp:attachment":[{"href":"https:\/\/gamers-zone.de\/en\/wp-json\/wp\/v2\/media?parent=10418"}],"wp:term":[{"taxonomy":"product_brand","embeddable":true,"href":"https:\/\/gamers-zone.de\/en\/wp-json\/wp\/v2\/product_brand?post=10418"},{"taxonomy":"product_cat","embeddable":true,"href":"https:\/\/gamers-zone.de\/en\/wp-json\/wp\/v2\/product_cat?post=10418"},{"taxonomy":"product_tag","embeddable":true,"href":"https:\/\/gamers-zone.de\/en\/wp-json\/wp\/v2\/product_tag?post=10418"}],"curies":[{"name":"wp","href":"https:\/\/api.w.org\/{rel}","templated":true}]}}