{"id":10408,"date":"2025-03-04T15:08:36","date_gmt":"2025-03-04T15:08:36","guid":{"rendered":"https:\/\/gamers-zone.de\/?post_type=product&#038;p=10408"},"modified":"2026-05-02T09:23:12","modified_gmt":"2026-05-02T09:23:12","slug":"dxracer-master-xl-epu-leder","status":"publish","type":"product","link":"https:\/\/gamers-zone.de\/en\/product\/dxracer-master-xl-epu-leder\/","title":{"rendered":"DXRacer MASTER XL EPU Leder"},"content":{"rendered":"<h5><span style=\"font-size: 14px;\">DXRacer Master Series, eine Kombination aus Luxus und un\u00fcbertroffenem Komfort auf h\u00f6chstem Niveau. Dieser bahnbrechende Gaming- und B\u00fcrostuhl wird Ihre Erfahrung revolutionieren, egal ob er eine Erg\u00e4nzung zu Ihrem Arbeitsplatz oder Ihrem Gaming-Setup ist. Der Schreibtischstuhl ist mit einer h\u00f6henverstellbaren Kopfst\u00fctze aus hochdichtem, langsam r\u00fcckfederndem Memory-Schaumstoff ausgestattet, und die integrierte 4D-Lendenwirbelst\u00fctze bietet eine ideale Unterst\u00fctzung der Wirbels\u00e4ule f\u00fcr Ihren gesamten R\u00fccken.<\/span><\/h5>\n<h5><span style=\"font-size: 14px;\">Die Master Series bietet einen Neigungswinkel der R\u00fcckenlehne von 90 bis 135 Grad, um Ihrer bevorzugten Sitzhaltung gerecht zu werden. Der multifunktionale Neigungsmechanismus erm\u00f6glicht es Ihnen, in Ihrem bevorzugten Winkel zu sitzen und den Sitz in Ihrer perfekten Position zu fixieren. Die vielseitigen Armlehnen helfen Ihnen, die richtige Position zu finden, um Ihren Nacken und Ihre Schultern zu entlasten. Der Kaltschaum im Sitz bietet Ihnen hervorragenden Komfort und Ergonomie, wenn Sie lange Stunden in Ihrem Spielzimmer oder Home Office verbringen.<\/span><\/h5>\n<h5><span style=\"font-size: 14px;\">Der hochbelastbare Radstand ist unvergleichlich robust und langlebig, und die verbesserten, breiteren Rollen sorgen f\u00fcr ein besseres Schwenken auf allen Oberfl\u00e4chen. Alle Premium-Komponenten in diesem Gaming-Stuhl machen ihn sowohl extrem langlebig als auch stabil. Der zertifizierte Gaslift der Klasse 4 hat eine maximale Tragf\u00e4higkeit von 150 kg und die empfohlene Sitzh\u00f6he betr\u00e4gt bis zu 190 cm.<\/span><\/h5>\n<h5><span style=\"font-size: 14px;\">Spezifikation<\/span><br \/>\n<span style=\"font-size: 14px;\">Eigenschaften<\/span><br \/>\n<span style=\"font-size: 14px;\">Stuhltyp B\u00fcro<\/span><br \/>\n<span style=\"font-size: 14px;\">Polstermaterial EPU-Kunstleder<\/span><br \/>\n<span style=\"font-size: 14px;\">Schaumstofftyp Hochdichter, formgebender Schaumstoff<\/span><br \/>\n<span style=\"font-size: 14px;\">Armlehnen 4-direktional<\/span><br \/>\n<span style=\"font-size: 14px;\">Rahmenkonstruktion Stahl<\/span><br \/>\n<span style=\"font-size: 14px;\">Neigungsfunktion Mehrfachneigung<\/span><br \/>\n<span style=\"font-size: 14px;\">Neigungswinkelsperre Ja<\/span><br \/>\n<span style=\"font-size: 14px;\">Hydraulik Gaskolben Klasse 4<\/span><br \/>\n<span style=\"font-size: 14px;\">Fu\u00dfkreuz Verst\u00e4rktes Aluminium &#8211; Hohe Beanspruchung+<\/span><br \/>\n<span style=\"font-size: 14px;\">Rollen 2,95 Zoll \/ 7,5 cm PU-beschichtet<\/span><br \/>\n<span style=\"font-size: 14px;\">Kopfpolster Ja<\/span><br \/>\n<span style=\"font-size: 14px;\">Farbe Rot, schwarz, schwarz\/wei\u00df, schwarz\/violet, schwarz\/gr\u00fcn<\/span><\/h5>\n<h5><span style=\"font-size: 14px;\">Gr\u00f6\u00dfe und Gewicht<\/span><br \/>\n<span style=\"font-size: 14px;\">Maximale Belastung 150 kg<\/span><br \/>\n<span style=\"font-size: 14px;\">R\u00fcckenlehne 90-135 \u00b0<\/span><br \/>\n<span style=\"font-size: 14px;\">Packma\u00df (LxBxH) 85x72x37 cm<\/span><br \/>\n<span style=\"font-size: 14px;\">Gewicht 29,6 kg<\/span><\/h5>\n<h5><span style=\"font-size: 14px;\">Garantie 2 Jahre Garantie<\/span><\/h5>\n<h5><\/h5>","protected":false},"excerpt":{"rendered":"<h5><span style=\"font-size: 14px;\">DXRacer Master Series, eine Kombination aus Luxus und un\u00fcbertroffenem Komfort auf h\u00f6chstem Niveau.<\/span><\/h5>","protected":false},"featured_media":10507,"comment_status":"open","ping_status":"closed","template":"","meta":{"iawp_total_views":8},"product_brand":[],"product_cat":[128,150],"product_tag":[2351,2322,2344,2355,2348,2358,2326,2324,2337,2329,2357,2352,2330,2342,2343,2356,2347,2338,2350,2333,2353,2328,2349,2336,2361,1845,2360,2359,2340,2331,2354],"class_list":{"0":"post-10408","1":"product","2":"type-product","3":"status-publish","4":"has-post-thumbnail","6":"product_cat-gaming-ausstattung","7":"product_cat-gaming-stuehle","8":"product_tag-4d-armlehnen","9":"product_tag-dxracer","10":"product_tag-dxracer-gaming-stuhl","11":"product_tag-empfohlene-koerpergroesse-bis-190-cm","12":"product_tag-epu-leder","13":"product_tag-ergonomischer-buerostuhl","14":"product_tag-ergonomischer-stuhl","15":"product_tag-gaming-stuhl","16":"product_tag-gasfeder-klasse-4","17":"product_tag-hoehenverstellbar","18":"product_tag-home-office-stuhl","19":"product_tag-integrierte-lendenstuetze","20":"product_tag-kaltschaumpolsterung","21":"product_tag-komfortabler-stuhl","22":"product_tag-langlebiger-stuhl","23":"product_tag-luxus-gaming-stuhl","24":"product_tag-master-xl","25":"product_tag-maximale-belastung-150-kg","26":"product_tag-memory-schaumstoff","27":"product_tag-neigungsfunktion","28":"product_tag-neigungswinkelsperre","29":"product_tag-office-stuhl","30":"product_tag-premium-buerostuhl","31":"product_tag-pu-beschichtete-rollen","32":"product_tag-rot","33":"product_tag-schwarz","34":"product_tag-schwarz-gruen","35":"product_tag-schwarz-violett","36":"product_tag-schwarz-weiss","37":"product_tag-stahlrahmen","38":"product_tag-verstaerktes-aluminium-fusskreuz","39":"product_shipping_class-grosse-artikel","41":"first","42":"instock","43":"sale","44":"taxable","45":"shipping-taxable","46":"purchasable","47":"product-type-variable"},"_links":{"self":[{"href":"https:\/\/gamers-zone.de\/en\/wp-json\/wp\/v2\/product\/10408","targetHints":{"allow":["GET"]}}],"collection":[{"href":"https:\/\/gamers-zone.de\/en\/wp-json\/wp\/v2\/product"}],"about":[{"href":"https:\/\/gamers-zone.de\/en\/wp-json\/wp\/v2\/types\/product"}],"replies":[{"embeddable":true,"href":"https:\/\/gamers-zone.de\/en\/wp-json\/wp\/v2\/comments?post=10408"}],"version-history":[{"count":1,"href":"https:\/\/gamers-zone.de\/en\/wp-json\/wp\/v2\/product\/10408\/revisions"}],"predecessor-version":[{"id":13958,"href":"https:\/\/gamers-zone.de\/en\/wp-json\/wp\/v2\/product\/10408\/revisions\/13958"}],"wp:featuredmedia":[{"embeddable":true,"href":"https:\/\/gamers-zone.de\/en\/wp-json\/wp\/v2\/media\/10507"}],"wp:attachment":[{"href":"https:\/\/gamers-zone.de\/en\/wp-json\/wp\/v2\/media?parent=10408"}],"wp:term":[{"taxonomy":"product_brand","embeddable":true,"href":"https:\/\/gamers-zone.de\/en\/wp-json\/wp\/v2\/product_brand?post=10408"},{"taxonomy":"product_cat","embeddable":true,"href":"https:\/\/gamers-zone.de\/en\/wp-json\/wp\/v2\/product_cat?post=10408"},{"taxonomy":"product_tag","embeddable":true,"href":"https:\/\/gamers-zone.de\/en\/wp-json\/wp\/v2\/product_tag?post=10408"}],"curies":[{"name":"wp","href":"https:\/\/api.w.org\/{rel}","templated":true}]}}