{"id":10396,"date":"2025-03-03T17:36:23","date_gmt":"2025-03-03T17:36:23","guid":{"rendered":"https:\/\/gamers-zone.de\/?post_type=product&#038;p=10396"},"modified":"2026-05-02T09:20:42","modified_gmt":"2026-05-02T09:20:42","slug":"dxracer-prince-l-pvc-leder","status":"publish","type":"product","link":"https:\/\/gamers-zone.de\/en\/product\/dxracer-prince-l-pvc-leder\/","title":{"rendered":"DXRacer PRINCE L PVC Leder"},"content":{"rendered":"<h5><span style=\"font-size: 14px;\">DXRacer hat die Prince-Serie entwickelt, um die Grenzen zwischen der Beibehaltung der Komponenten und dem Gef\u00fchl eines Premium-Gaming-Stuhls zu einem Einstiegspreis zu verschieben. Die hochwertige Kaltschaumpolsterung, die den nachhaltigen Stahlrahmen umgibt, ist ergonomisch konstruiert, um lange Gaming-Sessions vor dem PC zu unterst\u00fctzen.<\/span><\/h5>\n<h5><span style=\"font-size: 14px;\">Die konventionelle Bedieneinheit erm\u00f6glicht es Ihnen, den Sitz entweder zu entriegeln, so dass Sie die M\u00f6glichkeit haben, vor und zur\u00fcck zu wippen, oder den Sitz in einer horizontalen Position komplett zu arretieren. Die h\u00f6henverstellbaren 1D-Armlehnen und die mitgelieferten Kopf- und Lendenkissen bieten dem Benutzer weitere M\u00f6glichkeiten, seine bevorzugte Sitzhaltung zu finden.<\/span><\/h5>\n<h5><span style=\"font-size: 14px;\">Ein robustes 5-Stern-Nylon-Radgestell mit 6 cm langen, PU-beschichteten Rollen sorgt daf\u00fcr, dass der Stuhl problemlos \u00fcber ebene Fl\u00e4chen rollt. Die maximale Gasfederkapazit\u00e4t des zertifizierten Zylinders der Klasse 4 betr\u00e4gt 150 kg und die empfohlene H\u00f6he liegt bei bis zu 185 cm.<\/span><\/h5>\n<h5><span style=\"font-size: 14px;\">Eigenschaften<\/span><br \/>\n<span style=\"font-size: 14px;\">Stuhltyp Gaming\/Office<\/span><br \/>\n<span style=\"font-size: 14px;\">Polstermaterial Premium PVC-Leder<\/span><br \/>\n<span style=\"font-size: 14px;\">Schaumstofftyp Hochdichter, formgebender Schaumstoff<\/span><br \/>\n<span style=\"font-size: 14px;\">Armlehnen 1-direktional<\/span><br \/>\n<span style=\"font-size: 14px;\">Rahmenkonstruktion Stahl<\/span><br \/>\n<span style=\"font-size: 14px;\">Neigungsfunktion Vollst\u00e4ndige Neigung<\/span><br \/>\n<span style=\"font-size: 14px;\">Neigungswinkelsperre Nein<\/span><br \/>\n<span style=\"font-size: 14px;\">Hydraulik Gaskolben Klasse 4<\/span><br \/>\n<span style=\"font-size: 14px;\">Fu\u00dfkreuz Premium-Nylon<\/span><br \/>\n<span style=\"font-size: 14px;\">Rollen 2,36 Zoll \/ 6 cm PU-beschichtet<\/span><br \/>\n<span style=\"font-size: 14px;\">Kopfpolster Ja<\/span><br \/>\n<span style=\"font-size: 14px;\">Lendenkissen Ja<\/span><br \/>\n<span style=\"font-size: 14px;\">Farbe schwarz, schwarz\/wei\u00df, schwarz\/blau, schwarz\/blau<\/span><\/h5>\n<h5><span style=\"font-size: 14px;\">Gr\u00f6\u00dfe und Gewicht<\/span><br \/>\n<span style=\"font-size: 14px;\">Empfohlene H\u00f6he 145-185 cm<\/span><br \/>\n<span style=\"font-size: 14px;\">Maximale Belastung 150 kg<\/span><br \/>\n<span style=\"font-size: 14px;\">R\u00fcckenlehne 90-135 \u00b0<\/span><br \/>\n<span style=\"font-size: 14px;\">Gr\u00f6\u00dfe des Armlehnenpolsters (LxB) 25&#215;9 cm<\/span><br \/>\n<span style=\"font-size: 14px;\">Packma\u00df (LxBxH) 87x67x32 cm<\/span><br \/>\n<span style=\"font-size: 14px;\">Gewicht 21 kg<\/span><\/h5>\n<h5><span style=\"font-size: 14px;\">Garantie 2 Jahre Garantie<\/span><\/h5>","protected":false},"excerpt":{"rendered":"<h5><span style=\"font-size: 14px;\">DXRacer hat die Prince-Serie entwickelt, um die Grenzen zwischen der Beibehaltung der Komponenten und dem Gef\u00fchl eines Premium-Gaming-Stuhls zu einem Einstiegspreis zu verschieben. <\/span><\/h5>","protected":false},"featured_media":10481,"comment_status":"open","ping_status":"closed","template":"","meta":{"iawp_total_views":40},"product_brand":[],"product_cat":[128,150],"product_tag":[2332,2346,2322,2344,2339,2326,2327,2324,2337,2329,2330,2342,2335,2343,2334,2338,2333,2328,2345,2323,2336,2325,2331],"class_list":{"0":"post-10396","1":"product","2":"type-product","3":"status-publish","4":"has-post-thumbnail","6":"product_cat-gaming-ausstattung","7":"product_cat-gaming-stuehle","8":"product_tag-1d-armlehnen","9":"product_tag-buero-stuhl","10":"product_tag-dxracer","11":"product_tag-dxracer-gaming-stuhl","12":"product_tag-empfohlene-koerpergroesse-145-185-cm","13":"product_tag-ergonomischer-stuhl","14":"product_tag-gaming-sessel","15":"product_tag-gaming-stuhl","16":"product_tag-gasfeder-klasse-4","17":"product_tag-hoehenverstellbar","18":"product_tag-kaltschaumpolsterung","19":"product_tag-komfortabler-stuhl","20":"product_tag-kopfpolster","21":"product_tag-langlebiger-stuhl","22":"product_tag-lendenkissen","23":"product_tag-maximale-belastung-150-kg","24":"product_tag-neigungsfunktion","25":"product_tag-office-stuhl","26":"product_tag-premium-gaming-stuhl","27":"product_tag-prince-l","28":"product_tag-pu-beschichtete-rollen","29":"product_tag-pvc-leder","30":"product_tag-stahlrahmen","31":"product_shipping_class-grosse-artikel","33":"first","34":"instock","35":"sale","36":"taxable","37":"shipping-taxable","38":"purchasable","39":"product-type-variable"},"_links":{"self":[{"href":"https:\/\/gamers-zone.de\/en\/wp-json\/wp\/v2\/product\/10396","targetHints":{"allow":["GET"]}}],"collection":[{"href":"https:\/\/gamers-zone.de\/en\/wp-json\/wp\/v2\/product"}],"about":[{"href":"https:\/\/gamers-zone.de\/en\/wp-json\/wp\/v2\/types\/product"}],"replies":[{"embeddable":true,"href":"https:\/\/gamers-zone.de\/en\/wp-json\/wp\/v2\/comments?post=10396"}],"version-history":[{"count":0,"href":"https:\/\/gamers-zone.de\/en\/wp-json\/wp\/v2\/product\/10396\/revisions"}],"wp:featuredmedia":[{"embeddable":true,"href":"https:\/\/gamers-zone.de\/en\/wp-json\/wp\/v2\/media\/10481"}],"wp:attachment":[{"href":"https:\/\/gamers-zone.de\/en\/wp-json\/wp\/v2\/media?parent=10396"}],"wp:term":[{"taxonomy":"product_brand","embeddable":true,"href":"https:\/\/gamers-zone.de\/en\/wp-json\/wp\/v2\/product_brand?post=10396"},{"taxonomy":"product_cat","embeddable":true,"href":"https:\/\/gamers-zone.de\/en\/wp-json\/wp\/v2\/product_cat?post=10396"},{"taxonomy":"product_tag","embeddable":true,"href":"https:\/\/gamers-zone.de\/en\/wp-json\/wp\/v2\/product_tag?post=10396"}],"curies":[{"name":"wp","href":"https:\/\/api.w.org\/{rel}","templated":true}]}}