{"id":7381,"date":"2024-03-22T10:56:19","date_gmt":"2024-03-22T10:56:19","guid":{"rendered":"https:\/\/gamers-zone.de\/?page_id=7381"},"modified":"2024-03-22T12:04:53","modified_gmt":"2024-03-22T12:04:53","slug":"elementor-7381","status":"publish","type":"page","link":"https:\/\/gamers-zone.de\/en\/elementor-7381\/","title":{"rendered":"Licence activation"},"content":{"rendered":"<div data-elementor-type=\"wp-page\" data-elementor-id=\"7381\" class=\"elementor elementor-7381\">\n\t\t\t\t\t\t<section class=\"elementor-section elementor-top-section elementor-element elementor-element-d5a4d8d elementor-section-boxed elementor-section-height-default elementor-section-height-default\" data-id=\"d5a4d8d\" data-element_type=\"section\" data-e-type=\"section\">\r\n\t\t\r\n\t\t\t\t\t\t\t<div class=\"elementor-container elementor-column-gap-default\">\r\n\t\t\t\t\t\t\t\t\t\t\t<div class=\"elementor-column elementor-col-100 elementor-top-column elementor-element elementor-element-6f26de3\" data-id=\"6f26de3\" data-element_type=\"column\" data-e-type=\"column\">\r\n\t\t\t\t\t<div class=\"elementor-widget-wrap elementor-element-populated\">\r\n\t\t\t\t\t\t\t\t<div class=\"elementor-element elementor-element-d2f4977 elementor-widget elementor-widget-porto_ultimate_heading\" data-id=\"d2f4977\" data-element_type=\"widget\" data-e-type=\"widget\" data-widget_type=\"porto_ultimate_heading.default\">\n\t\t\t\t<div class=\"elementor-widget-container\">\n\t\t\t\t\t<div class=\"porto-u-heading  porto-u-bd11424de395366805213f3c847c9ae4\"><div class=\"porto-u-main-heading\"><h2   >Aktivierung Spiele Lizenzen<\/h2><\/div><div class=\"porto-u-sub-heading\" style=\"\"><ol><li><span style=\"font-size: 14px;\">Lizenz f\u00fcr dein gew\u00fcnschtes Game in unseren Shop erwerben<\/span><\/li><li><span style=\"font-size: 14px;\">In der Game Beschreibung nachsehen f\u00fcr welche Plattform die Lizenz ist<\/span><\/li><li><span style=\"font-size: 14px;\">Die ben\u00f6tigte Plattform f\u00fcr dein Game \u00fcber unsere Links herunterladen und installieren<\/span><\/li><li><span style=\"font-size: 14px;\">Auf der ben\u00f6tigten Plattform sich registrieren und einen Game Account erstellen<\/span><\/li><li><span style=\"font-size: 14px;\">Dort deine gekaufte Lizenznummer eingeben und den weiteren Anweisung folgen<\/span><\/li><li><span style=\"font-size: 14px;\">Zur Hilfe haben wir dir einige Screenshots der Game Plattformen weiter unten zur Ansicht bereitgestellt.<\/span><\/li><li><span style=\"font-size: 14px;\">Falls es Probleme bei der installation gibt, wende dich bitte an den betreffenden Plattform Anbieter.<\/span><\/li><li><span style=\"font-size: 14px;\">Der Microsoft Store ist im Betriebssystem bereits installiert\u00a0<\/span><\/li><li><span style=\"font-size: 14px;\">Hier die Links zu den Anbietern:<\/span><\/li><\/ol><p><a href=\"https:\/\/www.ea.com\/de-de\/ea-app\" target=\"_blank\" rel=\"noopener\">Electronic Arts<\/a><\/p><p><a href=\"https:\/\/download.battle.net\/de-de\/?product=bnetdesk\" target=\"_blank\" rel=\"noopener\">Battle.net<\/a><\/p><p><a href=\"https:\/\/www.gog.com\/galaxy\" target=\"_blank\" rel=\"noopener\">GOG Galaxy<\/a><\/p><p><a href=\"https:\/\/store.steampowered.com\/about\/\" target=\"_blank\" rel=\"noopener\">Steam<\/a><\/p><p><a href=\"https:\/\/store.epicgames.com\/de\/download\" target=\"_blank\" rel=\"noopener\">EPIC Games<\/a><\/p><p><a href=\"https:\/\/ubisoftconnect.com\/de-DE\/\" target=\"_blank\" rel=\"noopener\">UBISOFT Connect<\/a><\/p><\/div><style>.porto-u-bd11424de395366805213f3c847c9ae4.porto-u-heading{text-align:center}<\/style><\/div>\t\t\t\t<\/div>\n\t\t\t\t<\/div>\n\t\t\t\t<div class=\"elementor-element elementor-element-14e6005 elementor-widget elementor-widget-porto_ultimate_heading\" data-id=\"14e6005\" data-element_type=\"widget\" data-e-type=\"widget\" data-widget_type=\"porto_ultimate_heading.default\">\n\t\t\t\t<div class=\"elementor-widget-container\">\n\t\t\t\t\t<div class=\"porto-u-heading  porto-u-bd11424de395366805213f3c847c9ae4\"><div class=\"porto-u-main-heading\"><h2   >Microsoft Store<\/h2><\/div><style>.porto-u-bd11424de395366805213f3c847c9ae4.porto-u-heading{text-align:center}<\/style><\/div>\t\t\t\t<\/div>\n\t\t\t\t<\/div>\n\t\t\t\t<div class=\"elementor-element elementor-element-2e32af4 elementor-widget elementor-widget-image\" data-id=\"2e32af4\" data-element_type=\"widget\" data-e-type=\"widget\" data-widget_type=\"image.default\">\n\t\t\t\t<div class=\"elementor-widget-container\">\n\t\t\t\t\t\t\t\t\t\t\t\t\t\t\t<img decoding=\"async\" src=\"https:\/\/gamers-zone.de\/wp-content\/uploads\/2024\/03\/MicrosoftAktivierung-320x532.png\" title=\"MicrosoftAktivierung\" alt=\"Microsoft Store\" loading=\"lazy\" \/>\t\t\t\t\t\t\t\t\t\t\t\t\t\t\t<\/div>\n\t\t\t\t<\/div>\n\t\t\t\t<div class=\"elementor-element elementor-element-fdbfa3f elementor-widget elementor-widget-porto_ultimate_heading\" data-id=\"fdbfa3f\" data-element_type=\"widget\" data-e-type=\"widget\" data-widget_type=\"porto_ultimate_heading.default\">\n\t\t\t\t<div class=\"elementor-widget-container\">\n\t\t\t\t\t<div class=\"porto-u-heading  porto-u-bd11424de395366805213f3c847c9ae4\"><div class=\"porto-u-main-heading\"><h2   >Electronic Arts<\/h2><\/div><style>.porto-u-bd11424de395366805213f3c847c9ae4.porto-u-heading{text-align:center}<\/style><\/div>\t\t\t\t<\/div>\n\t\t\t\t<\/div>\n\t\t\t\t<div class=\"elementor-element elementor-element-a4ad563 elementor-widget elementor-widget-image\" data-id=\"a4ad563\" data-element_type=\"widget\" data-e-type=\"widget\" data-widget_type=\"image.default\">\n\t\t\t\t<div class=\"elementor-widget-container\">\n\t\t\t\t\t\t\t\t\t\t\t\t\t\t\t<img decoding=\"async\" src=\"https:\/\/gamers-zone.de\/wp-content\/uploads\/2024\/03\/EA-GamesAktivierung-320x477.jpg\" title=\"EA GamesAktivierung\" alt=\"Electronic Arts\" loading=\"lazy\" \/>\t\t\t\t\t\t\t\t\t\t\t\t\t\t\t<\/div>\n\t\t\t\t<\/div>\n\t\t\t\t<div class=\"elementor-element elementor-element-df156cf elementor-widget elementor-widget-porto_ultimate_heading\" data-id=\"df156cf\" data-element_type=\"widget\" data-e-type=\"widget\" data-widget_type=\"porto_ultimate_heading.default\">\n\t\t\t\t<div class=\"elementor-widget-container\">\n\t\t\t\t\t<div class=\"porto-u-heading  porto-u-bd11424de395366805213f3c847c9ae4\"><div class=\"porto-u-main-heading\"><h2   >GOG Galaxy<\/h2><\/div><style>.porto-u-bd11424de395366805213f3c847c9ae4.porto-u-heading{text-align:center}<\/style><\/div>\t\t\t\t<\/div>\n\t\t\t\t<\/div>\n\t\t\t\t<div class=\"elementor-element elementor-element-5d9fde5 elementor-widget elementor-widget-image\" data-id=\"5d9fde5\" data-element_type=\"widget\" data-e-type=\"widget\" data-widget_type=\"image.default\">\n\t\t\t\t<div class=\"elementor-widget-container\">\n\t\t\t\t\t\t\t\t\t\t\t\t\t\t\t<img decoding=\"async\" src=\"https:\/\/gamers-zone.de\/wp-content\/uploads\/2024\/03\/GOG-GalaxyAktivierung-320x404.jpg\" title=\"GOG GalaxyAktivierung\" alt=\"GOG GalaxyAktivierung\" loading=\"lazy\" \/>\t\t\t\t\t\t\t\t\t\t\t\t\t\t\t<\/div>\n\t\t\t\t<\/div>\n\t\t\t\t<div class=\"elementor-element elementor-element-b3c3f91 elementor-widget elementor-widget-porto_ultimate_heading\" data-id=\"b3c3f91\" data-element_type=\"widget\" data-e-type=\"widget\" data-widget_type=\"porto_ultimate_heading.default\">\n\t\t\t\t<div class=\"elementor-widget-container\">\n\t\t\t\t\t<div class=\"porto-u-heading  porto-u-bd11424de395366805213f3c847c9ae4\"><div class=\"porto-u-main-heading\"><h2   >Battle.net<\/h2><\/div><style>.porto-u-bd11424de395366805213f3c847c9ae4.porto-u-heading{text-align:center}<\/style><\/div>\t\t\t\t<\/div>\n\t\t\t\t<\/div>\n\t\t\t\t<div class=\"elementor-element elementor-element-72feb49 elementor-widget elementor-widget-image\" data-id=\"72feb49\" data-element_type=\"widget\" data-e-type=\"widget\" data-widget_type=\"image.default\">\n\t\t\t\t<div class=\"elementor-widget-container\">\n\t\t\t\t\t\t\t\t\t\t\t\t\t\t\t<img decoding=\"async\" src=\"https:\/\/gamers-zone.de\/wp-content\/uploads\/2024\/03\/BlizzardAktivierung-800x423.png\" title=\"BlizzardAktivierung\" alt=\"Battle.net\" loading=\"lazy\" \/>\t\t\t\t\t\t\t\t\t\t\t\t\t\t\t<\/div>\n\t\t\t\t<\/div>\n\t\t\t\t<div class=\"elementor-element elementor-element-3e62457 elementor-widget elementor-widget-porto_ultimate_heading\" data-id=\"3e62457\" data-element_type=\"widget\" data-e-type=\"widget\" data-widget_type=\"porto_ultimate_heading.default\">\n\t\t\t\t<div class=\"elementor-widget-container\">\n\t\t\t\t\t<div class=\"porto-u-heading  porto-u-bd11424de395366805213f3c847c9ae4\"><div class=\"porto-u-main-heading\"><h2   >Steam<\/h2><\/div><style>.porto-u-bd11424de395366805213f3c847c9ae4.porto-u-heading{text-align:center}<\/style><\/div>\t\t\t\t<\/div>\n\t\t\t\t<\/div>\n\t\t\t\t<div class=\"elementor-element elementor-element-61e82fa elementor-widget elementor-widget-image\" data-id=\"61e82fa\" data-element_type=\"widget\" data-e-type=\"widget\" data-widget_type=\"image.default\">\n\t\t\t\t<div class=\"elementor-widget-container\">\n\t\t\t\t\t\t\t\t\t\t\t\t\t\t\t<img decoding=\"async\" src=\"https:\/\/gamers-zone.de\/wp-content\/uploads\/2024\/03\/SteamAktivierung-480x413.png\" title=\"SteamAktivierung\" alt=\"Steam\" loading=\"lazy\" \/>\t\t\t\t\t\t\t\t\t\t\t\t\t\t\t<\/div>\n\t\t\t\t<\/div>\n\t\t\t\t<div class=\"elementor-element elementor-element-a917142 elementor-widget elementor-widget-porto_ultimate_heading\" data-id=\"a917142\" data-element_type=\"widget\" data-e-type=\"widget\" data-widget_type=\"porto_ultimate_heading.default\">\n\t\t\t\t<div class=\"elementor-widget-container\">\n\t\t\t\t\t<div class=\"porto-u-heading  porto-u-bd11424de395366805213f3c847c9ae4\"><div class=\"porto-u-main-heading\"><h2   >EPIC Games<\/h2><\/div><style>.porto-u-bd11424de395366805213f3c847c9ae4.porto-u-heading{text-align:center}<\/style><\/div>\t\t\t\t<\/div>\n\t\t\t\t<\/div>\n\t\t\t\t<div class=\"elementor-element elementor-element-d72ed36 elementor-widget elementor-widget-image\" data-id=\"d72ed36\" data-element_type=\"widget\" data-e-type=\"widget\" data-widget_type=\"image.default\">\n\t\t\t\t<div class=\"elementor-widget-container\">\n\t\t\t\t\t\t\t\t\t\t\t\t\t\t\t<img decoding=\"async\" src=\"https:\/\/gamers-zone.de\/wp-content\/uploads\/2024\/03\/EPICGAMESAktivierung-320x475.png\" title=\"EPICGAMESAktivierung\" alt=\"GOG\" loading=\"lazy\" \/>\t\t\t\t\t\t\t\t\t\t\t\t\t\t\t<\/div>\n\t\t\t\t<\/div>\n\t\t\t\t<div class=\"elementor-element elementor-element-2768af0 elementor-widget elementor-widget-porto_ultimate_heading\" data-id=\"2768af0\" data-element_type=\"widget\" data-e-type=\"widget\" data-widget_type=\"porto_ultimate_heading.default\">\n\t\t\t\t<div class=\"elementor-widget-container\">\n\t\t\t\t\t<div class=\"porto-u-heading  porto-u-bd11424de395366805213f3c847c9ae4\"><div class=\"porto-u-main-heading\"><h2   >UBISOFT Connect<\/h2><\/div><style>.porto-u-bd11424de395366805213f3c847c9ae4.porto-u-heading{text-align:center}<\/style><\/div>\t\t\t\t<\/div>\n\t\t\t\t<\/div>\n\t\t\t\t<div class=\"elementor-element elementor-element-48dfc39 elementor-widget elementor-widget-image\" data-id=\"48dfc39\" data-element_type=\"widget\" data-e-type=\"widget\" data-widget_type=\"image.default\">\n\t\t\t\t<div class=\"elementor-widget-container\">\n\t\t\t\t\t\t\t\t\t\t\t\t\t\t\t<img decoding=\"async\" src=\"https:\/\/gamers-zone.de\/wp-content\/uploads\/2024\/03\/UBISOFTAktivierung-320x269.png\" title=\"UBISOFTAktivierung\" alt=\"UBISOFT Connect\" loading=\"lazy\" \/>\t\t\t\t\t\t\t\t\t\t\t\t\t\t\t<\/div>\n\t\t\t\t<\/div>\n\t\t\t\t\t<\/div>\r\n\t\t\t\t<\/div>\r\n\t\t\t\t\t<\/div>\r\n\t\t\t\t<\/section>\r\n\t\t\t\t<\/div>","protected":false},"excerpt":{"rendered":"<p>Aktivierung Spiele Lizenzen Lizenz f\u00fcr dein gew\u00fcnschtes Game in unseren Shop erwerben In der Game Beschreibung nachsehen f\u00fcr welche Plattform die Lizenz ist Die ben\u00f6tigte Plattform f\u00fcr dein Game \u00fcber unsere Links herunterladen und installieren Auf der ben\u00f6tigten Plattform sich registrieren und einen Game Account erstellen Dort deine gekaufte Lizenznummer eingeben und den weiteren Anweisung [&hellip;]<\/p>\n","protected":false},"author":1,"featured_media":0,"parent":0,"menu_order":0,"comment_status":"closed","ping_status":"closed","template":"","meta":{"iawp_total_views":15,"footnotes":""},"class_list":["post-7381","page","type-page","status-publish","hentry"],"_links":{"self":[{"href":"https:\/\/gamers-zone.de\/en\/wp-json\/wp\/v2\/pages\/7381","targetHints":{"allow":["GET"]}}],"collection":[{"href":"https:\/\/gamers-zone.de\/en\/wp-json\/wp\/v2\/pages"}],"about":[{"href":"https:\/\/gamers-zone.de\/en\/wp-json\/wp\/v2\/types\/page"}],"author":[{"embeddable":true,"href":"https:\/\/gamers-zone.de\/en\/wp-json\/wp\/v2\/users\/1"}],"replies":[{"embeddable":true,"href":"https:\/\/gamers-zone.de\/en\/wp-json\/wp\/v2\/comments?post=7381"}],"version-history":[{"count":0,"href":"https:\/\/gamers-zone.de\/en\/wp-json\/wp\/v2\/pages\/7381\/revisions"}],"wp:attachment":[{"href":"https:\/\/gamers-zone.de\/en\/wp-json\/wp\/v2\/media?parent=7381"}],"curies":[{"name":"wp","href":"https:\/\/api.w.org\/{rel}","templated":true}]}}