{"id":7086,"date":"2024-02-02T18:20:32","date_gmt":"2024-02-02T18:20:32","guid":{"rendered":"https:\/\/gamers-zone.de\/?page_id=7086"},"modified":"2024-02-02T19:00:48","modified_gmt":"2024-02-02T19:00:48","slug":"donate","status":"publish","type":"page","link":"https:\/\/gamers-zone.de\/en\/donate\/","title":{"rendered":"DONATE"},"content":{"rendered":"<div data-elementor-type=\"wp-page\" data-elementor-id=\"7086\" class=\"elementor elementor-7086\">\n\t\t\t\t\t\t<section class=\"elementor-section elementor-top-section elementor-element elementor-element-396f21b elementor-section-boxed elementor-section-height-default elementor-section-height-default\" data-id=\"396f21b\" data-element_type=\"section\" data-e-type=\"section\">\r\n\t\t\r\n\t\t\t\t\t\t\t<div class=\"elementor-container elementor-column-gap-default\">\r\n\t\t\t\t\t\t\t\t\t\t\t<div class=\"elementor-column elementor-col-100 elementor-top-column elementor-element elementor-element-b2899af\" data-id=\"b2899af\" data-element_type=\"column\" data-e-type=\"column\">\r\n\t\t\t\t\t<div class=\"elementor-widget-wrap elementor-element-populated\">\r\n\t\t\t\t\t\t\t\t<div class=\"elementor-element elementor-element-74df410 elementor-widget elementor-widget-image\" data-id=\"74df410\" data-element_type=\"widget\" data-e-type=\"widget\" data-widget_type=\"image.default\">\n\t\t\t\t<div class=\"elementor-widget-container\">\n\t\t\t\t\t\t\t\t\t\t\t\t\t\t\t<img loading=\"lazy\" decoding=\"async\" width=\"1015\" height=\"1536\" src=\"https:\/\/gamers-zone.de\/wp-content\/uploads\/2024\/02\/Web-capture_2-2-2024_19110_www.thunet-1015x1536.jpg\" class=\"attachment-1536x1536 size-1536x1536 wp-image-7088\" alt=\"\" srcset=\"https:\/\/gamers-zone.de\/wp-content\/uploads\/2024\/02\/Web-capture_2-2-2024_19110_www.thunet-1015x1536.jpg 1015w, https:\/\/gamers-zone.de\/wp-content\/uploads\/2024\/02\/Web-capture_2-2-2024_19110_www.thunet-677x1024.jpg 677w, https:\/\/gamers-zone.de\/wp-content\/uploads\/2024\/02\/Web-capture_2-2-2024_19110_www.thunet-768x1162.jpg 768w, https:\/\/gamers-zone.de\/wp-content\/uploads\/2024\/02\/Web-capture_2-2-2024_19110_www.thunet-320x484.jpg 320w, https:\/\/gamers-zone.de\/wp-content\/uploads\/2024\/02\/Web-capture_2-2-2024_19110_www.thunet-480x727.jpg 480w, https:\/\/gamers-zone.de\/wp-content\/uploads\/2024\/02\/Web-capture_2-2-2024_19110_www.thunet-800x1211.jpg 800w, https:\/\/gamers-zone.de\/wp-content\/uploads\/2024\/02\/Web-capture_2-2-2024_19110_www.thunet-640x969.jpg 640w, https:\/\/gamers-zone.de\/wp-content\/uploads\/2024\/02\/Web-capture_2-2-2024_19110_www.thunet-400x605.jpg 400w, https:\/\/gamers-zone.de\/wp-content\/uploads\/2024\/02\/Web-capture_2-2-2024_19110_www.thunet-700x1060.jpg 700w\" sizes=\"auto, (max-width: 1015px) 100vw, 1015px\" \/>\t\t\t\t\t\t\t\t\t\t\t\t\t\t\t<\/div>\n\t\t\t\t<\/div>\n\t\t\t\t<div class=\"elementor-element elementor-element-def7af2 elementor-widget elementor-widget-porto_button\" data-id=\"def7af2\" data-element_type=\"widget\" data-e-type=\"widget\" data-settings=\"{&quot;align&quot;:&quot;center&quot;}\" data-widget_type=\"porto_button.default\">\n\t\t\t\t<div class=\"elementor-widget-container\">\n\t\t\t\t\t<a class=\"btn btn-xl btn-primary\" href=\"https:\/\/www.thunderbird.net\/de\/donate\/?utm_source=thunderbird-client&#038;utm_medium=referral&#038;utm_content=help-menu#ways-to-give\" target=\"_blank\"><span >UNTERST\u00dcTZEN<\/span><\/a>\t\t\t\t<\/div>\n\t\t\t\t<\/div>\n\t\t\t\t<div class=\"elementor-element elementor-element-a3f15b4 elementor-widget-divider--view-line elementor-widget elementor-widget-divider\" data-id=\"a3f15b4\" data-element_type=\"widget\" data-e-type=\"widget\" data-widget_type=\"divider.default\">\n\t\t\t\t<div class=\"elementor-widget-container\">\n\t\t\t\t\t\t\t<div class=\"elementor-divider\">\n\t\t\t<span class=\"elementor-divider-separator\">\n\t\t\t\t\t\t<\/span>\n\t\t<\/div>\n\t\t\t\t\t\t<\/div>\n\t\t\t\t<\/div>\n\t\t\t\t\t<\/div>\r\n\t\t\t\t<\/div>\r\n\t\t\t\t\t<\/div>\r\n\t\t\t\t<\/section>\r\n\t\t\t\t<section class=\"elementor-section elementor-top-section elementor-element elementor-element-5db5214 elementor-section-boxed elementor-section-height-default elementor-section-height-default\" data-id=\"5db5214\" data-element_type=\"section\" data-e-type=\"section\">\r\n\t\t\r\n\t\t\t\t\t\t\t<div class=\"elementor-container elementor-column-gap-default\">\r\n\t\t\t\t\t\t\t\t\t\t\t<div class=\"elementor-column elementor-col-100 elementor-top-column elementor-element elementor-element-e74010d\" data-id=\"e74010d\" data-element_type=\"column\" data-e-type=\"column\">\r\n\t\t\t\t\t<div class=\"elementor-widget-wrap elementor-element-populated\">\r\n\t\t\t\t\t\t\t\t<div class=\"elementor-element elementor-element-08035fe elementor-widget elementor-widget-image\" data-id=\"08035fe\" data-element_type=\"widget\" data-e-type=\"widget\" data-widget_type=\"image.default\">\n\t\t\t\t<div class=\"elementor-widget-container\">\n\t\t\t\t\t\t\t\t\t\t\t\t\t\t\t<img loading=\"lazy\" decoding=\"async\" width=\"654\" height=\"246\" src=\"https:\/\/gamers-zone.de\/wp-content\/uploads\/2024\/02\/Web-capture_2-2-2024_194055_www.imcsummit.org_.jpeg\" class=\"attachment-large size-large wp-image-7099\" alt=\"\" srcset=\"https:\/\/gamers-zone.de\/wp-content\/uploads\/2024\/02\/Web-capture_2-2-2024_194055_www.imcsummit.org_.jpeg 654w, https:\/\/gamers-zone.de\/wp-content\/uploads\/2024\/02\/Web-capture_2-2-2024_194055_www.imcsummit.org_-320x120.jpeg 320w, https:\/\/gamers-zone.de\/wp-content\/uploads\/2024\/02\/Web-capture_2-2-2024_194055_www.imcsummit.org_-480x181.jpeg 480w, https:\/\/gamers-zone.de\/wp-content\/uploads\/2024\/02\/Web-capture_2-2-2024_194055_www.imcsummit.org_-640x241.jpeg 640w, https:\/\/gamers-zone.de\/wp-content\/uploads\/2024\/02\/Web-capture_2-2-2024_194055_www.imcsummit.org_-400x150.jpeg 400w\" sizes=\"auto, (max-width: 654px) 100vw, 654px\" \/>\t\t\t\t\t\t\t\t\t\t\t\t\t\t\t<\/div>\n\t\t\t\t<\/div>\n\t\t\t\t\t<\/div>\r\n\t\t\t\t<\/div>\r\n\t\t\t\t\t<\/div>\r\n\t\t\t\t<\/section>\r\n\t\t\t\t<section class=\"elementor-section elementor-top-section elementor-element elementor-element-f085a8f elementor-section-boxed elementor-section-height-default elementor-section-height-default\" data-id=\"f085a8f\" data-element_type=\"section\" data-e-type=\"section\">\r\n\t\t\r\n\t\t\t\t\t\t\t<div class=\"elementor-container elementor-column-gap-default\">\r\n\t\t\t\t\t\t\t\t\t\t\t<div class=\"elementor-column elementor-col-100 elementor-top-column elementor-element elementor-element-c470e17\" data-id=\"c470e17\" data-element_type=\"column\" data-e-type=\"column\">\r\n\t\t\t\t\t<div class=\"elementor-widget-wrap elementor-element-populated\">\r\n\t\t\t\t\t\t\t\t<div class=\"elementor-element elementor-element-e3abaa3 elementor-widget elementor-widget-text-editor\" data-id=\"e3abaa3\" data-element_type=\"widget\" data-e-type=\"widget\" data-widget_type=\"text-editor.default\">\n\t\t\t\t<div class=\"elementor-widget-container\">\n\t\t\t\t\t\t\t\t\t<h5><u>SOFTWARE F\u00dcR DAS GEMEINWOHL<\/u><br \/><span style=\"font-weight: normal;\">Die Apache Software Foundation (ASF) existiert, um Software f\u00fcr das \u00f6ffentliche Wohl bereitzustellen. Wir glauben an die Macht der Gemeinschaft \u00fcber den Code, bekannt als The Apache Way. Tausende von Menschen auf der ganzen Welt tragen jeden Tag zu den Open-Source-Projekten der ASF bei.<\/span><\/h5><h5>Eine gute Sache<br \/><span style=\"font-weight: normal;\">Apache OpenOffice, die f\u00fchrende Open-Source-Office-Software, wird von der gemeinn\u00fctzigen Apache Software Foundation (ASF) ver\u00f6ffentlicht. Apache OpenOffice wurde bereits mehr als 350 Millionen Mal heruntergeladen, von Nutzern in \u00fcber 240 L\u00e4ndern. Kommerzielle Alternativen zu OpenOffice werden f\u00fcr 100 USD oder mehr verkauft und beinhalten nicht das Recht, die Software zu kopieren und weiterzugeben.<br \/>Apache OpenOffice ist nur eines von vielen Open-Source-Projekten, die Teil der Apache Software Foundation sind. Die ASF umfasst \u00fcber 350 Open-Source-Projekte, \u00fcber 620 aktive Mitglieder, \u00fcber 5.500 Committer und unz\u00e4hlige Mitwirkende und Nutzer. Wir sind verantwortlich f\u00fcr Millionen von Codezeilen und die \u00fcber 35 Server, die unsere Infrastruktur bilden.<\/span><\/h5><p>\u00a0<\/p><h5><span style=\"font-weight: normal;\">Wir laden Sie ein, an die Apache Software Foundation zu spenden, um Apache OpenOffice und die vielen anderen Projekte von Apache zu unterst\u00fctzen. Mit Ihrer Spende zeigen Sie Ihre Unterst\u00fctzung f\u00fcr unsere Mission und helfen, eine lebendige Organisation zu erhalten. Ihre Spende zeigt auch Ihre Unterst\u00fctzung f\u00fcr Open Source und gibt Ihnen die M\u00f6glichkeit, der Gemeinschaft etwas zur\u00fcckzugeben&#8220;.<\/span><\/h5><p>\u00a0<\/p><h5><u>Wie wir Spendengelder verwenden<\/u><br \/><span style=\"font-weight: normal;\">Die Apache Software Foundation stellt die technische Infrastruktur f\u00fcr die Projekte zur Verf\u00fcgung &#8211; die Mailinglisten, Code-Repositories, Bug-Tracking-Systeme, etc. Wir haben die normalen Betriebskosten, die bei jeder Organisation anfallen. Dazu geh\u00f6ren: Bandbreitenkosten, Server und Hardware, Rechts- und Buchhaltungskosten, normale B\u00fcrokosten, Marketing und PR, Subunternehmer, die die &#8222;L\u00f6cher&#8220; f\u00fcr Verwaltungs- und Sekretariatsaufgaben f\u00fcllen.<br \/>Als \u00f6ffentliche Wohlt\u00e4tigkeitsorganisation ist unser Budget transparent, und die Ausgaben werden in den Protokollen unseres Vorstands dokumentiert.<br \/><br \/><\/span><\/h5><h5><u>Wie Sie spenden k\u00f6nnen<\/u><br \/><span style=\"font-weight: normal;\">Wir haben eine weitere Seite, die beschreibt, wie man an die ASF spenden kann. Die Apache Software Foundation ist eine eingetragene, gemeinn\u00fctzige Organisation gem\u00e4\u00df Abschnitt 501(c)(3) des U.S. Internal Revenue Code.\u00a0<\/span><\/h5><p>\u00a0<\/p><div><a href=\"https:\/\/www.apache.org\/foundation\/sponsors\">Sponsoren | Apache Software Foundation<\/a><span style=\"font-weight: normal;\"><br \/><\/span><\/div><div><span style=\"font-weight: normal;\">\u00a0<\/span><\/div><h5><span style=\"font-weight: normal;\">\u00dcbersetzt mit www.DeepL.com\/Translator\/<\/span><\/h5><div><span style=\"font-weight: normal;\">\u00a0<\/span><\/div>\t\t\t\t\t\t\t\t<\/div>\n\t\t\t\t<\/div>\n\t\t\t\t<div class=\"elementor-element elementor-element-8c29c6e elementor-widget elementor-widget-porto_button\" data-id=\"8c29c6e\" data-element_type=\"widget\" data-e-type=\"widget\" data-settings=\"{&quot;align&quot;:&quot;center&quot;}\" data-widget_type=\"porto_button.default\">\n\t\t\t\t<div class=\"elementor-widget-container\">\n\t\t\t\t\t<a class=\"btn btn-xl btn-primary\" href=\"https:\/\/donate.apache.org\/48ff\" target=\"_blank\"><span >UNTERST\u00dcTZEN<\/span><\/a>\t\t\t\t<\/div>\n\t\t\t\t<\/div>\n\t\t\t\t\t<\/div>\r\n\t\t\t\t<\/div>\r\n\t\t\t\t\t<\/div>\r\n\t\t\t\t<\/section>\r\n\t\t\t\t<\/div>","protected":false},"excerpt":{"rendered":"<p>UNTERST\u00dcTZEN SOFTWARE F\u00dcR DAS GEMEINWOHLDie Apache Software Foundation (ASF) existiert, um Software f\u00fcr das \u00f6ffentliche Wohl bereitzustellen. Wir glauben an die Macht der Gemeinschaft \u00fcber den Code, bekannt als The Apache Way. Tausende von Menschen auf der ganzen Welt tragen jeden Tag zu den Open-Source-Projekten der ASF bei. Eine gute SacheApache OpenOffice, die f\u00fchrende Open-Source-Office-Software, [&hellip;]<\/p>\n","protected":false},"author":1,"featured_media":0,"parent":0,"menu_order":0,"comment_status":"closed","ping_status":"closed","template":"","meta":{"iawp_total_views":108,"footnotes":""},"class_list":["post-7086","page","type-page","status-publish","hentry"],"_links":{"self":[{"href":"https:\/\/gamers-zone.de\/en\/wp-json\/wp\/v2\/pages\/7086","targetHints":{"allow":["GET"]}}],"collection":[{"href":"https:\/\/gamers-zone.de\/en\/wp-json\/wp\/v2\/pages"}],"about":[{"href":"https:\/\/gamers-zone.de\/en\/wp-json\/wp\/v2\/types\/page"}],"author":[{"embeddable":true,"href":"https:\/\/gamers-zone.de\/en\/wp-json\/wp\/v2\/users\/1"}],"replies":[{"embeddable":true,"href":"https:\/\/gamers-zone.de\/en\/wp-json\/wp\/v2\/comments?post=7086"}],"version-history":[{"count":0,"href":"https:\/\/gamers-zone.de\/en\/wp-json\/wp\/v2\/pages\/7086\/revisions"}],"wp:attachment":[{"href":"https:\/\/gamers-zone.de\/en\/wp-json\/wp\/v2\/media?parent=7086"}],"curies":[{"name":"wp","href":"https:\/\/api.w.org\/{rel}","templated":true}]}}