{"id":658,"date":"2022-03-16T18:57:27","date_gmt":"2022-03-16T18:57:27","guid":{"rendered":"https:\/\/gamers-zone.de\/?page_id=658"},"modified":"2025-07-25T13:15:39","modified_gmt":"2025-07-25T13:15:39","slug":"agb","status":"publish","type":"page","link":"https:\/\/gamers-zone.de\/en\/agb\/","title":{"rendered":"Terms"},"content":{"rendered":"<div data-elementor-type=\"wp-page\" data-elementor-id=\"658\" class=\"elementor elementor-658\">\n\t\t\t\t\t\t<section class=\"elementor-section elementor-top-section elementor-element elementor-element-459674d8 elementor-section-boxed elementor-section-height-default elementor-section-height-default\" data-id=\"459674d8\" data-element_type=\"section\" data-e-type=\"section\">\r\n\t\t\r\n\t\t\t\t\t\t\t<div class=\"elementor-container elementor-column-gap-default\">\r\n\t\t\t\t\t\t\t\t\t\t\t<div class=\"elementor-column elementor-col-100 elementor-top-column elementor-element elementor-element-1fc8aa3c\" data-id=\"1fc8aa3c\" data-element_type=\"column\" data-e-type=\"column\">\r\n\t\t\t\t\t<div class=\"elementor-widget-wrap elementor-element-populated\">\r\n\t\t\t\t\t\t\t\t<div class=\"elementor-element elementor-element-3a07f1f8 elementor-widget elementor-widget-text-editor\" data-id=\"3a07f1f8\" data-element_type=\"widget\" data-e-type=\"widget\" data-widget_type=\"text-editor.default\">\n\t\t\t\t<div class=\"elementor-widget-container\">\n\t\t\t\t\t\t\t\t\t<h5><span style=\"font-size: 12px;\">Allgemeine Gesch\u00e4ftsbedingungen der Firma GAMERS-ZONE<\/span><\/h5><h2 style=\"font-weight: bold; padding-bottom: 10px;\"><span style=\"font-size: 12px;\">\u00a71 Geltung gegen\u00fcber Unternehmern und Begriffsdefinitionen<\/span><\/h2><p><span style=\"font-size: 12px;\">(1) Die nachfolgenden Allgemeinen Gesch\u00e4ftsbedingungen gelten f\u00fcr alle Lieferungen zwischen uns und einem Verbraucher<\/span><br \/><span style=\"font-size: 12px;\">in ihrer zum Zeitpunkt der Bestellung g\u00fcltigen Fassung.<\/span><\/p><h5><span style=\"font-size: 12px;\">Verbraucher ist jede nat\u00fcrliche Person, die ein Rechtsgesch\u00e4ft zu Zwecken abschlie\u00dft, die \u00fcberwiegend weder<\/span><br \/><span style=\"font-size: 12px;\">ihrer gewerblichen noch ihrer selbst\u00e4ndigen beruflichen T\u00e4tigkeit zugerechnet werden k\u00f6nnen (\u00a7 13 BGB).<\/span><\/h5><h2 style=\"font-weight: bold; padding-bottom: 10px;\"><span style=\"font-size: 12px;\">\u00a72 Zustandekommen eines Vertrages, Speicherung des Vertragstextes<\/span><\/h2><h5><span style=\"font-size: 12px;\">(1) Die folgenden Regelungen \u00fcber den Vertragsabschluss gelten f\u00fcr Bestellungen \u00fcber unseren Internetshop https:\/\/gamers-zone.de\/ .<\/span><\/h5><h5><span style=\"font-size: 12px;\">(2) Im Falle des Vertragsschlusses kommt der Vertrag mit<\/span><\/h5><h6><span style=\"font-size: 12px;\">GAMERS-ZONE<\/span><br \/><span style=\"font-size: 12px;\">Ilja Dell<\/span><br \/><span style=\"font-size: 12px;\">Die\u00dfemerstr. 150<\/span><br \/><span style=\"font-size: 12px;\">D-47799 Krefeld<\/span><\/h6><h5><span style=\"font-size: 12px;\">zustande.<\/span><\/h5><h5><span style=\"font-size: 12px;\">(3) Die Pr\u00e4sentation der Waren in unserem Internetshop stellen kein rechtlich bindendes Vertragsangebot unsererseits dar,<\/span><br \/><span style=\"font-size: 12px;\">sondern sind nur eine unverbindliche Aufforderungen an den Verbraucher, Waren zu bestellen. Mit der Bestellung der gew\u00fcnschten Ware gibt der Verbraucher ein f\u00fcr<\/span><br \/><span style=\"font-size: 12px;\">ihn verbindliches Angebot auf Abschluss eines Kaufvertrages ab.<\/span><\/h5><h5><span style=\"font-size: 12px;\">(4) Bei Eingang einer Bestellung in unserem Internetshop gelten folgende Regelungen:<\/span><br \/><span style=\"font-size: 12px;\">Der Verbraucher gibt ein bindendes Vertragsangebot ab, indem er die in unserem Internetshop vorgesehene Bestellprozedur erfolgreich durchl\u00e4uft.<\/span><\/h5><h5><span style=\"font-size: 12px;\">Die Bestellung erfolgt in folgenden Schritten:<\/span><\/h5><p><span style=\"font-size: 12px;\">1) Auswahl der gew\u00fcnschten Ware<\/span><\/p><p><span style=\"font-size: 12px;\">2) Best\u00e4tigen durch Anklicken der Buttons \u201eIn den Warenkorb\u201c<\/span><\/p><p><span style=\"font-size: 12px;\">3) Pr\u00fcfung der Angaben im Warenkorb<\/span><\/p><p><span style=\"font-size: 12px;\">4) Bet\u00e4tigung des Buttons \u201ezur Kasse\u201c<\/span><\/p><p><span style=\"font-size: 12px;\">5) Anmeldung im Internetshop und Eingabe der Anmeldedaten (E-Mail-Adresse und Passwort).<\/span><\/p><p><span style=\"font-size: 12px;\">6) Eingabe Rechnungsempf\u00e4nger und Lieferadresse<\/span><\/p><p><span style=\"font-size: 12px;\">7) Nochmalige Pr\u00fcfung bzw. Berichtigung der jeweiligen eingegebenen Daten.<\/span><\/p><p><span style=\"font-size: 12px;\">8) Auswahl der Zahlungsart und Versandart bzw. Abholung<\/span><\/p><p><span style=\"font-size: 12px;\">9) Verbindliche Absendung der Bestellung durch Anklicken des Buttons \u201eJetzt kaufen\u201c<\/span><\/p><h5><span style=\"font-size: 12px;\">Der Verbraucher kann vor dem verbindlichen Absenden der Bestellung durch Bet\u00e4tigen der in dem von ihm verwendeten Internet-Browser enthaltenen \u201eZur\u00fcck\u201c-Taste nach<\/span><br \/><span style=\"font-size: 12px;\">Kontrolle seiner Angaben wieder zu der Internetseite gelangen, auf der die Angaben des Kunden erfasst werden und Eingabefehler berichtigen bzw. durch Schlie\u00dfen des<\/span><br \/><span style=\"font-size: 12px;\">Internetbrowsers den Bestellvorgang abbrechen.<\/span><br \/><span style=\"font-size: 12px;\">Wir best\u00e4tigen den Eingang der Bestellung unmittelbar durch eine automatisch generierte E-Mail (\u201eAuftragsbest\u00e4tigung\u201c). Mit dieser nehmen wir Ihr Angebot an.<\/span><\/h5><h5><span style=\"font-size: 12px;\">(5) Speicherung des Vertragstextes bei Bestellungen \u00fcber unseren Internetshop : Wir speichern den Vertragstext und senden Ihnen die Bestelldaten und unsere AGB per<\/span><br \/><span style=\"font-size: 12px;\">E-Mail zu. Die AGB k\u00f6nnen Sie jederzeit auch unter https:\/\/gamers-zone.de\/agb\/ einsehen.<\/span><\/h5><h5><span style=\"font-size: 12px;\">Ihre vergangenen Bestellungen k\u00f6nnen Sie in unserem Kunden-Bereich unter Mein Konto &#8211;&gt; Bestellungen einsehen.<\/span><\/h5><h2 style=\"font-weight: bold; padding-bottom: 10px;\"><span style=\"font-size: 12px;\">\u00a73 Preise, Versandkosten, Zahlung, F\u00e4lligkeit<\/span><\/h2><h5><span style=\"font-size: 12px;\">(1) Die angegebenen Preise enthalten die gesetzliche Umsatzsteuer und sonstige Preisbestandteile. Hinzu kommen etwaige Versandkosten.<\/span><\/h5><h5><span style=\"font-size: 12px;\">(2) Der Verbraucher hat die M\u00f6glichkeit der Zahlung per<\/span><\/h5><h5><span style=\"font-size: 12px;\">PayPal, Kreditkarte (Visa, Mastercard, American Express), Barzahlung.<\/span><\/h5><h2 style=\"font-weight: bold; padding-bottom: 10px;\"><span style=\"font-size: 12px;\">\u00a74 Lieferung<\/span><\/h2><h5><span style=\"font-size: 12px;\">(1) Sofern wir dies in der Produktbeschreibung nicht deutlich anders angegeben haben, sind alle von uns angebotenen Artikel sofort versandfertig.<\/span><br \/><span style=\"font-size: 12px;\">Die Lieferung erfolgt hier sp\u00e4testen innerhalb von 6 Werktagen.<\/span><br \/><span style=\"font-size: 12px;\">Dabei beginnt die Frist f\u00fcr die Lieferung im Falle der Zahlung per Vorkasse am Tag nach<\/span><br \/><span style=\"font-size: 12px;\">Zahlungsauftrag an die mit der \u00dcberweisung beauftragte Bank und bei allen anderen Zahlungsarten am Tag nach Vertragsschluss zu laufen.<\/span><br \/><span style=\"font-size: 12px;\">F\u00e4llt das Fristende auf einen Samstag, Sonntag oder gesetzlichen Feiertag am Lieferort, so endet die Frist am n\u00e4chsten Werktag.<\/span><\/h5><h5><span style=\"font-size: 12px;\">(2) Die Gefahr des zuf\u00e4lligen Untergangs und der zuf\u00e4lligen Verschlechterung der<\/span><br \/><span style=\"font-size: 12px;\">verkauften Sache geht auch beim Versendungskauf erst mit der \u00dcbergabe der Sache an den K\u00e4ufer auf diesen \u00fcber.<\/span><\/h5><h2 style=\"font-weight: bold; padding-bottom: 10px;\"><span style=\"font-size: 12px;\">\u00a75 Eigentumsvorbehalt<\/span><\/h2><h5><span style=\"font-size: 12px;\">Wir behalten uns das Eigentum an der Ware bis zur vollst\u00e4ndigen Bezahlung des Kaufpreises vor.<\/span><\/h5><h5><span style=\"font-size: 12px;\">****************************************************************************************************<\/span><\/h5><h2 style=\"font-weight: bold; padding-bottom: 10px;\"><span style=\"font-size: 12px;\">\u00a76 Widerrufsrecht des Kunden als Verbraucher:<\/span><\/h2><h5 style=\"font-weight: bold; padding-bottom: 10px;\"><span style=\"font-size: 12px;\">Widerrufsrecht f\u00fcr Verbraucher<\/span><\/h5><h5><span style=\"font-size: 12px;\">Verbrauchern steht ein Widerrufsrecht nach folgender Ma\u00dfgabe zu, wobei Verbraucher jede nat\u00fcrliche Person ist, die ein Rechtsgesch\u00e4ft zu Zwecken abschlie\u00dft,<\/span><br \/><span style=\"font-size: 12px;\">die \u00fcberwiegend weder ihrer gewerblichen noch ihrer selbst\u00e4ndigen beruflichen T\u00e4tigkeit zugerechnet werden k\u00f6nnen:<\/span><\/h5><h5>\u00a0<\/h5><h5><strong><span style=\"font-size: 12px;\">Widerrufsbelehrung<\/span><\/strong><\/h5><h5><strong><span style=\"font-size: 12px;\">Widerrufsrecht<\/span><\/strong><\/h5><h5><span style=\"font-size: 12px;\">Sie haben das Recht, binnen vierzehn Tagen ohne Angabe von Gr\u00fcnden diesen Vertrag zu widerrufen.<\/span><\/h5><h5><span style=\"font-size: 12px;\">Die Widerrufsfrist betr\u00e4gt vierzehn Tage, ab dem Tag, an dem Sie oder ein von Ihnen benannter Dritter,<\/span><br \/><span style=\"font-size: 12px;\">der nicht der Bef\u00f6rderer ist, die Waren in Besitz genommen haben bzw. hat.<\/span><\/h5><h5><span style=\"font-size: 12px;\">Um Ihr Widerrufsrecht auszu\u00fcben, m\u00fcssen Sie uns<\/span><\/h5><h6 style=\"margin-left: 20px; margin-top: 5px; margin-bottom: 5px;\">GAMERS-ZONE<br \/>Ilja Dell<br \/>Die\u00dfemerstr. 150<br \/>D-47799 Krefeld<br \/>E-Mail webmaster@gamers-zone.de<\/h6><h5><span style=\"font-size: 12px;\">mittels einer eindeutigen Erkl\u00e4rung (z.B. ein mit der Post versandter Brief, Telefax oder E-Mail) \u00fcber Ihren Entschluss,<\/span><br \/><span style=\"font-size: 12px;\">diesen Vertrag zu widerrufen, informieren. Sie k\u00f6nnen daf\u00fcr das beigef\u00fcgte Muster-Widerrufsformular verwenden, das jedoch nicht vorgeschrieben ist.<\/span><\/h5><h5><strong><span style=\"font-size: 12px;\">Widerrufsfolgen<\/span><\/strong><\/h5><h5><span style=\"font-size: 12px;\">Wenn Sie diesen Vertrag widerrufen, haben wir Ihnen alle Zahlungen, die wir von Ihnen erhalten haben, einschlie\u00dflich der<\/span><br \/><span style=\"font-size: 12px;\">Lieferkosten (mit Ausnahme der zus\u00e4tzlichen Kosten, die sich daraus ergeben, dass Sie eine andere Art der Lieferung als<\/span><br \/><span style=\"font-size: 12px;\">die von uns angebotene, g\u00fcnstigste Standardlieferung gew\u00e4hlt haben), unverz\u00fcglich und sp\u00e4testens binnen vierzehn Tagen<\/span><br \/><span style=\"font-size: 12px;\">ab dem Tag zur\u00fcckzuzahlen, an dem die Mitteilung \u00fcber Ihren Widerruf dieses Vertrags bei uns eingegangen ist.<\/span><br \/><span style=\"font-size: 12px;\">F\u00fcr diese R\u00fcckzahlung verwenden wir dasselbe Zahlungsmittel, das Sie bei der urspr\u00fcnglichen Transaktion eingesetzt haben,<\/span><br \/><span style=\"font-size: 12px;\">es sei denn, mit Ihnen wurde ausdr\u00fccklich etwas anderes vereinbart; in keinem Fall werden Ihnen wegen dieser R\u00fcckzahlung Entgelte berechnet.<\/span><\/h5><h5><span style=\"font-size: 12px;\">Wir k\u00f6nnen die R\u00fcckzahlung verweigern, bis wir die Waren wieder zur\u00fcckerhalten haben oder bis Sie den Nachweis erbracht haben,<\/span><br \/><span style=\"font-size: 12px;\">dass Sie die Waren zur\u00fcckgesandt haben, je nachdem, welches der fr\u00fchere Zeitpunkt ist.<\/span><\/h5><h5><span style=\"font-size: 12px;\">Sie haben die Waren unverz\u00fcglich und in jedem Fall sp\u00e4testens binnen vierzehn Tagen ab dem Tag, an dem Sie uns \u00fcber den<\/span><br \/><span style=\"font-size: 12px;\">Widerruf dieses Vertrages unterrichten, an uns zur\u00fcckzusenden oder zu \u00fcbergeben. Die Frist ist gewahrt,<\/span><br \/><span style=\"font-size: 12px;\">wenn Sie die Waren vor Ablauf der Frist von vierzehn Tagen absenden.<\/span><\/h5><h5><span style=\"font-size: 12px;\">Sie tragen die unmittelbaren Kosten der R\u00fccksendung der Waren.<\/span><\/h5><h5><span style=\"font-size: 12px;\">Ende der Widerrufsbelehrung<\/span><\/h5><p>****************************************************************************************************<\/p><h2 style=\"font-weight: bold; padding-bottom: 10px;\"><span style=\"font-size: 12px;\">\u00a77 Widerrufsformular<\/span><\/h2><h5 style=\"text-align: center; font-weight: bold;\"><span style=\"font-size: 12px;\">Muster-Widerrufsformular<\/span><\/h5><h5><span style=\"font-size: 12px;\">(Wenn Sie den Vertrag widerrufen wollen, dann f\u00fcllen Sie bitte dieses Formular aus und senden Sie es zur\u00fcck.)<\/span><\/h5><h6 style=\"border: 1px solid #000000; padding: 10px;\"><span style=\"font-size: 12px;\">An :<\/span><br \/><span style=\"font-size: 12px;\">GAMERS-ZONE<\/span><br \/><span style=\"font-size: 12px;\">Ilja Dell<\/span><br \/><span style=\"font-size: 12px;\">Die\u00dfemerstr. 150<\/span><br \/><span style=\"font-size: 12px;\">D-47799 Krefeld<\/span><br \/><span style=\"font-size: 12px;\">E-Mail webmaster@gamers-zone.de<\/span><\/h6><p><span style=\"font-size: 12px;\">Hiermit widerrufe(n) ich\/wir (*) den von mir\/uns (*) abgeschlossenen Vertrag \u00fcber den Kauf der folgenden Waren (*)\/die Erbringung der folgenden Dienstleistung (*)<\/span><\/p><p><span style=\"font-size: 12px;\">_____________________________________________________<\/span><\/p><p><span style=\"font-size: 12px;\">Bestellt am (*)\/erhalten am (*)<\/span><\/p><p><span style=\"font-size: 12px;\">__________________<\/span><\/p><p><span style=\"font-size: 12px;\">Name des\/der Verbraucher(s)<\/span><\/p><p><span style=\"font-size: 12px;\">_____________________________________________________<\/span><\/p><p><span style=\"font-size: 12px;\">Anschrift des\/der Verbraucher(s)<\/span><\/p><p><span style=\"font-size: 12px;\">_____________________________________________________<\/span><\/p><p><span style=\"font-size: 12px;\">Unterschrift des\/der Verbraucher(s) (nur bei Mitteilung auf Papier)<\/span><\/p><p><span style=\"font-size: 12px;\">__________________<\/span><\/p><p><span style=\"font-size: 12px;\">Datum<\/span><\/p><p><span style=\"font-size: 12px;\">__________________<\/span><\/p><h5><span style=\"font-size: 12px;\">(*) Unzutreffendes streichen.<\/span><\/h5><h2><span style=\"font-size: 12px;\">\u00a78 Gew\u00e4hrleistung<\/span><\/h2><h5><span style=\"font-size: 12px;\">Es gelten die gesetzlichen Gew\u00e4hrleistungsregelungen.<\/span><\/h5><h2><span style=\"font-size: 12px;\">\u00a79 Vertragssprache<\/span><\/h2><h5><span style=\"font-size: 12px;\">Als Vertragssprache steht ausschlie\u00dflich Deutsch zur Verf\u00fcgung.<\/span><br \/><span style=\"font-size: 12px;\">****************************************************************************************************<\/span><\/h5><h2><span style=\"font-size: 12px;\">\u00a710 Kundendienst<\/span><\/h2><h5><span style=\"font-size: 12px;\">Unser Kundendienst f\u00fcr Fragen, Reklamationen und Beanstandungen steht Ihnen werktags von<\/span><\/h5><h5><span style=\"font-size: 12px;\">8:00 Uhr bis<br \/>17:00 Uhr unter<\/span><\/h5><h5><span style=\"font-size: 12px;\">Telefon: +49 (0) 2151 3524404<\/span><br \/><span style=\"font-size: 12px;\">E-Mail: webmaster@gamers-zone.de<\/span><\/h5><h5><span style=\"font-size: 12px;\">zur Verf\u00fcgung.<\/span><\/h5><h5><span style=\"font-size: 12px;\">****************************************************************************************************<\/span><\/h5><h5><span style=\"font-size: 12px;\"><i><a href=\"http:\/\/www.agb.de\">Gratis AGB<\/a> erstellt von agb.de<\/i><\/span><\/h5>\t\t\t\t\t\t\t\t<\/div>\n\t\t\t\t<\/div>\n\t\t\t\t\t<\/div>\r\n\t\t\t\t<\/div>\r\n\t\t\t\t\t<\/div>\r\n\t\t\t\t<\/section>\r\n\t\t\t\t<\/div>","protected":false},"excerpt":{"rendered":"<p>Allgemeine Gesch\u00e4ftsbedingungen der Firma GAMERS-ZONE \u00a71 Geltung gegen\u00fcber Unternehmern und Begriffsdefinitionen (1) Die nachfolgenden Allgemeinen Gesch\u00e4ftsbedingungen gelten f\u00fcr alle Lieferungen zwischen uns und einem Verbraucherin ihrer zum Zeitpunkt der Bestellung g\u00fcltigen Fassung. Verbraucher ist jede nat\u00fcrliche Person, die ein Rechtsgesch\u00e4ft zu Zwecken abschlie\u00dft, die \u00fcberwiegend wederihrer gewerblichen noch ihrer selbst\u00e4ndigen beruflichen T\u00e4tigkeit zugerechnet werden k\u00f6nnen [&hellip;]<\/p>\n","protected":false},"author":1,"featured_media":0,"parent":0,"menu_order":0,"comment_status":"closed","ping_status":"closed","template":"","meta":{"iawp_total_views":66,"footnotes":""},"class_list":["post-658","page","type-page","status-publish","hentry"],"_links":{"self":[{"href":"https:\/\/gamers-zone.de\/en\/wp-json\/wp\/v2\/pages\/658","targetHints":{"allow":["GET"]}}],"collection":[{"href":"https:\/\/gamers-zone.de\/en\/wp-json\/wp\/v2\/pages"}],"about":[{"href":"https:\/\/gamers-zone.de\/en\/wp-json\/wp\/v2\/types\/page"}],"author":[{"embeddable":true,"href":"https:\/\/gamers-zone.de\/en\/wp-json\/wp\/v2\/users\/1"}],"replies":[{"embeddable":true,"href":"https:\/\/gamers-zone.de\/en\/wp-json\/wp\/v2\/comments?post=658"}],"version-history":[{"count":0,"href":"https:\/\/gamers-zone.de\/en\/wp-json\/wp\/v2\/pages\/658\/revisions"}],"wp:attachment":[{"href":"https:\/\/gamers-zone.de\/en\/wp-json\/wp\/v2\/media?parent=658"}],"curies":[{"name":"wp","href":"https:\/\/api.w.org\/{rel}","templated":true}]}}